{"id":67281,"date":"2025-06-17T11:49:38","date_gmt":"2025-06-17T04:49:38","guid":{"rendered":"https:\/\/3d-smartsolutions.com\/san-pham\/fuse-depowdering-kit-sifter-300-sieve\/"},"modified":"2025-09-17T13:24:56","modified_gmt":"2025-09-17T06:24:56","slug":"fuse-depowdering-kit-sifter-300-sieve","status":"publish","type":"product","link":"https:\/\/3d-smartsolutions.com\/en\/fuse-depowdering-kit-sifter-300-sieve\/","title":{"rendered":"Fuse Depowdering Kit Sifter: 300 Sieve"},"content":{"rendered":"<p>S\u00e0ng l\u1ecdc 300 micron l\u00e0 m\u1ed9t ph\u1ee5 ki\u1ec7n thay th\u1ebf v\u00e0 n\u00e2ng c\u1ea5p cho b\u1ed9 d\u1ee5ng c\u1ee5 g\u1ee1 b\u1ed9t th\u1ee7 c\u00f4ng c\u1ee7a Formlabs. V\u1edbi k\u00edch th\u01b0\u1edbc l\u1ed7 s\u00e0ng 300 micron, n\u00f3 chuy\u00ean d\u1ee5ng \u0111\u1ec3 l\u1ecdc v\u00e0 thu h\u1ed3i b\u1ed9t Nylon 11 CF Powder. Ph\u1ee5 ki\u1ec7n n\u00e0y \u0111\u1ea3m b\u1ea3o b\u1ed9t t\u00e1i s\u1eed d\u1ee5ng \u0111\u01b0\u1ee3c l\u00e0m s\u1ea1ch hi\u1ec7u qu\u1ea3 kh\u1ecfi c\u00e1c m\u1ea3nh v\u1ee5n l\u1edbn, gi\u00fap duy tr\u00ec ch\u1ea5t l\u01b0\u1ee3ng v\u1eadt li\u1ec7u cho c\u00e1c l\u1ea7n in ti\u1ebfp theo v\u00e0 t\u1ed1i \u01b0u h\u00f3a quy tr\u00ecnh l\u00e0m vi\u1ec7c cho c\u00e1c v\u1eadt li\u1ec7u chuy\u00ean d\u1ee5ng.<\/p>\n","protected":false},"excerpt":{"rendered":"<p>S\u00e0ng l\u1ecdc 300 micron l\u00e0 m\u1ed9t ph\u1ee5 ki\u1ec7n thay th\u1ebf v\u00e0 n\u00e2ng c\u1ea5p cho b\u1ed9 d\u1ee5ng c\u1ee5 g\u1ee1 b\u1ed9t th\u1ee7 c\u00f4ng c\u1ee7a Formlabs. V\u1edbi k\u00edch th\u01b0\u1edbc l\u1ed7 s\u00e0ng 300 micron, n\u00f3 chuy\u00ean d\u1ee5ng \u0111\u1ec3 l\u1ecdc v\u00e0 thu h\u1ed3i b\u1ed9t Nylon 11 CF Powder.<\/p>\n<p>Ph\u1ee5 ki\u1ec7n n\u00e0y \u0111\u1ea3m b\u1ea3o b\u1ed9t t\u00e1i s\u1eed d\u1ee5ng \u0111\u01b0\u1ee3c l\u00e0m s\u1ea1ch hi\u1ec7u qu\u1ea3 kh\u1ecfi c\u00e1c m\u1ea3nh v\u1ee5n l\u1edbn, gi\u00fap duy tr\u00ec ch\u1ea5t l\u01b0\u1ee3ng v\u1eadt li\u1ec7u cho c\u00e1c l\u1ea7n in ti\u1ebfp theo v\u00e0 t\u1ed1i \u01b0u h\u00f3a quy tr\u00ecnh l\u00e0m vi\u1ec7c cho c\u00e1c v\u1eadt li\u1ec7u chuy\u00ean d\u1ee5ng.<\/p>\n","protected":false},"featured_media":67157,"template":"","meta":{"_acf_changed":false},"product_brand":[1140],"product_cat":[860],"product_tag":[],"class_list":{"0":"post-67281","1":"product","2":"type-product","3":"status-publish","4":"has-post-thumbnail","6":"product_brand-formlabs-en","7":"product_cat-accesssories","9":"first","10":"instock","11":"taxable","12":"shipping-taxable","13":"purchasable","14":"product-type-simple"},"acf":[],"_links":{"self":[{"href":"https:\/\/3d-smartsolutions.com\/en\/wp-json\/wp\/v2\/product\/67281","targetHints":{"allow":["GET"]}}],"collection":[{"href":"https:\/\/3d-smartsolutions.com\/en\/wp-json\/wp\/v2\/product"}],"about":[{"href":"https:\/\/3d-smartsolutions.com\/en\/wp-json\/wp\/v2\/types\/product"}],"wp:featuredmedia":[{"embeddable":true,"href":"https:\/\/3d-smartsolutions.com\/en\/wp-json\/wp\/v2\/media\/67157"}],"wp:attachment":[{"href":"https:\/\/3d-smartsolutions.com\/en\/wp-json\/wp\/v2\/media?parent=67281"}],"wp:term":[{"taxonomy":"product_brand","embeddable":true,"href":"https:\/\/3d-smartsolutions.com\/en\/wp-json\/wp\/v2\/product_brand?post=67281"},{"taxonomy":"product_cat","embeddable":true,"href":"https:\/\/3d-smartsolutions.com\/en\/wp-json\/wp\/v2\/product_cat?post=67281"},{"taxonomy":"product_tag","embeddable":true,"href":"https:\/\/3d-smartsolutions.com\/en\/wp-json\/wp\/v2\/product_tag?post=67281"}],"curies":[{"name":"wp","href":"https:\/\/api.w.org\/{rel}","templated":true}]}}