{"id":67285,"date":"2025-06-17T11:49:38","date_gmt":"2025-06-17T04:49:38","guid":{"rendered":"https:\/\/3d-smartsolutions.com\/san-pham\/fuse-series-powder-cartridge\/"},"modified":"2025-09-04T17:25:48","modified_gmt":"2025-09-04T10:25:48","slug":"fuse-series-powder-cartridge","status":"publish","type":"product","link":"https:\/\/3d-smartsolutions.com\/en\/fuse-series-powder-cartridge\/","title":{"rendered":"Fuse Series Powder Cartridge"},"content":{"rendered":"<p>Fuse 1 Powder Cartridge l\u00e0 b\u00ecnh ch\u1ee9a b\u1ed9t chuy\u00ean d\u1ee5ng, \u0111\u00f3ng vai tr\u00f2 trung t\u00e2m trong h\u1ec7 sinh th\u00e1i in 3D SLS c\u1ee7a Formlabs. N\u00f3 cho ph\u00e9p n\u1ea1p b\u1ed9t v\u00e0o m\u00e1y in Fuse 1 m\u1ed9t c\u00e1ch nhanh ch\u00f3ng, s\u1ea1ch s\u1ebd v\u00e0 kh\u00f4ng b\u1ecb gi\u00e1n \u0111o\u1ea1n. \u0110\u1ed3ng th\u1eddi, h\u1ed9p b\u1ed9t c\u00f2n l\u00e0 c\u00f4ng c\u1ee5 l\u00fd t\u01b0\u1edfng \u0111\u1ec3 tr\u1ed9n b\u1ed9t m\u1edbi v\u00e0 b\u1ed9t t\u00e1i ch\u1ebf t\u1ea1i m\u00e1y Fuse Sift, gi\u00fap b\u1ea1n ti\u1ebft ki\u1ec7m chi ph\u00ed v\u00e0 t\u1ed1i \u01b0u h\u00f3a quy tr\u00ecnh l\u00e0m vi\u1ec7c.<\/p>\n","protected":false},"excerpt":{"rendered":"<p>Fuse 1 Powder Cartridge l\u00e0 b\u00ecnh ch\u1ee9a b\u1ed9t chuy\u00ean d\u1ee5ng, \u0111\u00f3ng vai tr\u00f2 trung t\u00e2m trong h\u1ec7 sinh th\u00e1i in 3D SLS c\u1ee7a Formlabs. N\u00f3 cho ph\u00e9p n\u1ea1p b\u1ed9t v\u00e0o m\u00e1y in Fuse 1 m\u1ed9t c\u00e1ch nhanh ch\u00f3ng, s\u1ea1ch s\u1ebd v\u00e0 kh\u00f4ng b\u1ecb gi\u00e1n \u0111o\u1ea1n. \u0110\u1ed3ng th\u1eddi, h\u1ed9p b\u1ed9t c\u00f2n l\u00e0 c\u00f4ng c\u1ee5 l\u00fd t\u01b0\u1edfng \u0111\u1ec3 tr\u1ed9n b\u1ed9t m\u1edbi v\u00e0 b\u1ed9t t\u00e1i ch\u1ebf t\u1ea1i m\u00e1y Fuse Sift, gi\u00fap b\u1ea1n ti\u1ebft ki\u1ec7m chi ph\u00ed v\u00e0 t\u1ed1i \u01b0u h\u00f3a quy tr\u00ecnh l\u00e0m vi\u1ec7c.<\/p>\n","protected":false},"featured_media":67145,"template":"","meta":{"_acf_changed":false},"product_brand":[1140],"product_cat":[860],"product_tag":[],"class_list":{"0":"post-67285","1":"product","2":"type-product","3":"status-publish","4":"has-post-thumbnail","6":"product_brand-formlabs-en","7":"product_cat-accesssories","9":"first","10":"instock","11":"taxable","12":"shipping-taxable","13":"purchasable","14":"product-type-simple"},"acf":[],"_links":{"self":[{"href":"https:\/\/3d-smartsolutions.com\/en\/wp-json\/wp\/v2\/product\/67285","targetHints":{"allow":["GET"]}}],"collection":[{"href":"https:\/\/3d-smartsolutions.com\/en\/wp-json\/wp\/v2\/product"}],"about":[{"href":"https:\/\/3d-smartsolutions.com\/en\/wp-json\/wp\/v2\/types\/product"}],"wp:featuredmedia":[{"embeddable":true,"href":"https:\/\/3d-smartsolutions.com\/en\/wp-json\/wp\/v2\/media\/67145"}],"wp:attachment":[{"href":"https:\/\/3d-smartsolutions.com\/en\/wp-json\/wp\/v2\/media?parent=67285"}],"wp:term":[{"taxonomy":"product_brand","embeddable":true,"href":"https:\/\/3d-smartsolutions.com\/en\/wp-json\/wp\/v2\/product_brand?post=67285"},{"taxonomy":"product_cat","embeddable":true,"href":"https:\/\/3d-smartsolutions.com\/en\/wp-json\/wp\/v2\/product_cat?post=67285"},{"taxonomy":"product_tag","embeddable":true,"href":"https:\/\/3d-smartsolutions.com\/en\/wp-json\/wp\/v2\/product_tag?post=67285"}],"curies":[{"name":"wp","href":"https:\/\/api.w.org\/{rel}","templated":true}]}}