{"id":67286,"date":"2025-06-17T11:49:38","date_gmt":"2025-06-17T04:49:38","guid":{"rendered":"https:\/\/3d-smartsolutions.com\/san-pham\/formlabs-form-wash-bucket\/"},"modified":"2025-09-25T11:07:46","modified_gmt":"2025-09-25T04:07:46","slug":"formlabs-form-wash-bucket","status":"publish","type":"product","link":"https:\/\/3d-smartsolutions.com\/en\/formlabs-form-wash-bucket\/","title":{"rendered":"Form Wash Bucket"},"content":{"rendered":"<p>Form Wash Bucket l\u00e0 m\u1ed9t b\u1ed9 ph\u1eadn thi\u1ebft y\u1ebfu cho m\u00e1y r\u1eeda m\u1eabu t\u1ef1 \u0111\u1ed9ng Form Wash c\u1ee7a Formlabs. \u0110\u01b0\u1ee3c thi\u1ebft k\u1ebf \u0111\u1ec3 ch\u1ee9a dung m\u00f4i r\u1eeda nh\u01b0 Isopropyl Alcohol (IPA) ho\u1eb7c Tripropylene glycol monomethyl ether (TPM), chi\u1ebfc th\u00f9ng n\u00e0y \u0111\u00f3ng vai tr\u00f2 trung t\u00e2m trong giai \u0111o\u1ea1n h\u1eadu x\u1eed l\u00fd, gi\u00fap l\u00e0m s\u1ea1ch ho\u00e0n to\u00e0n nh\u1ef1a th\u1eeba c\u00f2n s\u00f3t l\u1ea1i tr\u00ean b\u1ec1 m\u1eb7t c\u00e1c chi ti\u1ebft in 3D SLA.<\/p>\n","protected":false},"excerpt":{"rendered":"<p>Form Wash Bucket l\u00e0 m\u1ed9t b\u1ed9 ph\u1eadn thi\u1ebft y\u1ebfu cho m\u00e1y r\u1eeda m\u1eabu t\u1ef1 \u0111\u1ed9ng Form Wash c\u1ee7a Formlabs. \u0110\u01b0\u1ee3c thi\u1ebft k\u1ebf \u0111\u1ec3 ch\u1ee9a dung m\u00f4i r\u1eeda nh\u01b0 Isopropyl Alcohol (IPA) ho\u1eb7c Tripropylene glycol monomethyl ether (TPM), chi\u1ebfc th\u00f9ng n\u00e0y \u0111\u00f3ng vai tr\u00f2 trung t\u00e2m trong giai \u0111o\u1ea1n h\u1eadu x\u1eed l\u00fd, gi\u00fap l\u00e0m s\u1ea1ch ho\u00e0n to\u00e0n nh\u1ef1a th\u1eeba c\u00f2n s\u00f3t l\u1ea1i tr\u00ean b\u1ec1 m\u1eb7t c\u00e1c chi ti\u1ebft in 3D SLA.<\/p>\n","protected":false},"featured_media":67142,"template":"","meta":{"_acf_changed":false},"product_brand":[1140],"product_cat":[860],"product_tag":[],"class_list":{"0":"post-67286","1":"product","2":"type-product","3":"status-publish","4":"has-post-thumbnail","6":"product_brand-formlabs-en","7":"product_cat-accesssories","9":"first","10":"instock","11":"taxable","12":"shipping-taxable","13":"product-type-simple"},"acf":[],"_links":{"self":[{"href":"https:\/\/3d-smartsolutions.com\/en\/wp-json\/wp\/v2\/product\/67286","targetHints":{"allow":["GET"]}}],"collection":[{"href":"https:\/\/3d-smartsolutions.com\/en\/wp-json\/wp\/v2\/product"}],"about":[{"href":"https:\/\/3d-smartsolutions.com\/en\/wp-json\/wp\/v2\/types\/product"}],"wp:featuredmedia":[{"embeddable":true,"href":"https:\/\/3d-smartsolutions.com\/en\/wp-json\/wp\/v2\/media\/67142"}],"wp:attachment":[{"href":"https:\/\/3d-smartsolutions.com\/en\/wp-json\/wp\/v2\/media?parent=67286"}],"wp:term":[{"taxonomy":"product_brand","embeddable":true,"href":"https:\/\/3d-smartsolutions.com\/en\/wp-json\/wp\/v2\/product_brand?post=67286"},{"taxonomy":"product_cat","embeddable":true,"href":"https:\/\/3d-smartsolutions.com\/en\/wp-json\/wp\/v2\/product_cat?post=67286"},{"taxonomy":"product_tag","embeddable":true,"href":"https:\/\/3d-smartsolutions.com\/en\/wp-json\/wp\/v2\/product_tag?post=67286"}],"curies":[{"name":"wp","href":"https:\/\/api.w.org\/{rel}","templated":true}]}}