{"id":67287,"date":"2025-06-17T11:48:23","date_gmt":"2025-06-17T04:48:23","guid":{"rendered":"https:\/\/3d-smartsolutions.com\/san-pham\/formlabs-fast-cure\/"},"modified":"2025-08-07T11:10:36","modified_gmt":"2025-08-07T04:10:36","slug":"formlabs-fast-cure","status":"publish","type":"product","link":"https:\/\/3d-smartsolutions.com\/en\/formlabs-fast-cure\/","title":{"rendered":"Formlabs Fast Cure"},"content":{"rendered":"<p>Formlabs Fast Cure l\u00e0 thi\u1ebft b\u1ecb s\u1ea5y m\u1eabu sau in hi\u1ec7u su\u1ea5t cao, \u0111\u01b0\u1ee3c thi\u1ebft k\u1ebf \u0111\u1ec3 gi\u1ea3m \u0111\u00e1ng k\u1ec3 th\u1eddi gian h\u1eadu x\u1eed l\u00fd v\u00e0 ho\u00e0n thi\u1ec7n quy tr\u00ecnh in 3D si\u00eau t\u1ed1c c\u1ee7a h\u1ec7 sinh th\u00e1i Form 4.<\/p>\n<p> Nh\u1edd s\u1ef1 k\u1ebft h\u1ee3p gi\u1eefa h\u1ec7 th\u1ed1ng \u0111\u00e8n LED UV c\u01b0\u1eddng \u0111\u1ed9 cao v\u00e0 m\u00f4-\u0111un gia nhi\u1ec7t \u0111\u1ed1i l\u01b0u, Fast Cure c\u00f3 th\u1ec3 b\u1ea3o d\u01b0\u1ee1ng ho\u00e0n to\u00e0n c\u00e1c chi ti\u1ebft ch\u1ec9 trong v\u00f2ng 5 ph\u00fat\u2014nhanh h\u01a1n t\u1edbi 90% so v\u1edbi Form Cure th\u1ebf h\u1ec7 tr\u01b0\u1edbc. Thi\u1ebft b\u1ecb c\u00f3 c\u00e1c ch\u1ebf \u0111\u1ed9 \u0111\u01b0\u1ee3c t\u1ed1i \u01b0u h\u00f3a s\u1eb5n cho t\u1eebng lo\u1ea1i nh\u1ef1a Formlabs, \u0111\u1ea3m b\u1ea3o m\u1ecdi s\u1ea3n ph\u1ea9m sau khi h\u1ea5p \u0111\u1ec1u \u0111\u1ea1t \u0111\u01b0\u1ee3c c\u00e1c \u0111\u1eb7c t\u00ednh c\u01a1 h\u1ecdc cao nh\u1ea5t.<\/p>\n<p> \u0110\u00e2y l\u00e0 gi\u1ea3i ph\u00e1p l\u00fd t\u01b0\u1edfng cho nh\u1eefng ng\u01b0\u1eddi d\u00f9ng c\u1ea7n nhanh ch\u00f3ng bi\u1ebfn c\u00e1c b\u1ea3n in th\u00e0nh s\u1ea3n ph\u1ea9m ch\u1ee9c n\u0103ng, s\u1eb5n s\u00e0ng s\u1eed d\u1ee5ng trong th\u1eddi gian ng\u1eafn nh\u1ea5t.<\/p>\n","protected":false},"excerpt":{"rendered":"<p>Formlabs Fast Cure l\u00e0 thi\u1ebft b\u1ecb s\u1ea5y m\u1eabu sau in hi\u1ec7u su\u1ea5t cao, \u0111\u01b0\u1ee3c thi\u1ebft k\u1ebf \u0111\u1ec3 gi\u1ea3m \u0111\u00e1ng k\u1ec3 th\u1eddi gian h\u1eadu x\u1eed l\u00fd v\u00e0 ho\u00e0n thi\u1ec7n quy tr\u00ecnh in 3D si\u00eau t\u1ed1c c\u1ee7a h\u1ec7 sinh th\u00e1i Form 4.<\/p>\n<p> Nh\u1edd s\u1ef1 k\u1ebft h\u1ee3p gi\u1eefa h\u1ec7 th\u1ed1ng \u0111\u00e8n LED UV c\u01b0\u1eddng \u0111\u1ed9 cao v\u00e0 m\u00f4-\u0111un gia nhi\u1ec7t \u0111\u1ed1i l\u01b0u, Fast Cure c\u00f3 th\u1ec3 b\u1ea3o d\u01b0\u1ee1ng ho\u00e0n to\u00e0n c\u00e1c chi ti\u1ebft ch\u1ec9 trong v\u00f2ng 5 ph\u00fat\u2014nhanh h\u01a1n t\u1edbi 90% so v\u1edbi Form Cure th\u1ebf h\u1ec7 tr\u01b0\u1edbc. Thi\u1ebft b\u1ecb c\u00f3 c\u00e1c ch\u1ebf \u0111\u1ed9 \u0111\u01b0\u1ee3c t\u1ed1i \u01b0u h\u00f3a s\u1eb5n cho t\u1eebng lo\u1ea1i nh\u1ef1a Formlabs, \u0111\u1ea3m b\u1ea3o m\u1ecdi s\u1ea3n ph\u1ea9m sau khi h\u1ea5p \u0111\u1ec1u \u0111\u1ea1t \u0111\u01b0\u1ee3c c\u00e1c \u0111\u1eb7c t\u00ednh c\u01a1 h\u1ecdc cao nh\u1ea5t.<\/p>\n<p> \u0110\u00e2y l\u00e0 gi\u1ea3i ph\u00e1p l\u00fd t\u01b0\u1edfng cho nh\u1eefng ng\u01b0\u1eddi d\u00f9ng c\u1ea7n nhanh ch\u00f3ng bi\u1ebfn c\u00e1c b\u1ea3n in th\u00e0nh s\u1ea3n ph\u1ea9m ch\u1ee9c n\u0103ng, s\u1eb5n s\u00e0ng s\u1eed d\u1ee5ng trong th\u1eddi gian ng\u1eafn nh\u1ea5t.<\/p>\n","protected":false},"featured_media":67118,"template":"","meta":{"_acf_changed":false},"product_brand":[1140],"product_cat":[860],"product_tag":[],"class_list":{"0":"post-67287","1":"product","2":"type-product","3":"status-publish","4":"has-post-thumbnail","6":"product_brand-formlabs-en","7":"product_cat-accesssories","9":"first","10":"instock","11":"taxable","12":"shipping-taxable","13":"product-type-simple"},"acf":[],"_links":{"self":[{"href":"https:\/\/3d-smartsolutions.com\/en\/wp-json\/wp\/v2\/product\/67287","targetHints":{"allow":["GET"]}}],"collection":[{"href":"https:\/\/3d-smartsolutions.com\/en\/wp-json\/wp\/v2\/product"}],"about":[{"href":"https:\/\/3d-smartsolutions.com\/en\/wp-json\/wp\/v2\/types\/product"}],"wp:featuredmedia":[{"embeddable":true,"href":"https:\/\/3d-smartsolutions.com\/en\/wp-json\/wp\/v2\/media\/67118"}],"wp:attachment":[{"href":"https:\/\/3d-smartsolutions.com\/en\/wp-json\/wp\/v2\/media?parent=67287"}],"wp:term":[{"taxonomy":"product_brand","embeddable":true,"href":"https:\/\/3d-smartsolutions.com\/en\/wp-json\/wp\/v2\/product_brand?post=67287"},{"taxonomy":"product_cat","embeddable":true,"href":"https:\/\/3d-smartsolutions.com\/en\/wp-json\/wp\/v2\/product_cat?post=67287"},{"taxonomy":"product_tag","embeddable":true,"href":"https:\/\/3d-smartsolutions.com\/en\/wp-json\/wp\/v2\/product_tag?post=67287"}],"curies":[{"name":"wp","href":"https:\/\/api.w.org\/{rel}","templated":true}]}}