{"id":67290,"date":"2025-06-17T11:48:23","date_gmt":"2025-06-17T04:48:23","guid":{"rendered":"https:\/\/3d-smartsolutions.com\/san-pham\/form-3-stainless-steel-build-platform\/"},"modified":"2025-09-17T13:42:02","modified_gmt":"2025-09-17T06:42:02","slug":"form-3-stainless-steel-build-platform","status":"publish","type":"product","link":"https:\/\/3d-smartsolutions.com\/en\/form-3-stainless-steel-build-platform\/","title":{"rendered":"Form 3 Stainless Steel Build Platform"},"content":{"rendered":"<p>Form 3 Stainless Steel Build Platform l\u00e0 m\u1ed9t ph\u1ee5 ki\u1ec7n n\u00e2ng c\u1ea5p cao c\u1ea5p d\u00e0nh cho d\u00f2ng m\u00e1y in Form 3, \u0111\u01b0\u1ee3c thi\u1ebft k\u1ebf \u0111\u1ec3 mang l\u1ea1i \u0111\u1ed9 b\u1ec1n v\u01b0\u1ee3t tr\u1ed9i v\u00e0 hi\u1ec7u su\u1ea5t \u1ed5n \u0111\u1ecbnh trong th\u1eddi gian d\u00e0i. \u0110\u01b0\u1ee3c ch\u1ebf t\u1ea1o t\u1eeb th\u00e9p kh\u00f4ng g\u1ec9 ch\u1eafc ch\u1eafn, b\u00e0n in n\u00e0y c\u00f3 kh\u1ea3 n\u0103ng ch\u1ed1ng tr\u1ea7y x\u01b0\u1edbc v\u00e0 h\u01b0 h\u1ea1i t\u1eeb c\u00e1c d\u1ee5ng c\u1ee5 g\u1ee1 m\u1eabu t\u1ed1t h\u01a1n \u0111\u00e1ng k\u1ec3 so v\u1edbi b\u00e0n in nh\u00f4m ti\u00eau chu\u1ea9n. \u0110\u00e2y l\u00e0 l\u1ef1a ch\u1ecdn l\u00fd t\u01b0\u1edfng cho c\u00e1c m\u00f4i tr\u01b0\u1eddng s\u1ea3n xu\u1ea5t c\u00f3 t\u1ea7n su\u1ea5t ho\u1ea1t \u0111\u1ed9ng cao ho\u1eb7c c\u00e1c \u1ee9ng d\u1ee5ng y sinh \u0111\u00f2i h\u1ecfi s\u1ef1 c\u1ee9ng c\u00e1p, b\u1ec1 m\u1eb7t tr\u01a1 v\u00e0 \u0111\u1ed9 tin c\u1eady t\u1ed1i \u0111a t\u1eeb thi\u1ebft b\u1ecb.<\/p>\n","protected":false},"excerpt":{"rendered":"<p>Form 3 Stainless Steel Build Platform l\u00e0 m\u1ed9t ph\u1ee5 ki\u1ec7n n\u00e2ng c\u1ea5p cao c\u1ea5p d\u00e0nh cho d\u00f2ng m\u00e1y in Form 3, \u0111\u01b0\u1ee3c thi\u1ebft k\u1ebf \u0111\u1ec3 mang l\u1ea1i \u0111\u1ed9 b\u1ec1n v\u01b0\u1ee3t tr\u1ed9i v\u00e0 hi\u1ec7u su\u1ea5t \u1ed5n \u0111\u1ecbnh trong th\u1eddi gian d\u00e0i.<\/p>\n<p>\u0110\u01b0\u1ee3c ch\u1ebf t\u1ea1o t\u1eeb th\u00e9p kh\u00f4ng g\u1ec9 ch\u1eafc ch\u1eafn, b\u00e0n in n\u00e0y c\u00f3 kh\u1ea3 n\u0103ng ch\u1ed1ng tr\u1ea7y x\u01b0\u1edbc v\u00e0 h\u01b0 h\u1ea1i t\u1eeb c\u00e1c d\u1ee5ng c\u1ee5 g\u1ee1 m\u1eabu t\u1ed1t h\u01a1n \u0111\u00e1ng k\u1ec3 so v\u1edbi b\u00e0n in nh\u00f4m ti\u00eau chu\u1ea9n. \u0110\u00e2y l\u00e0 l\u1ef1a ch\u1ecdn l\u00fd t\u01b0\u1edfng cho c\u00e1c m\u00f4i tr\u01b0\u1eddng s\u1ea3n xu\u1ea5t c\u00f3 t\u1ea7n su\u1ea5t ho\u1ea1t \u0111\u1ed9ng cao ho\u1eb7c c\u00e1c \u1ee9ng d\u1ee5ng y sinh \u0111\u00f2i h\u1ecfi s\u1ef1 c\u1ee9ng c\u00e1p, b\u1ec1 m\u1eb7t tr\u01a1 v\u00e0 \u0111\u1ed9 tin c\u1eady t\u1ed1i \u0111a t\u1eeb thi\u1ebft b\u1ecb.<\/p>\n","protected":false},"featured_media":67109,"template":"","meta":{"_acf_changed":false},"product_brand":[1140],"product_cat":[860],"product_tag":[],"class_list":{"0":"post-67290","1":"product","2":"type-product","3":"status-publish","4":"has-post-thumbnail","6":"product_brand-formlabs-en","7":"product_cat-accesssories","9":"first","10":"instock","11":"taxable","12":"shipping-taxable","13":"purchasable","14":"product-type-simple"},"acf":[],"_links":{"self":[{"href":"https:\/\/3d-smartsolutions.com\/en\/wp-json\/wp\/v2\/product\/67290","targetHints":{"allow":["GET"]}}],"collection":[{"href":"https:\/\/3d-smartsolutions.com\/en\/wp-json\/wp\/v2\/product"}],"about":[{"href":"https:\/\/3d-smartsolutions.com\/en\/wp-json\/wp\/v2\/types\/product"}],"wp:featuredmedia":[{"embeddable":true,"href":"https:\/\/3d-smartsolutions.com\/en\/wp-json\/wp\/v2\/media\/67109"}],"wp:attachment":[{"href":"https:\/\/3d-smartsolutions.com\/en\/wp-json\/wp\/v2\/media?parent=67290"}],"wp:term":[{"taxonomy":"product_brand","embeddable":true,"href":"https:\/\/3d-smartsolutions.com\/en\/wp-json\/wp\/v2\/product_brand?post=67290"},{"taxonomy":"product_cat","embeddable":true,"href":"https:\/\/3d-smartsolutions.com\/en\/wp-json\/wp\/v2\/product_cat?post=67290"},{"taxonomy":"product_tag","embeddable":true,"href":"https:\/\/3d-smartsolutions.com\/en\/wp-json\/wp\/v2\/product_tag?post=67290"}],"curies":[{"name":"wp","href":"https:\/\/api.w.org\/{rel}","templated":true}]}}