{"id":67291,"date":"2025-06-17T11:48:23","date_gmt":"2025-06-17T04:48:23","guid":{"rendered":"https:\/\/3d-smartsolutions.com\/san-pham\/form-3l-build-platform-2\/"},"modified":"2025-09-25T11:06:11","modified_gmt":"2025-09-25T04:06:11","slug":"form-3l-build-platform-2","status":"publish","type":"product","link":"https:\/\/3d-smartsolutions.com\/en\/form-3l-build-platform-2\/","title":{"rendered":"Form 3L Build Platform 2"},"content":{"rendered":"<p>B\u00e0n In Form 3L Th\u1ebf H\u1ec7 2 l\u00e0 b\u1ea3n n\u00e2ng c\u1ea5p \u0111\u1ed9t ph\u00e1 cho m\u00e1y in 3D kh\u1ed5 l\u1edbn Form 3L v\u00e0 Form 3BL, \u0111\u01b0\u1ee3c t\u00edch h\u1ee3p C\u00f4ng ngh\u1ec7 Th\u00e1o M\u1eabu Nhanh (Quick Release Technology) \u0111\u1ed9c quy\u1ec1n c\u1ee7a Formlabs. V\u1edbi b\u1ec1 m\u1eb7t in b\u1eb1ng th\u00e9p kh\u00f4ng g\u1ec9 c\u00f3 kh\u1ea3 n\u0103ng u\u1ed1n d\u1ebbo, phi\u00ean b\u1ea3n n\u00e0y cho ph\u00e9p b\u1ea1n t\u00e1ch c\u00e1c chi ti\u1ebft, k\u1ec3 c\u1ea3 nh\u1eefng m\u1eabu l\u1edbn v\u00e0 ph\u1ee9c t\u1ea1p nh\u1ea5t, ra kh\u1ecfi b\u00e0n in ch\u1ec9 b\u1eb1ng m\u1ed9t thao t\u00e1c b\u1ebb cong \u0111\u01a1n gi\u1ea3n. N\u00f3 gi\u00fap lo\u1ea1i b\u1ecf ho\u00e0n to\u00e0n vi\u1ec7c d\u00f9ng d\u1ee5ng c\u1ee5 c\u1ea1y n\u1ea1o, gi\u1ea3m \u0111\u00e1ng k\u1ec3 th\u1eddi gian lao \u0111\u1ed9ng v\u00e0 gi\u1ea3m thi\u1ec3u t\u1ed1i \u0111a nguy c\u01a1 l\u00e0m h\u1ecfng s\u1ea3n ph\u1ea9m. \u0110\u00e2y l\u00e0 ph\u1ee5 ki\u1ec7n thi\u1ebft y\u1ebfu gi\u00fap t\u0103ng t\u1ed1c v\u00e0 \u0111\u01a1n gi\u1ea3n h\u00f3a quy tr\u00ecnh l\u00e0m vi\u1ec7c v\u1edbi m\u00e1y in 3D kh\u1ed5 l\u1edbn.<\/p>\n","protected":false},"excerpt":{"rendered":"<p>B\u00e0n In Form 3L Th\u1ebf H\u1ec7 2 l\u00e0 b\u1ea3n n\u00e2ng c\u1ea5p \u0111\u1ed9t ph\u00e1 cho m\u00e1y in 3D kh\u1ed5 l\u1edbn Form 3L v\u00e0 Form 3BL, \u0111\u01b0\u1ee3c t\u00edch h\u1ee3p C\u00f4ng ngh\u1ec7 Th\u00e1o M\u1eabu Nhanh (Quick Release Technology) \u0111\u1ed9c quy\u1ec1n c\u1ee7a Formlabs.<\/p>\n<p>V\u1edbi b\u1ec1 m\u1eb7t in b\u1eb1ng th\u00e9p kh\u00f4ng g\u1ec9 c\u00f3 kh\u1ea3 n\u0103ng u\u1ed1n d\u1ebbo, phi\u00ean b\u1ea3n n\u00e0y cho ph\u00e9p b\u1ea1n t\u00e1ch c\u00e1c chi ti\u1ebft, k\u1ec3 c\u1ea3 nh\u1eefng m\u1eabu l\u1edbn v\u00e0 ph\u1ee9c t\u1ea1p nh\u1ea5t, ra kh\u1ecfi b\u00e0n in ch\u1ec9 b\u1eb1ng m\u1ed9t thao t\u00e1c b\u1ebb cong \u0111\u01a1n gi\u1ea3n. N\u00f3 gi\u00fap lo\u1ea1i b\u1ecf ho\u00e0n to\u00e0n vi\u1ec7c d\u00f9ng d\u1ee5ng c\u1ee5 c\u1ea1y n\u1ea1o, gi\u1ea3m \u0111\u00e1ng k\u1ec3 th\u1eddi gian lao \u0111\u1ed9ng v\u00e0 gi\u1ea3m thi\u1ec3u t\u1ed1i \u0111a nguy c\u01a1 l\u00e0m h\u1ecfng s\u1ea3n ph\u1ea9m. \u0110\u00e2y l\u00e0 ph\u1ee5 ki\u1ec7n thi\u1ebft y\u1ebfu gi\u00fap t\u0103ng t\u1ed1c v\u00e0 \u0111\u01a1n gi\u1ea3n h\u00f3a quy tr\u00ecnh l\u00e0m vi\u1ec7c v\u1edbi m\u00e1y in 3D kh\u1ed5 l\u1edbn.<\/p>\n","protected":false},"featured_media":67115,"template":"","meta":{"_acf_changed":false},"product_brand":[1140],"product_cat":[860],"product_tag":[],"class_list":{"0":"post-67291","1":"product","2":"type-product","3":"status-publish","4":"has-post-thumbnail","6":"product_brand-formlabs-en","7":"product_cat-accesssories","9":"first","10":"instock","11":"taxable","12":"shipping-taxable","13":"purchasable","14":"product-type-simple"},"acf":[],"_links":{"self":[{"href":"https:\/\/3d-smartsolutions.com\/en\/wp-json\/wp\/v2\/product\/67291","targetHints":{"allow":["GET"]}}],"collection":[{"href":"https:\/\/3d-smartsolutions.com\/en\/wp-json\/wp\/v2\/product"}],"about":[{"href":"https:\/\/3d-smartsolutions.com\/en\/wp-json\/wp\/v2\/types\/product"}],"wp:featuredmedia":[{"embeddable":true,"href":"https:\/\/3d-smartsolutions.com\/en\/wp-json\/wp\/v2\/media\/67115"}],"wp:attachment":[{"href":"https:\/\/3d-smartsolutions.com\/en\/wp-json\/wp\/v2\/media?parent=67291"}],"wp:term":[{"taxonomy":"product_brand","embeddable":true,"href":"https:\/\/3d-smartsolutions.com\/en\/wp-json\/wp\/v2\/product_brand?post=67291"},{"taxonomy":"product_cat","embeddable":true,"href":"https:\/\/3d-smartsolutions.com\/en\/wp-json\/wp\/v2\/product_cat?post=67291"},{"taxonomy":"product_tag","embeddable":true,"href":"https:\/\/3d-smartsolutions.com\/en\/wp-json\/wp\/v2\/product_tag?post=67291"}],"curies":[{"name":"wp","href":"https:\/\/api.w.org\/{rel}","templated":true}]}}