{"id":67292,"date":"2025-06-17T11:48:23","date_gmt":"2025-06-17T04:48:23","guid":{"rendered":"https:\/\/3d-smartsolutions.com\/san-pham\/formlabs-form-auto\/"},"modified":"2025-09-06T11:58:50","modified_gmt":"2025-09-06T04:58:50","slug":"formlabs-form-auto","status":"publish","type":"product","link":"https:\/\/3d-smartsolutions.com\/en\/formlabs-form-auto\/","title":{"rendered":"Formlabs Form Auto"},"content":{"rendered":"<p>Formlabs Form Auto l\u00e0 m\u1ed9t thi\u1ebft b\u1ecb t\u1ef1 \u0111\u1ed9ng h\u00f3a chuy\u00ean d\u1ee5ng, \u0111\u01b0\u1ee3c thi\u1ebft k\u1ebf \u0111\u1ec3 bi\u1ebfn m\u00e1y in 3D Formlabs (nh\u01b0 Form 3\/+, Form 4) th\u00e0nh m\u1ed9t h\u1ec7 th\u1ed1ng s\u1ea3n xu\u1ea5t ho\u1ea1t \u0111\u1ed9ng li\u00ean t\u1ee5c 24\/7. Ph\u1ee5 ki\u1ec7n n\u00e0y t\u1ef1 \u0111\u1ed9ng h\u00f3a ho\u00e0n to\u00e0n b\u01b0\u1edbc g\u1ee1 m\u1eabu kh\u1ecfi b\u00e0n in. Sau khi m\u1ed9t l\u1ec7nh in ho\u00e0n t\u1ea5t, Form Auto s\u1ebd s\u1eed d\u1ee5ng c\u00f4ng ngh\u1ec7 Quick Release Technology c\u1ee7a B\u00e0n In Th\u1ebf H\u1ec7 2 (Build Platform 2) \u0111\u1ec3 t\u00e1ch chi ti\u1ebft ra v\u00e0 \u0111\u1eb7t v\u00e0o khay ch\u1ee9a, sau \u0111\u00f3 t\u1ef1 \u0111\u1ed9ng b\u1eaft \u0111\u1ea7u l\u1ec7nh in ti\u1ebfp theo trong h\u00e0ng \u0111\u1ee3i m\u00e0 kh\u00f4ng c\u1ea7n b\u1ea5t k\u1ef3 s\u1ef1 can thi\u1ec7p n\u00e0o c\u1ee7a con ng\u01b0\u1eddi.<\/p>\n","protected":false},"excerpt":{"rendered":"<p>Formlabs Form Auto l\u00e0 m\u1ed9t thi\u1ebft b\u1ecb t\u1ef1 \u0111\u1ed9ng h\u00f3a chuy\u00ean d\u1ee5ng, \u0111\u01b0\u1ee3c thi\u1ebft k\u1ebf \u0111\u1ec3 bi\u1ebfn m\u00e1y in 3D Formlabs (nh\u01b0 Form 3\/+, Form 4) th\u00e0nh m\u1ed9t h\u1ec7 th\u1ed1ng s\u1ea3n xu\u1ea5t ho\u1ea1t \u0111\u1ed9ng li\u00ean t\u1ee5c 24\/7.<\/p>\n<p>Ph\u1ee5 ki\u1ec7n n\u00e0y t\u1ef1 \u0111\u1ed9ng h\u00f3a ho\u00e0n to\u00e0n b\u01b0\u1edbc g\u1ee1 m\u1eabu kh\u1ecfi b\u00e0n in. Sau khi m\u1ed9t l\u1ec7nh in ho\u00e0n t\u1ea5t, Form Auto s\u1ebd s\u1eed d\u1ee5ng c\u00f4ng ngh\u1ec7 Quick Release Technology c\u1ee7a B\u00e0n In Th\u1ebf H\u1ec7 2 (Build Platform 2) \u0111\u1ec3 t\u00e1ch chi ti\u1ebft ra v\u00e0 \u0111\u1eb7t v\u00e0o khay ch\u1ee9a, sau \u0111\u00f3 t\u1ef1 \u0111\u1ed9ng b\u1eaft \u0111\u1ea7u l\u1ec7nh in ti\u1ebfp theo trong h\u00e0ng \u0111\u1ee3i m\u00e0 kh\u00f4ng c\u1ea7n b\u1ea5t k\u1ef3 s\u1ef1 can thi\u1ec7p n\u00e0o c\u1ee7a con ng\u01b0\u1eddi.<\/p>\n","protected":false},"featured_media":67121,"template":"","meta":{"_acf_changed":false},"product_brand":[1140],"product_cat":[860],"product_tag":[],"class_list":{"0":"post-67292","1":"product","2":"type-product","3":"status-publish","4":"has-post-thumbnail","6":"product_brand-formlabs-en","7":"product_cat-accesssories","9":"first","10":"instock","11":"taxable","12":"shipping-taxable","13":"purchasable","14":"product-type-simple"},"acf":[],"_links":{"self":[{"href":"https:\/\/3d-smartsolutions.com\/en\/wp-json\/wp\/v2\/product\/67292","targetHints":{"allow":["GET"]}}],"collection":[{"href":"https:\/\/3d-smartsolutions.com\/en\/wp-json\/wp\/v2\/product"}],"about":[{"href":"https:\/\/3d-smartsolutions.com\/en\/wp-json\/wp\/v2\/types\/product"}],"wp:featuredmedia":[{"embeddable":true,"href":"https:\/\/3d-smartsolutions.com\/en\/wp-json\/wp\/v2\/media\/67121"}],"wp:attachment":[{"href":"https:\/\/3d-smartsolutions.com\/en\/wp-json\/wp\/v2\/media?parent=67292"}],"wp:term":[{"taxonomy":"product_brand","embeddable":true,"href":"https:\/\/3d-smartsolutions.com\/en\/wp-json\/wp\/v2\/product_brand?post=67292"},{"taxonomy":"product_cat","embeddable":true,"href":"https:\/\/3d-smartsolutions.com\/en\/wp-json\/wp\/v2\/product_cat?post=67292"},{"taxonomy":"product_tag","embeddable":true,"href":"https:\/\/3d-smartsolutions.com\/en\/wp-json\/wp\/v2\/product_tag?post=67292"}],"curies":[{"name":"wp","href":"https:\/\/api.w.org\/{rel}","templated":true}]}}