{"id":67293,"date":"2025-06-17T11:48:23","date_gmt":"2025-06-17T04:48:23","guid":{"rendered":"https:\/\/3d-smartsolutions.com\/san-pham\/formlabs-resin-pump\/"},"modified":"2025-09-17T13:43:29","modified_gmt":"2025-09-17T06:43:29","slug":"formlabs-resin-pump","status":"publish","type":"product","link":"https:\/\/3d-smartsolutions.com\/en\/formlabs-resin-pump\/","title":{"rendered":"Formlabs Resin Pump"},"content":{"rendered":"<p>H\u1ec7 th\u1ed1ng B\u01a1m Nh\u1ef1a l\u00e0 ph\u1ee5 ki\u1ec7n cho c\u00e1c m\u00e1y in 3D s\u1eed d\u1ee5ng c\u00f4ng ngh\u1ec7 SLA c\u1ee7a Formlabs, cho ph\u00e9p n\u1ea1p tr\u1ef1c ti\u1ebfp 5L nh\u1ef1a v\u00e0o b\u1ec3 ch\u1ee9a c\u1ee7a m\u00e1y in. \u0110i\u1ec1u n\u00e0y gi\u00fap gi\u1ea3m thi\u1ec3u vi\u1ec7c thay th\u1ebf h\u1ed9p nh\u1ef1a, ti\u1ebft ki\u1ec7m chi ph\u00ed v\u00e0 gi\u1ea3m l\u00e3ng ph\u00ed bao b\u00ec.<\/p>\n","protected":false},"excerpt":{"rendered":"<p>H\u1ec7 th\u1ed1ng B\u01a1m Nh\u1ef1a l\u00e0 ph\u1ee5 ki\u1ec7n cho c\u00e1c m\u00e1y in 3D s\u1eed d\u1ee5ng c\u00f4ng ngh\u1ec7 SLA c\u1ee7a Formlabs, cho ph\u00e9p n\u1ea1p tr\u1ef1c ti\u1ebfp 5L nh\u1ef1a v\u00e0o b\u1ec3 ch\u1ee9a c\u1ee7a m\u00e1y in. \u0110i\u1ec1u n\u00e0y gi\u00fap gi\u1ea3m thi\u1ec3u vi\u1ec7c thay th\u1ebf h\u1ed9p nh\u1ef1a, ti\u1ebft ki\u1ec7m chi ph\u00ed v\u00e0 gi\u1ea3m l\u00e3ng ph\u00ed bao b\u00ec.<\/p>\n","protected":false},"featured_media":67106,"template":"","meta":{"_acf_changed":false},"product_brand":[1140],"product_cat":[860],"product_tag":[],"class_list":{"0":"post-67293","1":"product","2":"type-product","3":"status-publish","4":"has-post-thumbnail","6":"product_brand-formlabs-en","7":"product_cat-accesssories","9":"first","10":"instock","11":"taxable","12":"shipping-taxable","13":"purchasable","14":"product-type-simple"},"acf":[],"_links":{"self":[{"href":"https:\/\/3d-smartsolutions.com\/en\/wp-json\/wp\/v2\/product\/67293","targetHints":{"allow":["GET"]}}],"collection":[{"href":"https:\/\/3d-smartsolutions.com\/en\/wp-json\/wp\/v2\/product"}],"about":[{"href":"https:\/\/3d-smartsolutions.com\/en\/wp-json\/wp\/v2\/types\/product"}],"wp:featuredmedia":[{"embeddable":true,"href":"https:\/\/3d-smartsolutions.com\/en\/wp-json\/wp\/v2\/media\/67106"}],"wp:attachment":[{"href":"https:\/\/3d-smartsolutions.com\/en\/wp-json\/wp\/v2\/media?parent=67293"}],"wp:term":[{"taxonomy":"product_brand","embeddable":true,"href":"https:\/\/3d-smartsolutions.com\/en\/wp-json\/wp\/v2\/product_brand?post=67293"},{"taxonomy":"product_cat","embeddable":true,"href":"https:\/\/3d-smartsolutions.com\/en\/wp-json\/wp\/v2\/product_cat?post=67293"},{"taxonomy":"product_tag","embeddable":true,"href":"https:\/\/3d-smartsolutions.com\/en\/wp-json\/wp\/v2\/product_tag?post=67293"}],"curies":[{"name":"wp","href":"https:\/\/api.w.org\/{rel}","templated":true}]}}