{"id":67294,"date":"2025-06-17T11:48:23","date_gmt":"2025-06-17T04:48:23","guid":{"rendered":"https:\/\/3d-smartsolutions.com\/san-pham\/fuse-sift-hepa-air-filter\/"},"modified":"2025-09-06T13:32:50","modified_gmt":"2025-09-06T06:32:50","slug":"fuse-sift-hepa-air-filter","status":"publish","type":"product","link":"https:\/\/3d-smartsolutions.com\/en\/fuse-sift-hepa-air-filter\/","title":{"rendered":"Fuse Sift HEPA Air Filter"},"content":{"rendered":"<p>B\u1ed9 L\u1ecdc Kh\u00ed HEPA cho Fuse Sift l\u00e0 m\u1ed9t linh ki\u1ec7n thay th\u1ebf quan tr\u1ecdng, \u0111\u01b0\u1ee3c thi\u1ebft k\u1ebf \u0111\u1eb7c bi\u1ec7t cho m\u00e1y x\u1eed l\u00fd v\u00e0 t\u00e1i ch\u1ebf b\u1ed9t Fuse Sift c\u1ee7a Formlabs. Ch\u1ee9c n\u0103ng ch\u00ednh c\u1ee7a n\u00f3 l\u00e0 \u0111\u1ea3m b\u1ea3o m\u1ed9t m\u00f4i tr\u01b0\u1eddng l\u00e0m vi\u1ec7c s\u1ea1ch s\u1ebd v\u00e0 an to\u00e0n trong su\u1ed1t qu\u00e1 tr\u00ecnh x\u1eed l\u00fd b\u1ed9t SLS. Ho\u1ea1t \u0111\u1ed9ng k\u1ebft h\u1ee3p v\u1edbi h\u1ec7 th\u1ed1ng x\u1eed l\u00fd kh\u00ed c\u1ee7a Fuse Sift, b\u1ed9 l\u1ecdc HEPA (High-Efficiency Particulate Air) c\u00f3 kh\u1ea3 n\u0103ng gi\u1eef l\u1ea1i c\u00e1c h\u1ea1t b\u1ed9t SLS si\u00eau m\u1ecbn (hi\u1ec7u su\u1ea5t l\u1ecdc 99.99% v\u1edbi h\u1ea1t k\u00edch th\u01b0\u1edbc 0.3 \u00b5m) bay l\u01a1 l\u1eedng trong kh\u00f4ng kh\u00ed khi ng\u01b0\u1eddi d\u00f9ng thao t\u00e1c g\u1ee1 m\u1eabu v\u00e0 s\u00e0ng l\u1ecdc b\u1ed9t.<\/p>\n","protected":false},"excerpt":{"rendered":"<p>B\u1ed9 L\u1ecdc Kh\u00ed HEPA cho Fuse Sift l\u00e0 m\u1ed9t linh ki\u1ec7n thay th\u1ebf quan tr\u1ecdng, \u0111\u01b0\u1ee3c thi\u1ebft k\u1ebf \u0111\u1eb7c bi\u1ec7t cho m\u00e1y x\u1eed l\u00fd v\u00e0 t\u00e1i ch\u1ebf b\u1ed9t Fuse Sift c\u1ee7a Formlabs. Ch\u1ee9c n\u0103ng ch\u00ednh c\u1ee7a n\u00f3 l\u00e0 \u0111\u1ea3m b\u1ea3o m\u1ed9t m\u00f4i tr\u01b0\u1eddng l\u00e0m vi\u1ec7c s\u1ea1ch s\u1ebd v\u00e0 an to\u00e0n trong su\u1ed1t qu\u00e1 tr\u00ecnh x\u1eed l\u00fd b\u1ed9t SLS.<\/p>\n<p>Ho\u1ea1t \u0111\u1ed9ng k\u1ebft h\u1ee3p v\u1edbi h\u1ec7 th\u1ed1ng x\u1eed l\u00fd kh\u00ed c\u1ee7a Fuse Sift, b\u1ed9 l\u1ecdc HEPA (High-Efficiency Particulate Air) c\u00f3 kh\u1ea3 n\u0103ng gi\u1eef l\u1ea1i c\u00e1c h\u1ea1t b\u1ed9t SLS si\u00eau m\u1ecbn (hi\u1ec7u su\u1ea5t l\u1ecdc 99.99% v\u1edbi h\u1ea1t k\u00edch th\u01b0\u1edbc 0.3 \u00b5m) bay l\u01a1 l\u1eedng trong kh\u00f4ng kh\u00ed khi ng\u01b0\u1eddi d\u00f9ng thao t\u00e1c g\u1ee1 m\u1eabu v\u00e0 s\u00e0ng l\u1ecdc b\u1ed9t.<\/p>\n","protected":false},"featured_media":67100,"template":"","meta":{"_acf_changed":false},"product_brand":[1140],"product_cat":[860],"product_tag":[],"class_list":{"0":"post-67294","1":"product","2":"type-product","3":"status-publish","4":"has-post-thumbnail","6":"product_brand-formlabs-en","7":"product_cat-accesssories","9":"first","10":"instock","11":"taxable","12":"shipping-taxable","13":"purchasable","14":"product-type-simple"},"acf":[],"_links":{"self":[{"href":"https:\/\/3d-smartsolutions.com\/en\/wp-json\/wp\/v2\/product\/67294","targetHints":{"allow":["GET"]}}],"collection":[{"href":"https:\/\/3d-smartsolutions.com\/en\/wp-json\/wp\/v2\/product"}],"about":[{"href":"https:\/\/3d-smartsolutions.com\/en\/wp-json\/wp\/v2\/types\/product"}],"wp:featuredmedia":[{"embeddable":true,"href":"https:\/\/3d-smartsolutions.com\/en\/wp-json\/wp\/v2\/media\/67100"}],"wp:attachment":[{"href":"https:\/\/3d-smartsolutions.com\/en\/wp-json\/wp\/v2\/media?parent=67294"}],"wp:term":[{"taxonomy":"product_brand","embeddable":true,"href":"https:\/\/3d-smartsolutions.com\/en\/wp-json\/wp\/v2\/product_brand?post=67294"},{"taxonomy":"product_cat","embeddable":true,"href":"https:\/\/3d-smartsolutions.com\/en\/wp-json\/wp\/v2\/product_cat?post=67294"},{"taxonomy":"product_tag","embeddable":true,"href":"https:\/\/3d-smartsolutions.com\/en\/wp-json\/wp\/v2\/product_tag?post=67294"}],"curies":[{"name":"wp","href":"https:\/\/api.w.org\/{rel}","templated":true}]}}