{"id":67296,"date":"2025-06-17T11:48:23","date_gmt":"2025-06-17T04:48:23","guid":{"rendered":"https:\/\/3d-smartsolutions.com\/san-pham\/fuse-series-replacement-air-intake-filter\/"},"modified":"2025-09-06T13:50:19","modified_gmt":"2025-09-06T06:50:19","slug":"fuse-series-replacement-air-intake-filter","status":"publish","type":"product","link":"https:\/\/3d-smartsolutions.com\/en\/fuse-series-replacement-air-intake-filter\/","title":{"rendered":"Fuse Series Replacement Air Intake Filter"},"content":{"rendered":"<p>B\u1ed9 l\u1ecdc kh\u00ed n\u1ea1p n\u00e0y \u0111\u01b0\u1ee3c thi\u1ebft k\u1ebf \u0111\u1ec3 lo\u1ea1i b\u1ecf c\u00e1c ch\u1ea5t \u00f4 nhi\u1ec5m ti\u1ec1m \u1ea9n t\u1eeb kh\u00f4ng kh\u00ed \u0111\u01b0\u1ee3c h\u00fat v\u00e0o m\u00e1y in, \u0111\u1ea3m b\u1ea3o m\u00f4i tr\u01b0\u1eddng in s\u1ea1ch s\u1ebd v\u00e0 ch\u1ea5t l\u01b0\u1ee3ng in \u1ed5n \u0111\u1ecbnh. T\u01b0\u01a1ng th\u00edch: Ph\u00f9 h\u1ee3p v\u1edbi c\u00e1c m\u00e1y in 3D d\u00f2ng Fuse 1 v\u00e0 Fuse 1+ 30W c\u1ee7a Formlabs. Thay th\u1ebf \u0111\u1ecbnh k\u1ef3: C\u1ea7n \u0111\u01b0\u1ee3c thay th\u1ebf khi c\u00f3 th\u00f4ng b\u00e1o b\u1ea3o tr\u00ec t\u1eeb m\u00e1y in, nh\u1eb1m duy tr\u00ec hi\u1ec7u su\u1ea5t ho\u1ea1t \u0111\u1ed9ng t\u1ed1i \u01b0u.<\/p>\n","protected":false},"excerpt":{"rendered":"<p>B\u1ed9 l\u1ecdc kh\u00ed n\u1ea1p n\u00e0y \u0111\u01b0\u1ee3c thi\u1ebft k\u1ebf \u0111\u1ec3 lo\u1ea1i b\u1ecf c\u00e1c ch\u1ea5t \u00f4 nhi\u1ec5m ti\u1ec1m \u1ea9n t\u1eeb kh\u00f4ng kh\u00ed \u0111\u01b0\u1ee3c h\u00fat v\u00e0o m\u00e1y in, \u0111\u1ea3m b\u1ea3o m\u00f4i tr\u01b0\u1eddng in s\u1ea1ch s\u1ebd v\u00e0 ch\u1ea5t l\u01b0\u1ee3ng in \u1ed5n \u0111\u1ecbnh. T\u01b0\u01a1ng th\u00edch: Ph\u00f9 h\u1ee3p v\u1edbi c\u00e1c m\u00e1y in 3D d\u00f2ng Fuse 1 v\u00e0 Fuse 1+ 30W c\u1ee7a Formlabs. Thay th\u1ebf \u0111\u1ecbnh k\u1ef3: C\u1ea7n \u0111\u01b0\u1ee3c thay th\u1ebf khi c\u00f3 th\u00f4ng b\u00e1o b\u1ea3o tr\u00ec t\u1eeb m\u00e1y in, nh\u1eb1m duy tr\u00ec hi\u1ec7u su\u1ea5t ho\u1ea1t \u0111\u1ed9ng t\u1ed1i \u01b0u.<\/p>\n","protected":false},"featured_media":67096,"template":"","meta":{"_acf_changed":false},"product_brand":[1140],"product_cat":[860],"product_tag":[],"class_list":{"0":"post-67296","1":"product","2":"type-product","3":"status-publish","4":"has-post-thumbnail","6":"product_brand-formlabs-en","7":"product_cat-accesssories","9":"first","10":"instock","11":"taxable","12":"shipping-taxable","13":"purchasable","14":"product-type-simple"},"acf":[],"_links":{"self":[{"href":"https:\/\/3d-smartsolutions.com\/en\/wp-json\/wp\/v2\/product\/67296","targetHints":{"allow":["GET"]}}],"collection":[{"href":"https:\/\/3d-smartsolutions.com\/en\/wp-json\/wp\/v2\/product"}],"about":[{"href":"https:\/\/3d-smartsolutions.com\/en\/wp-json\/wp\/v2\/types\/product"}],"wp:featuredmedia":[{"embeddable":true,"href":"https:\/\/3d-smartsolutions.com\/en\/wp-json\/wp\/v2\/media\/67096"}],"wp:attachment":[{"href":"https:\/\/3d-smartsolutions.com\/en\/wp-json\/wp\/v2\/media?parent=67296"}],"wp:term":[{"taxonomy":"product_brand","embeddable":true,"href":"https:\/\/3d-smartsolutions.com\/en\/wp-json\/wp\/v2\/product_brand?post=67296"},{"taxonomy":"product_cat","embeddable":true,"href":"https:\/\/3d-smartsolutions.com\/en\/wp-json\/wp\/v2\/product_cat?post=67296"},{"taxonomy":"product_tag","embeddable":true,"href":"https:\/\/3d-smartsolutions.com\/en\/wp-json\/wp\/v2\/product_tag?post=67296"}],"curies":[{"name":"wp","href":"https:\/\/api.w.org\/{rel}","templated":true}]}}