{"id":67297,"date":"2025-06-17T11:48:23","date_gmt":"2025-06-17T04:48:23","guid":{"rendered":"https:\/\/3d-smartsolutions.com\/san-pham\/form-4-resin-tank\/"},"modified":"2026-01-03T13:54:41","modified_gmt":"2026-01-03T06:54:41","slug":"form-4-resin-tank","status":"publish","type":"product","link":"https:\/\/3d-smartsolutions.com\/en\/form-4-resin-tank\/","title":{"rendered":"Form 4 Resin Tank"},"content":{"rendered":"<p>C\u00f4ng ngh\u1ec7 Low Force Display (LFD)\u2122: S\u1eed d\u1ee5ng thi\u1ebft k\u1ebf m\u00e0ng phim hai l\u1edbp linh ho\u1ea1t v\u00e0 b\u1ec1n b\u1ec9, gi\u00fap in \u1ea5n ch\u1ea5t l\u01b0\u1ee3ng cao v\u00e0 \u1ed5n \u0111\u1ecbnh. Tu\u1ed5i th\u1ecd cao: \u0110\u01b0\u1ee3c thi\u1ebft k\u1ebf \u0111\u1ec3 ho\u1ea1t \u0111\u1ed9ng hi\u1ec7u qu\u1ea3 trong \u00edt nh\u1ea5t 75.000 l\u1edbp in, t\u01b0\u01a1ng \u0111\u01b0\u01a1ng kho\u1ea3ng 1\u20132 n\u0103m s\u1eed d\u1ee5ng \u0111\u1ed1i v\u1edbi ng\u01b0\u1eddi d\u00f9ng trung b\u00ecnh. N\u1eafp \u0111\u1eady t\u00e1i s\u1eed d\u1ee5ng: M\u1ed7i b\u1ec3 nh\u1ef1a \u0111i k\u00e8m v\u1edbi m\u1ed9t n\u1eafp \u0111\u1eady c\u00f3 th\u1ec3 t\u00e1i s\u1eed d\u1ee5ng, gi\u00fap d\u1ec5 d\u00e0ng x\u1ebfp ch\u1ed3ng v\u00e0 l\u01b0u tr\u1eef nh\u1ef1a b\u00ean ngo\u00e0i m\u00e1y in.<\/p>\n","protected":false},"excerpt":{"rendered":"<p>C\u00f4ng ngh\u1ec7 Low Force Display (LFD)\u2122: S\u1eed d\u1ee5ng thi\u1ebft k\u1ebf m\u00e0ng phim hai l\u1edbp linh ho\u1ea1t v\u00e0 b\u1ec1n b\u1ec9, gi\u00fap in \u1ea5n ch\u1ea5t l\u01b0\u1ee3ng cao v\u00e0 \u1ed5n \u0111\u1ecbnh.<br \/>Tu\u1ed5i th\u1ecd cao: \u0110\u01b0\u1ee3c thi\u1ebft k\u1ebf \u0111\u1ec3 ho\u1ea1t \u0111\u1ed9ng hi\u1ec7u qu\u1ea3 trong \u00edt nh\u1ea5t 75.000 l\u1edbp in, t\u01b0\u01a1ng \u0111\u01b0\u01a1ng kho\u1ea3ng 1\u20132 n\u0103m s\u1eed d\u1ee5ng \u0111\u1ed1i v\u1edbi ng\u01b0\u1eddi d\u00f9ng trung b\u00ecnh.<br \/>N\u1eafp \u0111\u1eady t\u00e1i s\u1eed d\u1ee5ng: M\u1ed7i b\u1ec3 nh\u1ef1a \u0111i k\u00e8m v\u1edbi m\u1ed9t n\u1eafp \u0111\u1eady c\u00f3 th\u1ec3 t\u00e1i s\u1eed d\u1ee5ng, gi\u00fap d\u1ec5 d\u00e0ng x\u1ebfp ch\u1ed3ng v\u00e0 l\u01b0u tr\u1eef nh\u1ef1a b\u00ean ngo\u00e0i m\u00e1y in.<\/p>\n","protected":false},"featured_media":67093,"template":"","meta":{"_acf_changed":false},"product_brand":[1140],"product_cat":[860],"product_tag":[],"class_list":{"0":"post-67297","1":"product","2":"type-product","3":"status-publish","4":"has-post-thumbnail","6":"product_brand-formlabs-en","7":"product_cat-accesssories","9":"first","10":"instock","11":"taxable","12":"shipping-taxable","13":"purchasable","14":"product-type-simple"},"acf":[],"_links":{"self":[{"href":"https:\/\/3d-smartsolutions.com\/en\/wp-json\/wp\/v2\/product\/67297","targetHints":{"allow":["GET"]}}],"collection":[{"href":"https:\/\/3d-smartsolutions.com\/en\/wp-json\/wp\/v2\/product"}],"about":[{"href":"https:\/\/3d-smartsolutions.com\/en\/wp-json\/wp\/v2\/types\/product"}],"wp:featuredmedia":[{"embeddable":true,"href":"https:\/\/3d-smartsolutions.com\/en\/wp-json\/wp\/v2\/media\/67093"}],"wp:attachment":[{"href":"https:\/\/3d-smartsolutions.com\/en\/wp-json\/wp\/v2\/media?parent=67297"}],"wp:term":[{"taxonomy":"product_brand","embeddable":true,"href":"https:\/\/3d-smartsolutions.com\/en\/wp-json\/wp\/v2\/product_brand?post=67297"},{"taxonomy":"product_cat","embeddable":true,"href":"https:\/\/3d-smartsolutions.com\/en\/wp-json\/wp\/v2\/product_cat?post=67297"},{"taxonomy":"product_tag","embeddable":true,"href":"https:\/\/3d-smartsolutions.com\/en\/wp-json\/wp\/v2\/product_tag?post=67297"}],"curies":[{"name":"wp","href":"https:\/\/api.w.org\/{rel}","templated":true}]}}