{"id":67298,"date":"2025-06-17T11:48:23","date_gmt":"2025-06-17T04:48:23","guid":{"rendered":"https:\/\/3d-smartsolutions.com\/san-pham\/formlabs-solvent-pump\/"},"modified":"2026-03-16T16:32:06","modified_gmt":"2026-03-16T09:32:06","slug":"formlabs-solvent-pump","status":"publish","type":"product","link":"https:\/\/3d-smartsolutions.com\/en\/formlabs-solvent-pump\/","title":{"rendered":"Formlabs Solvent Pump"},"content":{"rendered":"<p>Formlabs Solvent Pump l\u00e0 m\u1ed9t d\u1ee5ng c\u1ee5 \u0111\u01b0\u1ee3c thi\u1ebft k\u1ebf chuy\u00ean d\u1ee5ng \u0111\u1ec3 \u0111\u01a1n gi\u1ea3n h\u00f3a v\u00e0 \u0111\u1ea3m b\u1ea3o an to\u00e0n cho vi\u1ec7c v\u1eadn chuy\u1ec3n c\u00e1c dung m\u00f4i nh\u01b0 Isopropyl Alcohol (IPA) ho\u1eb7c Tripropylene glycol monomethyl ether (TPM) v\u00e0o v\u00e0 ra kh\u1ecfi c\u00e1c thi\u1ebft b\u1ecb r\u1eeda m\u1eabu c\u1ee7a Formlabs nh\u01b0 Form Wash, Form Wash L, ho\u1eb7c c\u00e1c tr\u1ea1m l\u00e0m s\u1ea1ch kh\u00e1c.<\/p>\n","protected":false},"excerpt":{"rendered":"<p>Formlabs Solvent Pump l\u00e0 m\u1ed9t d\u1ee5ng c\u1ee5 \u0111\u01b0\u1ee3c thi\u1ebft k\u1ebf chuy\u00ean d\u1ee5ng \u0111\u1ec3 \u0111\u01a1n gi\u1ea3n h\u00f3a v\u00e0 \u0111\u1ea3m b\u1ea3o an to\u00e0n cho vi\u1ec7c v\u1eadn chuy\u1ec3n c\u00e1c dung m\u00f4i nh\u01b0 Isopropyl Alcohol (IPA) ho\u1eb7c Tripropylene glycol monomethyl ether (TPM) v\u00e0o v\u00e0 ra kh\u1ecfi c\u00e1c thi\u1ebft b\u1ecb r\u1eeda m\u1eabu c\u1ee7a Formlabs nh\u01b0 Form Wash, Form Wash L, ho\u1eb7c c\u00e1c tr\u1ea1m l\u00e0m s\u1ea1ch kh\u00e1c.<\/p>\n","protected":false},"featured_media":67090,"template":"","meta":{"_acf_changed":false},"product_brand":[1140],"product_cat":[860],"product_tag":[],"class_list":{"0":"post-67298","1":"product","2":"type-product","3":"status-publish","4":"has-post-thumbnail","6":"product_brand-formlabs-en","7":"product_cat-accesssories","9":"first","10":"onbackorder","11":"taxable","12":"shipping-taxable","13":"product-type-simple"},"acf":[],"_links":{"self":[{"href":"https:\/\/3d-smartsolutions.com\/en\/wp-json\/wp\/v2\/product\/67298","targetHints":{"allow":["GET"]}}],"collection":[{"href":"https:\/\/3d-smartsolutions.com\/en\/wp-json\/wp\/v2\/product"}],"about":[{"href":"https:\/\/3d-smartsolutions.com\/en\/wp-json\/wp\/v2\/types\/product"}],"wp:featuredmedia":[{"embeddable":true,"href":"https:\/\/3d-smartsolutions.com\/en\/wp-json\/wp\/v2\/media\/67090"}],"wp:attachment":[{"href":"https:\/\/3d-smartsolutions.com\/en\/wp-json\/wp\/v2\/media?parent=67298"}],"wp:term":[{"taxonomy":"product_brand","embeddable":true,"href":"https:\/\/3d-smartsolutions.com\/en\/wp-json\/wp\/v2\/product_brand?post=67298"},{"taxonomy":"product_cat","embeddable":true,"href":"https:\/\/3d-smartsolutions.com\/en\/wp-json\/wp\/v2\/product_cat?post=67298"},{"taxonomy":"product_tag","embeddable":true,"href":"https:\/\/3d-smartsolutions.com\/en\/wp-json\/wp\/v2\/product_tag?post=67298"}],"curies":[{"name":"wp","href":"https:\/\/api.w.org\/{rel}","templated":true}]}}