{"id":67299,"date":"2025-06-17T11:48:23","date_gmt":"2025-06-17T04:48:23","guid":{"rendered":"https:\/\/3d-smartsolutions.com\/san-pham\/form-wash-2nd-generation\/"},"modified":"2026-03-16T16:27:56","modified_gmt":"2026-03-16T09:27:56","slug":"form-wash-2nd-generation","status":"publish","type":"product","link":"https:\/\/3d-smartsolutions.com\/en\/form-wash-2nd-generation\/","title":{"rendered":"Form Wash (2nd Generation)"},"content":{"rendered":"<p>Form Wash (Th\u1ebf h\u1ec7 th\u1ee9 2) l\u00e0 phi\u00ean b\u1ea3n n\u00e2ng c\u1ea5p to\u00e0n di\u1ec7n c\u1ee7a h\u1ec7 th\u1ed1ng r\u1eeda m\u1eabu t\u1ef1 \u0111\u1ed9ng t\u1eeb Formlabs, \u0111\u01b0\u1ee3c thi\u1ebft k\u1ebf \u0111\u1ec3 t\u1ed1i \u01b0u h\u00f3a v\u00e0 \u0111\u1ea9y nhanh quy tr\u00ecnh h\u1eadu x\u1eed l\u00fd cho c\u00e1c chi ti\u1ebft in 3D SLA. Ra m\u1eaft c\u00f9ng v\u1edbi h\u1ec7 sinh th\u00e1i Form 4, thi\u1ebft b\u1ecb n\u00e0y mang \u0111\u1ebfn s\u1ee9c m\u1ea1nh, s\u1ef1 linh ho\u1ea1t v\u00e0 hi\u1ec7u qu\u1ea3 v\u01b0\u1ee3t tr\u1ed9i, gi\u00fap b\u1ea1n c\u00f3 \u0111\u01b0\u1ee3c nh\u1eefng s\u1ea3n ph\u1ea9m s\u1ea1ch s\u1ebd, ch\u1ea5t l\u01b0\u1ee3ng cao v\u1edbi \u00edt c\u00f4ng s\u1ee9c nh\u1ea5t.<\/p>\n","protected":false},"excerpt":{"rendered":"<p>Form Wash (Th\u1ebf h\u1ec7 th\u1ee9 2) l\u00e0 phi\u00ean b\u1ea3n n\u00e2ng c\u1ea5p to\u00e0n di\u1ec7n c\u1ee7a h\u1ec7 th\u1ed1ng r\u1eeda m\u1eabu t\u1ef1 \u0111\u1ed9ng t\u1eeb Formlabs, \u0111\u01b0\u1ee3c thi\u1ebft k\u1ebf \u0111\u1ec3 t\u1ed1i \u01b0u h\u00f3a v\u00e0 \u0111\u1ea9y nhanh quy tr\u00ecnh h\u1eadu x\u1eed l\u00fd cho c\u00e1c chi ti\u1ebft in 3D SLA. Ra m\u1eaft c\u00f9ng v\u1edbi h\u1ec7 sinh th\u00e1i Form 4, thi\u1ebft b\u1ecb n\u00e0y mang \u0111\u1ebfn s\u1ee9c m\u1ea1nh, s\u1ef1 linh ho\u1ea1t v\u00e0 hi\u1ec7u qu\u1ea3 v\u01b0\u1ee3t tr\u1ed9i, gi\u00fap b\u1ea1n c\u00f3 \u0111\u01b0\u1ee3c nh\u1eefng s\u1ea3n ph\u1ea9m s\u1ea1ch s\u1ebd, ch\u1ea5t l\u01b0\u1ee3ng cao v\u1edbi \u00edt c\u00f4ng s\u1ee9c nh\u1ea5t.<\/p>\n","protected":false},"featured_media":67087,"template":"","meta":{"_acf_changed":false},"product_brand":[1140],"product_cat":[860],"product_tag":[],"class_list":{"0":"post-67299","1":"product","2":"type-product","3":"status-publish","4":"has-post-thumbnail","6":"product_brand-formlabs-en","7":"product_cat-accesssories","9":"first","10":"onbackorder","11":"taxable","12":"shipping-taxable","13":"product-type-simple"},"acf":[],"_links":{"self":[{"href":"https:\/\/3d-smartsolutions.com\/en\/wp-json\/wp\/v2\/product\/67299","targetHints":{"allow":["GET"]}}],"collection":[{"href":"https:\/\/3d-smartsolutions.com\/en\/wp-json\/wp\/v2\/product"}],"about":[{"href":"https:\/\/3d-smartsolutions.com\/en\/wp-json\/wp\/v2\/types\/product"}],"wp:featuredmedia":[{"embeddable":true,"href":"https:\/\/3d-smartsolutions.com\/en\/wp-json\/wp\/v2\/media\/67087"}],"wp:attachment":[{"href":"https:\/\/3d-smartsolutions.com\/en\/wp-json\/wp\/v2\/media?parent=67299"}],"wp:term":[{"taxonomy":"product_brand","embeddable":true,"href":"https:\/\/3d-smartsolutions.com\/en\/wp-json\/wp\/v2\/product_brand?post=67299"},{"taxonomy":"product_cat","embeddable":true,"href":"https:\/\/3d-smartsolutions.com\/en\/wp-json\/wp\/v2\/product_cat?post=67299"},{"taxonomy":"product_tag","embeddable":true,"href":"https:\/\/3d-smartsolutions.com\/en\/wp-json\/wp\/v2\/product_tag?post=67299"}],"curies":[{"name":"wp","href":"https:\/\/api.w.org\/{rel}","templated":true}]}}