{"id":67300,"date":"2025-06-17T11:48:23","date_gmt":"2025-06-17T04:48:23","guid":{"rendered":"https:\/\/3d-smartsolutions.com\/san-pham\/form-3-build-platform-2\/"},"modified":"2026-03-16T16:31:14","modified_gmt":"2026-03-16T09:31:14","slug":"form-3-build-platform-2","status":"publish","type":"product","link":"https:\/\/3d-smartsolutions.com\/en\/form-3-build-platform-2\/","title":{"rendered":"Form 3 Build Platform 2"},"content":{"rendered":"<p>Form 3 Build Platform 2 l\u00e0 m\u1ed9t b\u1ea3n n\u00e2ng c\u1ea5p \u0111\u1ed9t ph\u00e1 cho c\u00e1c m\u00e1y in Form 3, Form 3+ v\u00e0 Form 3B\/+, \u0111\u01b0\u1ee3c t\u00edch h\u1ee3p C\u00f4ng ngh\u1ec7 Th\u00e1o M\u1eabu Nhanh (Quick Release Technology) \u0111\u00e3 \u0111\u01b0\u1ee3c c\u1ea5p b\u1eb1ng s\u00e1ng ch\u1ebf c\u1ee7a Formlabs. V\u1edbi b\u1ec1 m\u1eb7t in b\u1eb1ng th\u00e9p kh\u00f4ng g\u1ec9 c\u00f3 th\u1ec3 u\u1ed1n d\u1ebbo, phi\u00ean b\u1ea3n n\u00e0y cho ph\u00e9p b\u1ea1n t\u00e1ch c\u00e1c chi ti\u1ebft ra kh\u1ecfi b\u00e0n in ngay l\u1eadp t\u1ee9c ch\u1ec9 b\u1eb1ng m\u1ed9t thao t\u00e1c b\u1ebb cong \u0111\u01a1n gi\u1ea3n. N\u00f3 gi\u00fap lo\u1ea1i b\u1ecf ho\u00e0n to\u00e0n nhu c\u1ea7u s\u1eed d\u1ee5ng c\u00e1c d\u1ee5ng c\u1ee5 c\u1ea1y n\u1ea1o, gi\u1ea3m \u0111\u00e1ng k\u1ec3 nguy c\u01a1 l\u00e0m h\u1ecfng c\u00e1c chi ti\u1ebft tinh x\u1ea3o v\u00e0 ti\u1ebft ki\u1ec7m t\u1ed1i \u0111a th\u1eddi gian h\u1eadu x\u1eed l\u00fd. \u0110\u00e2y l\u00e0 ph\u1ee5 ki\u1ec7n thi\u1ebft y\u1ebfu gi\u00fap t\u0103ng t\u1ed1c v\u00e0 \u0111\u01a1n gi\u1ea3n h\u00f3a quy tr\u00ecnh l\u00e0m vi\u1ec7c c\u1ee7a b\u1ea1n.<\/p>\n","protected":false},"excerpt":{"rendered":"<p>Form 3 Build Platform 2 l\u00e0 m\u1ed9t b\u1ea3n n\u00e2ng c\u1ea5p \u0111\u1ed9t ph\u00e1 cho c\u00e1c m\u00e1y in Form 3, Form 3+ v\u00e0 Form 3B\/+, \u0111\u01b0\u1ee3c t\u00edch h\u1ee3p C\u00f4ng ngh\u1ec7 Th\u00e1o M\u1eabu Nhanh (Quick Release Technology) \u0111\u00e3 \u0111\u01b0\u1ee3c c\u1ea5p b\u1eb1ng s\u00e1ng ch\u1ebf c\u1ee7a Formlabs.<\/p>\n<p>V\u1edbi b\u1ec1 m\u1eb7t in b\u1eb1ng th\u00e9p kh\u00f4ng g\u1ec9 c\u00f3 th\u1ec3 u\u1ed1n d\u1ebbo, phi\u00ean b\u1ea3n n\u00e0y cho ph\u00e9p b\u1ea1n t\u00e1ch c\u00e1c chi ti\u1ebft ra kh\u1ecfi b\u00e0n in ngay l\u1eadp t\u1ee9c ch\u1ec9 b\u1eb1ng m\u1ed9t thao t\u00e1c b\u1ebb cong \u0111\u01a1n gi\u1ea3n. N\u00f3 gi\u00fap lo\u1ea1i b\u1ecf ho\u00e0n to\u00e0n nhu c\u1ea7u s\u1eed d\u1ee5ng c\u00e1c d\u1ee5ng c\u1ee5 c\u1ea1y n\u1ea1o, gi\u1ea3m \u0111\u00e1ng k\u1ec3 nguy c\u01a1 l\u00e0m h\u1ecfng c\u00e1c chi ti\u1ebft tinh x\u1ea3o v\u00e0 ti\u1ebft ki\u1ec7m t\u1ed1i \u0111a th\u1eddi gian h\u1eadu x\u1eed l\u00fd. \u0110\u00e2y l\u00e0 ph\u1ee5 ki\u1ec7n thi\u1ebft y\u1ebfu gi\u00fap t\u0103ng t\u1ed1c v\u00e0 \u0111\u01a1n gi\u1ea3n h\u00f3a quy tr\u00ecnh l\u00e0m vi\u1ec7c c\u1ee7a b\u1ea1n.<\/p>\n","protected":false},"featured_media":67124,"template":"","meta":{"_acf_changed":false},"product_brand":[1140],"product_cat":[860],"product_tag":[],"class_list":{"0":"post-67300","1":"product","2":"type-product","3":"status-publish","4":"has-post-thumbnail","6":"product_brand-formlabs-en","7":"product_cat-accesssories","9":"first","10":"onbackorder","11":"taxable","12":"shipping-taxable","13":"product-type-simple"},"acf":[],"_links":{"self":[{"href":"https:\/\/3d-smartsolutions.com\/en\/wp-json\/wp\/v2\/product\/67300","targetHints":{"allow":["GET"]}}],"collection":[{"href":"https:\/\/3d-smartsolutions.com\/en\/wp-json\/wp\/v2\/product"}],"about":[{"href":"https:\/\/3d-smartsolutions.com\/en\/wp-json\/wp\/v2\/types\/product"}],"wp:featuredmedia":[{"embeddable":true,"href":"https:\/\/3d-smartsolutions.com\/en\/wp-json\/wp\/v2\/media\/67124"}],"wp:attachment":[{"href":"https:\/\/3d-smartsolutions.com\/en\/wp-json\/wp\/v2\/media?parent=67300"}],"wp:term":[{"taxonomy":"product_brand","embeddable":true,"href":"https:\/\/3d-smartsolutions.com\/en\/wp-json\/wp\/v2\/product_brand?post=67300"},{"taxonomy":"product_cat","embeddable":true,"href":"https:\/\/3d-smartsolutions.com\/en\/wp-json\/wp\/v2\/product_cat?post=67300"},{"taxonomy":"product_tag","embeddable":true,"href":"https:\/\/3d-smartsolutions.com\/en\/wp-json\/wp\/v2\/product_tag?post=67300"}],"curies":[{"name":"wp","href":"https:\/\/api.w.org\/{rel}","templated":true}]}}