{"id":67301,"date":"2025-06-17T11:48:23","date_gmt":"2025-06-17T04:48:23","guid":{"rendered":"https:\/\/3d-smartsolutions.com\/san-pham\/formlabs-form-cure-l\/"},"modified":"2025-08-07T11:14:01","modified_gmt":"2025-08-07T04:14:01","slug":"formlabs-form-cure-l","status":"publish","type":"product","link":"https:\/\/3d-smartsolutions.com\/en\/formlabs-form-cure-l\/","title":{"rendered":"Formlabs Form Cure L"},"content":{"rendered":"<p>Form Cure L l\u00e0 thi\u1ebft b\u1ecb s\u1ea5y m\u1eabu sau in kh\u1ed5 l\u1edbn, \u0111\u01b0\u1ee3c thi\u1ebft k\u1ebf chuy\u00ean d\u1ee5ng \u0111\u1ec3 x\u1eed l\u00fd c\u00e1c chi ti\u1ebft l\u1edbn v\u00e0 \u0111\u00e1p \u1ee9ng nhuang su\u1ea5t s\u1ea3n xu\u1ea5t cao t\u1eeb c\u00e1c m\u00e1y in 3D Formlabs nh\u01b0 Form 3L v\u00e0 Form 3BL.<\/p>\n<p> Thi\u1ebft b\u1ecb n\u00e0y s\u1eed d\u1ee5ng hai b\u1ed9 gia nhi\u1ec7t c\u00f4ng su\u1ea5t l\u1edbn c\u00f9ng h\u1ec7 th\u1ed1ng \u0111\u00e8n UV \u0111a h\u01b0\u1edbng v\u00e0 m\u1ed9t b\u00e0n xoay \u0111\u1ec3 t\u1ea1o ra m\u1ed9t m\u00f4i tr\u01b0\u1eddng \u0111\u01b0\u1ee3c ki\u1ec3m so\u00e1t ch\u00ednh x\u00e1c v\u1ec1 nhi\u1ec7t \u0111\u1ed9 v\u00e0 \u00e1nh s\u00e1ng UV. Qu\u00e1 tr\u00ecnh n\u00e0y \u0111\u1ea3m b\u1ea3o c\u00e1c chi ti\u1ebft l\u1edbn ho\u1eb7c s\u1ed1 l\u01b0\u1ee3ng l\u1edbn c\u00e1c chi ti\u1ebft nh\u1ecf \u0111\u01b0\u1ee3c b\u1ea3o d\u01b0\u1ee1ng m\u1ed9t c\u00e1ch \u0111\u1ed3ng \u0111\u1ec1u v\u00e0 nh\u1ea5t qu\u00e1n, gi\u00fap ch\u00fang \u0111\u1ea1t \u0111\u01b0\u1ee3c c\u00e1c \u0111\u1eb7c t\u00ednh c\u01a1 h\u1ecdc cao nh\u1ea5t v\u00e0 \u0111\u1ed9 ch\u00ednh x\u00e1c v\u1ec1 k\u00edch th\u01b0\u1edbc.<\/p>\n<p> V\u1edbi c\u00e1c ch\u1ebf \u0111\u1ed9 c\u00e0i \u0111\u1eb7t s\u1eb5n \u0111\u00e3 \u0111\u01b0\u1ee3c ki\u1ec3m nghi\u1ec7m cho t\u1eebng lo\u1ea1i v\u1eadt li\u1ec7u, Form Cure L l\u00e0 gi\u1ea3i ph\u00e1p ho\u00e0n h\u1ea3o \u0111\u1ec3 t\u1ef1 \u0111\u1ed9ng h\u00f3a v\u00e0 ti\u00eau chu\u1ea9n h\u00f3a quy tr\u00ecnh h\u1eadu x\u1eed l\u00fd cho c\u00e1c \u1ee9ng d\u1ee5ng chuy\u00ean nghi\u1ec7p \u0111\u00f2i h\u1ecfi kh\u1eaft khe nh\u1ea5t.<\/p>\n","protected":false},"excerpt":{"rendered":"<p>Form Cure L l\u00e0 thi\u1ebft b\u1ecb s\u1ea5y m\u1eabu sau in kh\u1ed5 l\u1edbn, \u0111\u01b0\u1ee3c thi\u1ebft k\u1ebf chuy\u00ean d\u1ee5ng \u0111\u1ec3 x\u1eed l\u00fd c\u00e1c chi ti\u1ebft l\u1edbn v\u00e0 \u0111\u00e1p \u1ee9ng nhuang su\u1ea5t s\u1ea3n xu\u1ea5t cao t\u1eeb c\u00e1c m\u00e1y in 3D Formlabs nh\u01b0 Form 3L v\u00e0 Form 3BL.<\/p>\n<p> Thi\u1ebft b\u1ecb n\u00e0y s\u1eed d\u1ee5ng hai b\u1ed9 gia nhi\u1ec7t c\u00f4ng su\u1ea5t l\u1edbn c\u00f9ng h\u1ec7 th\u1ed1ng \u0111\u00e8n UV \u0111a h\u01b0\u1edbng v\u00e0 m\u1ed9t b\u00e0n xoay \u0111\u1ec3 t\u1ea1o ra m\u1ed9t m\u00f4i tr\u01b0\u1eddng \u0111\u01b0\u1ee3c ki\u1ec3m so\u00e1t ch\u00ednh x\u00e1c v\u1ec1 nhi\u1ec7t \u0111\u1ed9 v\u00e0 \u00e1nh s\u00e1ng UV. Qu\u00e1 tr\u00ecnh n\u00e0y \u0111\u1ea3m b\u1ea3o c\u00e1c chi ti\u1ebft l\u1edbn ho\u1eb7c s\u1ed1 l\u01b0\u1ee3ng l\u1edbn c\u00e1c chi ti\u1ebft nh\u1ecf \u0111\u01b0\u1ee3c b\u1ea3o d\u01b0\u1ee1ng m\u1ed9t c\u00e1ch \u0111\u1ed3ng \u0111\u1ec1u v\u00e0 nh\u1ea5t qu\u00e1n, gi\u00fap ch\u00fang \u0111\u1ea1t \u0111\u01b0\u1ee3c c\u00e1c \u0111\u1eb7c t\u00ednh c\u01a1 h\u1ecdc cao nh\u1ea5t v\u00e0 \u0111\u1ed9 ch\u00ednh x\u00e1c v\u1ec1 k\u00edch th\u01b0\u1edbc.<\/p>\n<p> V\u1edbi c\u00e1c ch\u1ebf \u0111\u1ed9 c\u00e0i \u0111\u1eb7t s\u1eb5n \u0111\u00e3 \u0111\u01b0\u1ee3c ki\u1ec3m nghi\u1ec7m cho t\u1eebng lo\u1ea1i v\u1eadt li\u1ec7u, Form Cure L l\u00e0 gi\u1ea3i ph\u00e1p ho\u00e0n h\u1ea3o \u0111\u1ec3 t\u1ef1 \u0111\u1ed9ng h\u00f3a v\u00e0 ti\u00eau chu\u1ea9n h\u00f3a quy tr\u00ecnh h\u1eadu x\u1eed l\u00fd cho c\u00e1c \u1ee9ng d\u1ee5ng chuy\u00ean nghi\u1ec7p \u0111\u00f2i h\u1ecfi kh\u1eaft khe nh\u1ea5t.<\/p>\n","protected":false},"featured_media":67127,"template":"","meta":{"_acf_changed":false},"product_brand":[1140],"product_cat":[860],"product_tag":[],"class_list":{"0":"post-67301","1":"product","2":"type-product","3":"status-publish","4":"has-post-thumbnail","6":"product_brand-formlabs-en","7":"product_cat-accesssories","9":"first","10":"onbackorder","11":"taxable","12":"shipping-taxable","13":"product-type-simple"},"acf":[],"_links":{"self":[{"href":"https:\/\/3d-smartsolutions.com\/en\/wp-json\/wp\/v2\/product\/67301","targetHints":{"allow":["GET"]}}],"collection":[{"href":"https:\/\/3d-smartsolutions.com\/en\/wp-json\/wp\/v2\/product"}],"about":[{"href":"https:\/\/3d-smartsolutions.com\/en\/wp-json\/wp\/v2\/types\/product"}],"wp:featuredmedia":[{"embeddable":true,"href":"https:\/\/3d-smartsolutions.com\/en\/wp-json\/wp\/v2\/media\/67127"}],"wp:attachment":[{"href":"https:\/\/3d-smartsolutions.com\/en\/wp-json\/wp\/v2\/media?parent=67301"}],"wp:term":[{"taxonomy":"product_brand","embeddable":true,"href":"https:\/\/3d-smartsolutions.com\/en\/wp-json\/wp\/v2\/product_brand?post=67301"},{"taxonomy":"product_cat","embeddable":true,"href":"https:\/\/3d-smartsolutions.com\/en\/wp-json\/wp\/v2\/product_cat?post=67301"},{"taxonomy":"product_tag","embeddable":true,"href":"https:\/\/3d-smartsolutions.com\/en\/wp-json\/wp\/v2\/product_tag?post=67301"}],"curies":[{"name":"wp","href":"https:\/\/api.w.org\/{rel}","templated":true}]}}