{"id":67302,"date":"2025-06-17T11:48:23","date_gmt":"2025-06-17T04:48:23","guid":{"rendered":"https:\/\/3d-smartsolutions.com\/san-pham\/formlabs-form-wash-l\/"},"modified":"2025-08-07T11:13:48","modified_gmt":"2025-08-07T04:13:48","slug":"formlabs-form-wash-l","status":"publish","type":"product","link":"https:\/\/3d-smartsolutions.com\/en\/formlabs-form-wash-l\/","title":{"rendered":"Formlabs Form Wash L"},"content":{"rendered":"<p>Form Wash L l\u00e0 tr\u1ea1m r\u1eeda m\u1eabu t\u1ef1 \u0111\u1ed9ng kh\u1ed5 l\u1edbn, \u0111\u01b0\u1ee3c thi\u1ebft k\u1ebf \u0111\u1ec3 x\u1eed l\u00fd c\u00e1c chi ti\u1ebft c\u00f3 k\u00edch th\u01b0\u1edbc l\u1edbn t\u1eeb m\u00e1y in Form 3L, Form 3BL ho\u1eb7c s\u1ed1 l\u01b0\u1ee3ng l\u1edbn c\u00e1c chi ti\u1ebft nh\u1ecf t\u1eeb nh\u1eefng m\u00e1y in kh\u00e1c c\u1ee7a Formlabs.<\/p>\n<p> Thi\u1ebft b\u1ecb n\u00e0y t\u1ef1 \u0111\u1ed9ng h\u00f3a ho\u00e0n to\u00e0n c\u00f4ng \u0111o\u1ea1n l\u00e0m s\u1ea1ch nh\u1ef1a (resin) th\u1eeba sau khi in. Ng\u01b0\u1eddi d\u00f9ng ch\u1ec9 c\u1ea7n \u0111\u1eb7t th\u1eb3ng b\u00e0n in v\u00e0o m\u00e1y, Form Wash L s\u1ebd t\u1ef1 \u0111\u1ed9ng khu\u1ea5y \u0111\u1ea3o dung m\u00f4i (nh\u01b0 IPA ho\u1eb7c TPM) \u0111\u1ec3 l\u00e0m s\u1ea1ch c\u00e1c b\u1ec1 m\u1eb7t ph\u1ee9c t\u1ea1p nh\u1ea5t m\u1ed9t c\u00e1ch nh\u1ea5t qu\u00e1n. Khi ho\u00e0n t\u1ea5t, n\u00f3 s\u1ebd t\u1ef1 \u0111\u1ed9ng n\u00e2ng c\u00e1c chi ti\u1ebft l\u00ean kh\u1ecfi dung m\u00f4i \u0111\u1ec3 r\u00e1o kh\u00f4, gi\u00fap ti\u1ebft ki\u1ec7m th\u1eddi gian, c\u00f4ng s\u1ee9c v\u00e0 \u0111\u1ea3m b\u1ea3o k\u1ebft qu\u1ea3 s\u1ea1ch s\u1ebd \u0111\u1ed3ng \u0111\u1ec1u cho m\u1ecdi l\u1ea7n r\u1eeda.<\/p>\n<p> \u0110\u00e2y l\u00e0 gi\u1ea3i ph\u00e1p thi\u1ebft y\u1ebfu \u0111\u1ec3 \u0111\u01a1n gi\u1ea3n h\u00f3a v\u00e0 ti\u00eau chu\u1ea9n h\u00f3a quy tr\u00ecnh h\u1eadu x\u1eed l\u00fd cho s\u1ea3n xu\u1ea5t quy m\u00f4 l\u1edbn v\u00e0 in 3D kh\u1ed5 l\u1edbn.<\/p>\n","protected":false},"excerpt":{"rendered":"<p>Form Wash L l\u00e0 tr\u1ea1m r\u1eeda m\u1eabu t\u1ef1 \u0111\u1ed9ng kh\u1ed5 l\u1edbn, \u0111\u01b0\u1ee3c thi\u1ebft k\u1ebf \u0111\u1ec3 x\u1eed l\u00fd c\u00e1c chi ti\u1ebft c\u00f3 k\u00edch th\u01b0\u1edbc l\u1edbn t\u1eeb m\u00e1y in Form 3L, Form 3BL ho\u1eb7c s\u1ed1 l\u01b0\u1ee3ng l\u1edbn c\u00e1c chi ti\u1ebft nh\u1ecf t\u1eeb nh\u1eefng m\u00e1y in kh\u00e1c c\u1ee7a Formlabs.<\/p>\n<p> Thi\u1ebft b\u1ecb n\u00e0y t\u1ef1 \u0111\u1ed9ng h\u00f3a ho\u00e0n to\u00e0n c\u00f4ng \u0111o\u1ea1n l\u00e0m s\u1ea1ch nh\u1ef1a (resin) th\u1eeba sau khi in. Ng\u01b0\u1eddi d\u00f9ng ch\u1ec9 c\u1ea7n \u0111\u1eb7t th\u1eb3ng b\u00e0n in v\u00e0o m\u00e1y, Form Wash L s\u1ebd t\u1ef1 \u0111\u1ed9ng khu\u1ea5y \u0111\u1ea3o dung m\u00f4i (nh\u01b0 IPA ho\u1eb7c TPM) \u0111\u1ec3 l\u00e0m s\u1ea1ch c\u00e1c b\u1ec1 m\u1eb7t ph\u1ee9c t\u1ea1p nh\u1ea5t m\u1ed9t c\u00e1ch nh\u1ea5t qu\u00e1n. Khi ho\u00e0n t\u1ea5t, n\u00f3 s\u1ebd t\u1ef1 \u0111\u1ed9ng n\u00e2ng c\u00e1c chi ti\u1ebft l\u00ean kh\u1ecfi dung m\u00f4i \u0111\u1ec3 r\u00e1o kh\u00f4, gi\u00fap ti\u1ebft ki\u1ec7m th\u1eddi gian, c\u00f4ng s\u1ee9c v\u00e0 \u0111\u1ea3m b\u1ea3o k\u1ebft qu\u1ea3 s\u1ea1ch s\u1ebd \u0111\u1ed3ng \u0111\u1ec1u cho m\u1ecdi l\u1ea7n r\u1eeda.<\/p>\n<p> \u0110\u00e2y l\u00e0 gi\u1ea3i ph\u00e1p thi\u1ebft y\u1ebfu \u0111\u1ec3 \u0111\u01a1n gi\u1ea3n h\u00f3a v\u00e0 ti\u00eau chu\u1ea9n h\u00f3a quy tr\u00ecnh h\u1eadu x\u1eed l\u00fd cho s\u1ea3n xu\u1ea5t quy m\u00f4 l\u1edbn v\u00e0 in 3D kh\u1ed5 l\u1edbn.<\/p>\n","protected":false},"featured_media":67130,"template":"","meta":{"_acf_changed":false},"product_brand":[1140],"product_cat":[860],"product_tag":[],"class_list":{"0":"post-67302","1":"product","2":"type-product","3":"status-publish","4":"has-post-thumbnail","6":"product_brand-formlabs-en","7":"product_cat-accesssories","9":"first","10":"onbackorder","11":"taxable","12":"shipping-taxable","13":"product-type-simple"},"acf":[],"_links":{"self":[{"href":"https:\/\/3d-smartsolutions.com\/en\/wp-json\/wp\/v2\/product\/67302","targetHints":{"allow":["GET"]}}],"collection":[{"href":"https:\/\/3d-smartsolutions.com\/en\/wp-json\/wp\/v2\/product"}],"about":[{"href":"https:\/\/3d-smartsolutions.com\/en\/wp-json\/wp\/v2\/types\/product"}],"wp:featuredmedia":[{"embeddable":true,"href":"https:\/\/3d-smartsolutions.com\/en\/wp-json\/wp\/v2\/media\/67130"}],"wp:attachment":[{"href":"https:\/\/3d-smartsolutions.com\/en\/wp-json\/wp\/v2\/media?parent=67302"}],"wp:term":[{"taxonomy":"product_brand","embeddable":true,"href":"https:\/\/3d-smartsolutions.com\/en\/wp-json\/wp\/v2\/product_brand?post=67302"},{"taxonomy":"product_cat","embeddable":true,"href":"https:\/\/3d-smartsolutions.com\/en\/wp-json\/wp\/v2\/product_cat?post=67302"},{"taxonomy":"product_tag","embeddable":true,"href":"https:\/\/3d-smartsolutions.com\/en\/wp-json\/wp\/v2\/product_tag?post=67302"}],"curies":[{"name":"wp","href":"https:\/\/api.w.org\/{rel}","templated":true}]}}