{"id":67303,"date":"2025-06-17T11:48:23","date_gmt":"2025-06-17T04:48:23","guid":{"rendered":"https:\/\/3d-smartsolutions.com\/san-pham\/form-3-resin-tank\/"},"modified":"2026-03-16T16:30:20","modified_gmt":"2026-03-16T09:30:20","slug":"form-3-resin-tank","status":"publish","type":"product","link":"https:\/\/3d-smartsolutions.com\/en\/form-3-resin-tank\/","title":{"rendered":"Form 3 Resin Tank"},"content":{"rendered":"<p>Form 3 Resin Tank l\u00e0 m\u1ed9t ph\u1ee5 ki\u1ec7n quan tr\u1ecdng, \u0111\u01b0\u1ee3c thi\u1ebft k\u1ebf chuy\u00ean d\u1ee5ng cho c\u00f4ng ngh\u1ec7 in 3D Low Force Stereolithography (LFS) c\u1ee7a m\u00e1y in Form 3 v\u00e0 Form 3B. \u0110i\u1ec3m \u0111\u1eb7c tr\u01b0ng c\u1ee7a Resin Tank l\u00e0 l\u1edbp m\u00e0ng phim quang h\u1ecdc linh ho\u1ea1t \u1edf \u0111\u00e1y. L\u1edbp m\u00e0ng n\u00e0y s\u1ebd u\u1ed1n cong nh\u1eb9 nh\u00e0ng khi m\u00e1y in b\u00f3c t\u00e1ch t\u1eebng l\u1edbp v\u1eadt li\u1ec7u, gi\u00fap gi\u1ea3m \u0111\u00e1ng k\u1ec3 l\u1ef1c t\u00e1c \u0111\u1ed9ng l\u00ean chi ti\u1ebft \u0111ang \u0111\u01b0\u1ee3c t\u1ea1o h\u00ecnh. C\u00f4ng ngh\u1ec7 n\u00e0y cho ph\u00e9p in c\u00e1c chi ti\u1ebft v\u1edbi &#8220;\u0111i\u1ec3m support&#8221; (ch\u00e2n ch\u1ed1ng) si\u00eau nh\u1ecf, d\u1ec5 d\u00e0ng g\u1ee1 b\u1ecf, \u0111\u1ed3ng th\u1eddi mang l\u1ea1i ch\u1ea5t l\u01b0\u1ee3ng b\u1ec1 m\u1eb7t l\u00e1ng m\u1ecbn v\u01b0\u1ee3t tr\u1ed9i v\u00e0 \u0111\u1ed9 chi ti\u1ebft s\u1eafc n\u00e9t. M\u1ed7i tank \u0111\u01b0\u1ee3c t\u00edch h\u1ee3p chip nh\u1eadn d\u1ea1ng \u0111\u1ec3 m\u00e1y in t\u1ef1 \u0111\u1ed9ng theo d\u00f5i lo\u1ea1i nh\u1ef1a v\u00e0 th\u1eddi gian s\u1eed d\u1ee5ng, gi\u00fap \u0111\u01a1n gi\u1ea3n h\u00f3a quy tr\u00ecnh l\u00e0m vi\u1ec7c v\u00e0 \u0111\u1ea3m b\u1ea3o k\u1ebft qu\u1ea3 in lu\u00f4n \u1ed5n \u0111\u1ecbnh.<\/p>\n","protected":false},"excerpt":{"rendered":"<p>Form 3 Resin Tank l\u00e0 m\u1ed9t ph\u1ee5 ki\u1ec7n quan tr\u1ecdng, \u0111\u01b0\u1ee3c thi\u1ebft k\u1ebf chuy\u00ean d\u1ee5ng cho c\u00f4ng ngh\u1ec7 in 3D Low Force Stereolithography (LFS) c\u1ee7a m\u00e1y in Form 3 v\u00e0 Form 3B.<\/p>\n<p>\u0110i\u1ec3m \u0111\u1eb7c tr\u01b0ng c\u1ee7a Resin Tank l\u00e0 l\u1edbp m\u00e0ng phim quang h\u1ecdc linh ho\u1ea1t \u1edf \u0111\u00e1y. L\u1edbp m\u00e0ng n\u00e0y s\u1ebd u\u1ed1n cong nh\u1eb9 nh\u00e0ng khi m\u00e1y in b\u00f3c t\u00e1ch t\u1eebng l\u1edbp v\u1eadt li\u1ec7u, gi\u00fap gi\u1ea3m \u0111\u00e1ng k\u1ec3 l\u1ef1c t\u00e1c \u0111\u1ed9ng l\u00ean chi ti\u1ebft \u0111ang \u0111\u01b0\u1ee3c t\u1ea1o h\u00ecnh. C\u00f4ng ngh\u1ec7 n\u00e0y cho ph\u00e9p in c\u00e1c chi ti\u1ebft v\u1edbi &#8220;\u0111i\u1ec3m support&#8221; (ch\u00e2n ch\u1ed1ng) si\u00eau nh\u1ecf, d\u1ec5 d\u00e0ng g\u1ee1 b\u1ecf, \u0111\u1ed3ng th\u1eddi mang l\u1ea1i ch\u1ea5t l\u01b0\u1ee3ng b\u1ec1 m\u1eb7t l\u00e1ng m\u1ecbn v\u01b0\u1ee3t tr\u1ed9i v\u00e0 \u0111\u1ed9 chi ti\u1ebft s\u1eafc n\u00e9t.<\/p>\n<p>M\u1ed7i tank \u0111\u01b0\u1ee3c t\u00edch h\u1ee3p chip nh\u1eadn d\u1ea1ng \u0111\u1ec3 m\u00e1y in t\u1ef1 \u0111\u1ed9ng theo d\u00f5i lo\u1ea1i nh\u1ef1a v\u00e0 th\u1eddi gian s\u1eed d\u1ee5ng, gi\u00fap \u0111\u01a1n gi\u1ea3n h\u00f3a quy tr\u00ecnh l\u00e0m vi\u1ec7c v\u00e0 \u0111\u1ea3m b\u1ea3o k\u1ebft qu\u1ea3 in lu\u00f4n \u1ed5n \u0111\u1ecbnh.<\/p>\n","protected":false},"featured_media":67133,"template":"","meta":{"_acf_changed":false},"product_brand":[1140],"product_cat":[860],"product_tag":[],"class_list":{"0":"post-67303","1":"product","2":"type-product","3":"status-publish","4":"has-post-thumbnail","6":"product_brand-formlabs-en","7":"product_cat-accesssories","9":"first","10":"onbackorder","11":"taxable","12":"shipping-taxable","13":"product-type-simple"},"acf":[],"_links":{"self":[{"href":"https:\/\/3d-smartsolutions.com\/en\/wp-json\/wp\/v2\/product\/67303","targetHints":{"allow":["GET"]}}],"collection":[{"href":"https:\/\/3d-smartsolutions.com\/en\/wp-json\/wp\/v2\/product"}],"about":[{"href":"https:\/\/3d-smartsolutions.com\/en\/wp-json\/wp\/v2\/types\/product"}],"wp:featuredmedia":[{"embeddable":true,"href":"https:\/\/3d-smartsolutions.com\/en\/wp-json\/wp\/v2\/media\/67133"}],"wp:attachment":[{"href":"https:\/\/3d-smartsolutions.com\/en\/wp-json\/wp\/v2\/media?parent=67303"}],"wp:term":[{"taxonomy":"product_brand","embeddable":true,"href":"https:\/\/3d-smartsolutions.com\/en\/wp-json\/wp\/v2\/product_brand?post=67303"},{"taxonomy":"product_cat","embeddable":true,"href":"https:\/\/3d-smartsolutions.com\/en\/wp-json\/wp\/v2\/product_cat?post=67303"},{"taxonomy":"product_tag","embeddable":true,"href":"https:\/\/3d-smartsolutions.com\/en\/wp-json\/wp\/v2\/product_tag?post=67303"}],"curies":[{"name":"wp","href":"https:\/\/api.w.org\/{rel}","templated":true}]}}