{"id":67304,"date":"2025-06-17T11:48:23","date_gmt":"2025-06-17T04:48:23","guid":{"rendered":"https:\/\/3d-smartsolutions.com\/san-pham\/form-3l-finish-kit-rinse-bucket-v2\/"},"modified":"2026-03-16T16:29:10","modified_gmt":"2026-03-16T09:29:10","slug":"form-3l-finish-kit-rinse-bucket-v2","status":"publish","type":"product","link":"https:\/\/3d-smartsolutions.com\/en\/form-3l-finish-kit-rinse-bucket-v2\/","title":{"rendered":"Form 3L Finish Kit: Rinse Bucket V2"},"content":{"rendered":"<p>Rinse Bucket V2 l\u00e0 m\u1ed9t ph\u1ee5 ki\u1ec7n chuy\u00ean d\u1ee5ng \u0111\u01b0\u1ee3c thi\u1ebft k\u1ebf \u0111\u1ec3 t\u1ed1i \u01b0u h\u00f3a quy tr\u00ecnh r\u1eeda m\u1eabu cho c\u00e1c m\u00e1y in 3D kh\u1ed5 l\u1edbn Form 3L v\u00e0 Form 3BL. \u0110i k\u00e8m v\u1edbi m\u1ed9t gi\u1ecf \u0111\u1ef1ng m\u1eabu v\u00e0 n\u1eafp \u0111\u1eady, th\u00f9ng r\u1eeda n\u00e0y cho ph\u00e9p ng\u01b0\u1eddi d\u00f9ng thi\u1ebft l\u1eadp m\u1ed9t quy tr\u00ecnh r\u1eeda hai giai \u0111o\u1ea1n (r\u1eeda s\u01a1 b\u1ed9 v\u00e0 r\u1eeda tinh) \u0111\u1ec3 \u0111\u1ea1t \u0111\u01b0\u1ee3c \u0111\u1ed9 s\u1ea1ch ho\u00e0n h\u1ea3o v\u00e0 k\u00e9o d\u00e0i tu\u1ed5i th\u1ecd dung m\u00f4i trong m\u00e1y Form Wash L. Ngo\u00e0i ra, \u0111\u00e2y c\u00f2n l\u00e0 gi\u1ea3i ph\u00e1p l\u00fd t\u01b0\u1edfng \u0111\u1ec3 ch\u1ee9a m\u1ed9t lo\u1ea1i dung m\u00f4i th\u1ee9 hai (nh\u01b0 TPM) ho\u1eb7c n\u01b0\u1edbc cho c\u00e1c lo\u1ea1i nh\u1ef1a c\u00f3 th\u1ec3 r\u1eeda b\u1eb1ng n\u01b0\u1edbc, gi\u00fap quy tr\u00ecnh l\u00e0m vi\u1ec7c tr\u1edf n\u00ean linh ho\u1ea1t v\u00e0 tr\u00e1nh \u0111\u01b0\u1ee3c t\u00ecnh tr\u1ea1ng nhi\u1ec5m ch\u00e9o h\u00f3a ch\u1ea5t.<\/p>\n","protected":false},"excerpt":{"rendered":"<p>Rinse Bucket V2 l\u00e0 m\u1ed9t ph\u1ee5 ki\u1ec7n chuy\u00ean d\u1ee5ng \u0111\u01b0\u1ee3c thi\u1ebft k\u1ebf \u0111\u1ec3 t\u1ed1i \u01b0u h\u00f3a quy tr\u00ecnh r\u1eeda m\u1eabu cho c\u00e1c m\u00e1y in 3D kh\u1ed5 l\u1edbn Form 3L v\u00e0 Form 3BL.<\/p>\n<p>\u0110i k\u00e8m v\u1edbi m\u1ed9t gi\u1ecf \u0111\u1ef1ng m\u1eabu v\u00e0 n\u1eafp \u0111\u1eady, th\u00f9ng r\u1eeda n\u00e0y cho ph\u00e9p ng\u01b0\u1eddi d\u00f9ng thi\u1ebft l\u1eadp m\u1ed9t quy tr\u00ecnh r\u1eeda hai giai \u0111o\u1ea1n (r\u1eeda s\u01a1 b\u1ed9 v\u00e0 r\u1eeda tinh) \u0111\u1ec3 \u0111\u1ea1t \u0111\u01b0\u1ee3c \u0111\u1ed9 s\u1ea1ch ho\u00e0n h\u1ea3o v\u00e0 k\u00e9o d\u00e0i tu\u1ed5i th\u1ecd dung m\u00f4i trong m\u00e1y Form Wash L.<\/p>\n<p>Ngo\u00e0i ra, \u0111\u00e2y c\u00f2n l\u00e0 gi\u1ea3i ph\u00e1p l\u00fd t\u01b0\u1edfng \u0111\u1ec3 ch\u1ee9a m\u1ed9t lo\u1ea1i dung m\u00f4i th\u1ee9 hai (nh\u01b0 TPM) ho\u1eb7c n\u01b0\u1edbc cho c\u00e1c lo\u1ea1i nh\u1ef1a c\u00f3 th\u1ec3 r\u1eeda b\u1eb1ng n\u01b0\u1edbc, gi\u00fap quy tr\u00ecnh l\u00e0m vi\u1ec7c tr\u1edf n\u00ean linh ho\u1ea1t v\u00e0 tr\u00e1nh \u0111\u01b0\u1ee3c t\u00ecnh tr\u1ea1ng nhi\u1ec5m ch\u00e9o h\u00f3a ch\u1ea5t.<\/p>\n","protected":false},"featured_media":67136,"template":"","meta":{"_acf_changed":false},"product_brand":[1140],"product_cat":[860],"product_tag":[],"class_list":{"0":"post-67304","1":"product","2":"type-product","3":"status-publish","4":"has-post-thumbnail","6":"product_brand-formlabs-en","7":"product_cat-accesssories","9":"first","10":"onbackorder","11":"taxable","12":"shipping-taxable","13":"product-type-simple"},"acf":[],"_links":{"self":[{"href":"https:\/\/3d-smartsolutions.com\/en\/wp-json\/wp\/v2\/product\/67304","targetHints":{"allow":["GET"]}}],"collection":[{"href":"https:\/\/3d-smartsolutions.com\/en\/wp-json\/wp\/v2\/product"}],"about":[{"href":"https:\/\/3d-smartsolutions.com\/en\/wp-json\/wp\/v2\/types\/product"}],"wp:featuredmedia":[{"embeddable":true,"href":"https:\/\/3d-smartsolutions.com\/en\/wp-json\/wp\/v2\/media\/67136"}],"wp:attachment":[{"href":"https:\/\/3d-smartsolutions.com\/en\/wp-json\/wp\/v2\/media?parent=67304"}],"wp:term":[{"taxonomy":"product_brand","embeddable":true,"href":"https:\/\/3d-smartsolutions.com\/en\/wp-json\/wp\/v2\/product_brand?post=67304"},{"taxonomy":"product_cat","embeddable":true,"href":"https:\/\/3d-smartsolutions.com\/en\/wp-json\/wp\/v2\/product_cat?post=67304"},{"taxonomy":"product_tag","embeddable":true,"href":"https:\/\/3d-smartsolutions.com\/en\/wp-json\/wp\/v2\/product_tag?post=67304"}],"curies":[{"name":"wp","href":"https:\/\/api.w.org\/{rel}","templated":true}]}}