{"id":67308,"date":"2025-04-26T22:06:21","date_gmt":"2025-04-26T15:06:21","guid":{"rendered":"https:\/\/3d-smartsolutions.com\/san-pham\/freescan-trak-pro2\/"},"modified":"2025-09-29T10:31:54","modified_gmt":"2025-09-29T03:31:54","slug":"freescan-trak-pro2","status":"publish","type":"product","link":"https:\/\/3d-smartsolutions.com\/en\/freescan-trak-pro2\/","title":{"rendered":"FreeScan Trak Pro2"},"content":{"rendered":"<p>FreeScan Trak Pro2 &#8211; M\u00e1y qu\u00e9t 3D laser c\u1ea7m tay c\u00f4ng nghi\u1ec7p m\u00f4 ph\u1ecfng 3D v\u1eadt th\u1ec3 v\u1edbi t\u1ed1c \u0111\u1ed9 nhanh ch\u00f3ng v\u00e0 \u0111\u1ed9 ch\u00ednh x\u00e1c tuy\u1ec7t v\u1eddi, \u1ee9ng d\u1ee5ng cho c\u00e1c m\u1eabu c\u01a1 kh\u00ed l\u1edbn, c\u00f4ng nghi\u1ec7p n\u1eb7ng m\u00e0 kh\u00f4ng c\u1ea7n \u0111i\u1ec3m d\u00e1n tham chi\u1ebfu.<\/p>\n","protected":false},"excerpt":{"rendered":"<p>FreeScan Trak Pro2 &#8211; M\u00e1y qu\u00e9t 3D laser c\u1ea7m tay c\u00f4ng nghi\u1ec7p m\u00f4 ph\u1ecfng 3D v\u1eadt th\u1ec3 v\u1edbi t\u1ed1c \u0111\u1ed9 nhanh ch\u00f3ng v\u00e0 \u0111\u1ed9 ch\u00ednh x\u00e1c tuy\u1ec7t v\u1eddi, \u1ee9ng d\u1ee5ng cho c\u00e1c m\u1eabu c\u01a1 kh\u00ed l\u1edbn, c\u00f4ng nghi\u1ec7p n\u1eb7ng m\u00e0 kh\u00f4ng c\u1ea7n \u0111i\u1ec3m d\u00e1n tham chi\u1ebfu.<\/p>\n","protected":false},"featured_media":68911,"template":"","meta":{"_acf_changed":false},"product_brand":[1252],"product_cat":[857],"product_tag":[],"class_list":{"0":"post-67308","1":"product","2":"type-product","3":"status-publish","4":"has-post-thumbnail","6":"product_brand-shining-3d-en","7":"product_cat-3d-scanners","8":"pa_do-chinh-xac-tu-0-02-0-04mm-en","9":"pa_kha-nang-quet-mau-khong-en","11":"first","12":"onbackorder","13":"taxable","14":"shipping-taxable","15":"product-type-simple"},"acf":[],"_links":{"self":[{"href":"https:\/\/3d-smartsolutions.com\/en\/wp-json\/wp\/v2\/product\/67308","targetHints":{"allow":["GET"]}}],"collection":[{"href":"https:\/\/3d-smartsolutions.com\/en\/wp-json\/wp\/v2\/product"}],"about":[{"href":"https:\/\/3d-smartsolutions.com\/en\/wp-json\/wp\/v2\/types\/product"}],"wp:featuredmedia":[{"embeddable":true,"href":"https:\/\/3d-smartsolutions.com\/en\/wp-json\/wp\/v2\/media\/68911"}],"wp:attachment":[{"href":"https:\/\/3d-smartsolutions.com\/en\/wp-json\/wp\/v2\/media?parent=67308"}],"wp:term":[{"taxonomy":"product_brand","embeddable":true,"href":"https:\/\/3d-smartsolutions.com\/en\/wp-json\/wp\/v2\/product_brand?post=67308"},{"taxonomy":"product_cat","embeddable":true,"href":"https:\/\/3d-smartsolutions.com\/en\/wp-json\/wp\/v2\/product_cat?post=67308"},{"taxonomy":"product_tag","embeddable":true,"href":"https:\/\/3d-smartsolutions.com\/en\/wp-json\/wp\/v2\/product_tag?post=67308"}],"curies":[{"name":"wp","href":"https:\/\/api.w.org\/{rel}","templated":true}]}}