{"id":67309,"date":"2025-04-26T22:06:21","date_gmt":"2025-04-26T15:06:21","guid":{"rendered":"https:\/\/3d-smartsolutions.com\/san-pham\/freescan-ue-nova\/"},"modified":"2025-09-29T10:32:46","modified_gmt":"2025-09-29T03:32:46","slug":"freescan-ue-nova","status":"publish","type":"product","link":"https:\/\/3d-smartsolutions.com\/en\/freescan-ue-nova\/","title":{"rendered":"FreeScan UE Nova"},"content":{"rendered":"<p>FreeScan UE Nova &#8211; M\u00e1y qu\u00e9t 3D laser c\u1ea7m tay kh\u00f4ng d\u00e2y, v\u1edbi ph\u1ea1m vi qu\u00e9t r\u1ed9ng l\u1edbn ph\u00f9 h\u1ee3p cho c\u00e1c d\u1ef1 \u00e1n ki\u1ec3m tra, \u0111o ki\u1ec3m trong c\u00e1c ng\u00e0nh c\u00f4ng nghi\u1ec7p n\u1eb7ng.<\/p>\n","protected":false},"excerpt":{"rendered":"<p>FreeScan UE Nova &#8211; M\u00e1y qu\u00e9t 3D laser c\u1ea7m tay kh\u00f4ng d\u00e2y, v\u1edbi ph\u1ea1m vi qu\u00e9t r\u1ed9ng l\u1edbn ph\u00f9 h\u1ee3p cho c\u00e1c d\u1ef1 \u00e1n ki\u1ec3m tra, \u0111o ki\u1ec3m trong c\u00e1c ng\u00e0nh c\u00f4ng nghi\u1ec7p n\u1eb7ng.<\/p>\n","protected":false},"featured_media":68913,"template":"","meta":{"_acf_changed":false},"product_brand":[1252],"product_cat":[857],"product_tag":[],"class_list":{"0":"post-67309","1":"product","2":"type-product","3":"status-publish","4":"has-post-thumbnail","6":"product_brand-shining-3d-en","7":"product_cat-3d-scanners","8":"pa_do-chinh-xac-tu-0-045-1mm-en","9":"pa_kha-nang-quet-mau-khong-en","11":"first","12":"onbackorder","13":"taxable","14":"shipping-taxable","15":"product-type-simple"},"acf":[],"_links":{"self":[{"href":"https:\/\/3d-smartsolutions.com\/en\/wp-json\/wp\/v2\/product\/67309","targetHints":{"allow":["GET"]}}],"collection":[{"href":"https:\/\/3d-smartsolutions.com\/en\/wp-json\/wp\/v2\/product"}],"about":[{"href":"https:\/\/3d-smartsolutions.com\/en\/wp-json\/wp\/v2\/types\/product"}],"wp:featuredmedia":[{"embeddable":true,"href":"https:\/\/3d-smartsolutions.com\/en\/wp-json\/wp\/v2\/media\/68913"}],"wp:attachment":[{"href":"https:\/\/3d-smartsolutions.com\/en\/wp-json\/wp\/v2\/media?parent=67309"}],"wp:term":[{"taxonomy":"product_brand","embeddable":true,"href":"https:\/\/3d-smartsolutions.com\/en\/wp-json\/wp\/v2\/product_brand?post=67309"},{"taxonomy":"product_cat","embeddable":true,"href":"https:\/\/3d-smartsolutions.com\/en\/wp-json\/wp\/v2\/product_cat?post=67309"},{"taxonomy":"product_tag","embeddable":true,"href":"https:\/\/3d-smartsolutions.com\/en\/wp-json\/wp\/v2\/product_tag?post=67309"}],"curies":[{"name":"wp","href":"https:\/\/api.w.org\/{rel}","templated":true}]}}