{"id":67310,"date":"2025-04-26T22:06:21","date_gmt":"2025-04-26T15:06:21","guid":{"rendered":"https:\/\/3d-smartsolutions.com\/san-pham\/optimscan-5m-plus\/"},"modified":"2025-09-29T10:27:36","modified_gmt":"2025-09-29T03:27:36","slug":"optimscan-5m-plus","status":"publish","type":"product","link":"https:\/\/3d-smartsolutions.com\/en\/optimscan-5m-plus\/","title":{"rendered":"OptimScan 5M plus"},"content":{"rendered":"<p>OptimScan 5M Plus &#8211; M\u00e1y qu\u00e9t 3D \u0111o l\u01b0\u1eddng c\u1ed1 \u0111\u1ecbnh v\u1edbi ba ph\u1ea1m vi qu\u00e9t, t\u01b0\u01a1ng th\u00edch v\u1edbi \u0111a d\u1ea1ng c\u00e1c \u1ee9ng d\u1ee5ng \u0111o ki\u1ec3m y\u00eau c\u1ea7u \u0111\u1ed9 ch\u00ednh x\u00e1c l\u00ean \u0111\u1ebfn 0.005mm, ph\u00f9 h\u1ee3p cho c\u00e1c ph\u00f2ng QC ki\u1ec3m so\u00e1t ch\u1ea5t l\u01b0\u1ee3ng s\u1ea3n ph\u1ea9m nhanh ch\u00f3ng v\u00e0 t\u1ef1 \u0111\u1ed9ng h\u00f3a.<\/p>\n","protected":false},"excerpt":{"rendered":"<p>OptimScan 5M Plus &#8211; M\u00e1y qu\u00e9t 3D \u0111o l\u01b0\u1eddng c\u1ed1 \u0111\u1ecbnh v\u1edbi ba ph\u1ea1m vi qu\u00e9t, t\u01b0\u01a1ng th\u00edch v\u1edbi \u0111a d\u1ea1ng c\u00e1c \u1ee9ng d\u1ee5ng \u0111o ki\u1ec3m y\u00eau c\u1ea7u \u0111\u1ed9 ch\u00ednh x\u00e1c l\u00ean \u0111\u1ebfn 0.005mm, ph\u00f9 h\u1ee3p cho c\u00e1c ph\u00f2ng QC ki\u1ec3m so\u00e1t ch\u1ea5t l\u01b0\u1ee3ng s\u1ea3n ph\u1ea9m nhanh ch\u00f3ng v\u00e0 t\u1ef1 \u0111\u1ed9ng h\u00f3a.<\/p>\n","protected":false},"featured_media":64302,"template":"","meta":{"_acf_changed":false},"product_brand":[1252],"product_cat":[857],"product_tag":[],"class_list":{"0":"post-67310","1":"product","2":"type-product","3":"status-publish","4":"has-post-thumbnail","6":"product_brand-shining-3d-en","7":"product_cat-3d-scanners","8":"pa_do-chinh-xac-nho-hon-0-02mm-en","9":"pa_kha-nang-quet-mau-khong-en","11":"first","12":"onbackorder","13":"taxable","14":"shipping-taxable","15":"product-type-simple"},"acf":[],"_links":{"self":[{"href":"https:\/\/3d-smartsolutions.com\/en\/wp-json\/wp\/v2\/product\/67310","targetHints":{"allow":["GET"]}}],"collection":[{"href":"https:\/\/3d-smartsolutions.com\/en\/wp-json\/wp\/v2\/product"}],"about":[{"href":"https:\/\/3d-smartsolutions.com\/en\/wp-json\/wp\/v2\/types\/product"}],"wp:featuredmedia":[{"embeddable":true,"href":"https:\/\/3d-smartsolutions.com\/en\/wp-json\/wp\/v2\/media\/64302"}],"wp:attachment":[{"href":"https:\/\/3d-smartsolutions.com\/en\/wp-json\/wp\/v2\/media?parent=67310"}],"wp:term":[{"taxonomy":"product_brand","embeddable":true,"href":"https:\/\/3d-smartsolutions.com\/en\/wp-json\/wp\/v2\/product_brand?post=67310"},{"taxonomy":"product_cat","embeddable":true,"href":"https:\/\/3d-smartsolutions.com\/en\/wp-json\/wp\/v2\/product_cat?post=67310"},{"taxonomy":"product_tag","embeddable":true,"href":"https:\/\/3d-smartsolutions.com\/en\/wp-json\/wp\/v2\/product_tag?post=67310"}],"curies":[{"name":"wp","href":"https:\/\/api.w.org\/{rel}","templated":true}]}}