{"id":67357,"date":"2025-06-11T14:03:44","date_gmt":"2025-06-11T07:03:44","guid":{"rendered":"https:\/\/3d-smartsolutions.com\/san-pham\/materialise-magics-professional-sla-dlp-annual\/"},"modified":"2025-11-25T13:24:52","modified_gmt":"2025-11-25T06:24:52","slug":"materialise-magics-professional-sla-dlp-annual","status":"publish","type":"product","link":"https:\/\/3d-smartsolutions.com\/en\/materialise-magics-professional-sla-dlp-annual\/","title":{"rendered":"Materialise Magics Professional SLA\/DLP"},"content":{"rendered":"<ul>\n<li data-start=\"223\" data-end=\"387\">\n<p data-start=\"225\" data-end=\"387\"><strong data-start=\"225\" data-end=\"247\">Materialise Magics<\/strong> l\u00e0 ph\u1ea7n m\u1ec1m chu\u1ea9n b\u1ecb (data &amp; build preparation) d\u00e0nh cho s\u1ea3n xu\u1ea5t 3D (AM \u2013 Additive Manufacturing).<\/p>\n<\/li>\n<li data-start=\"388\" data-end=\"552\">\n<p data-start=\"390\" data-end=\"552\">Magics trung l\u1eadp v\u1ec1 c\u00f4ng ngh\u1ec7 (\u201ctechnology neutral\u201d), h\u1ed7 tr\u1ee3 r\u1ea5t nhi\u1ec1u c\u00f4ng ngh\u1ec7 in 3D: SLA, DLP, SLS, MJF, kim lo\u1ea1i, v.v.<\/p>\n<\/li>\n<li data-start=\"553\" data-end=\"790\">\n<p data-start=\"555\" data-end=\"790\">N\u00f3 \u0111\u01b0\u1ee3c thi\u1ebft k\u1ebf \u0111\u1ec3 gi\u00fap ng\u01b0\u1eddi d\u00f9ng s\u1eeda file, t\u1ea1o c\u1ea5u tr\u00fac \u0111\u1ee1 (support), s\u1eafp x\u1ebfp chi ti\u1ebft (nesting), ph\u00e2n t\u00edch build, b\u00e1o c\u00e1o, v\u00e0 chuy\u1ec3n d\u1eef li\u1ec7u sang m\u00e1y in (\u201cbuild processor\u201d) m\u1ed9t c\u00e1ch hi\u1ec7u qu\u1ea3.<\/p>\n<\/li>\n<\/ul>\n","protected":false},"excerpt":{"rendered":"<ul>\n<li data-start=\"223\" data-end=\"387\">\n<p data-start=\"225\" data-end=\"387\"><strong data-start=\"225\" data-end=\"247\">Materialise Magics<\/strong> l\u00e0 ph\u1ea7n m\u1ec1m chu\u1ea9n b\u1ecb (data &amp; build preparation) d\u00e0nh cho s\u1ea3n xu\u1ea5t 3D (AM \u2013 Additive Manufacturing).<\/p>\n<\/li>\n<li data-start=\"388\" data-end=\"552\">\n<p data-start=\"390\" data-end=\"552\">Magics trung l\u1eadp v\u1ec1 c\u00f4ng ngh\u1ec7 (\u201ctechnology neutral\u201d), h\u1ed7 tr\u1ee3 r\u1ea5t nhi\u1ec1u c\u00f4ng ngh\u1ec7 in 3D: SLA, DLP, SLS, MJF, kim lo\u1ea1i, v.v.<\/p>\n<\/li>\n<li data-start=\"553\" data-end=\"790\">\n<p data-start=\"555\" data-end=\"790\">N\u00f3 \u0111\u01b0\u1ee3c thi\u1ebft k\u1ebf \u0111\u1ec3 gi\u00fap ng\u01b0\u1eddi d\u00f9ng s\u1eeda file, t\u1ea1o c\u1ea5u tr\u00fac \u0111\u1ee1 (support), s\u1eafp x\u1ebfp chi ti\u1ebft (nesting), ph\u00e2n t\u00edch build, b\u00e1o c\u00e1o, v\u00e0 chuy\u1ec3n d\u1eef li\u1ec7u sang m\u00e1y in (\u201cbuild processor\u201d) m\u1ed9t c\u00e1ch hi\u1ec7u qu\u1ea3.<\/p>\n<\/li>\n<\/ul>\n","protected":false},"featured_media":64085,"template":"","meta":{"_acf_changed":false},"product_brand":[1149],"product_cat":[859],"product_tag":[],"class_list":{"0":"post-67357","1":"product","2":"type-product","3":"status-publish","4":"has-post-thumbnail","6":"product_brand-materialise-en","7":"product_cat-software","9":"first","10":"instock","11":"purchasable","12":"product-type-variable","13":"has-default-attributes"},"acf":[],"_links":{"self":[{"href":"https:\/\/3d-smartsolutions.com\/en\/wp-json\/wp\/v2\/product\/67357","targetHints":{"allow":["GET"]}}],"collection":[{"href":"https:\/\/3d-smartsolutions.com\/en\/wp-json\/wp\/v2\/product"}],"about":[{"href":"https:\/\/3d-smartsolutions.com\/en\/wp-json\/wp\/v2\/types\/product"}],"wp:featuredmedia":[{"embeddable":true,"href":"https:\/\/3d-smartsolutions.com\/en\/wp-json\/wp\/v2\/media\/64085"}],"wp:attachment":[{"href":"https:\/\/3d-smartsolutions.com\/en\/wp-json\/wp\/v2\/media?parent=67357"}],"wp:term":[{"taxonomy":"product_brand","embeddable":true,"href":"https:\/\/3d-smartsolutions.com\/en\/wp-json\/wp\/v2\/product_brand?post=67357"},{"taxonomy":"product_cat","embeddable":true,"href":"https:\/\/3d-smartsolutions.com\/en\/wp-json\/wp\/v2\/product_cat?post=67357"},{"taxonomy":"product_tag","embeddable":true,"href":"https:\/\/3d-smartsolutions.com\/en\/wp-json\/wp\/v2\/product_tag?post=67357"}],"curies":[{"name":"wp","href":"https:\/\/api.w.org\/{rel}","templated":true}]}}