{"id":67361,"date":"2025-06-11T14:03:44","date_gmt":"2025-06-11T07:03:44","guid":{"rendered":"https:\/\/3d-smartsolutions.com\/san-pham\/materialise-lattice-module-new-as-of-magics-28-annual\/"},"modified":"2025-10-07T13:04:18","modified_gmt":"2025-10-07T06:04:18","slug":"materialise-lattice-module-new-as-of-magics-28-annual","status":"publish","type":"product","link":"https:\/\/3d-smartsolutions.com\/en\/materialise-lattice-module-new-as-of-magics-28-annual\/","title":{"rendered":"Materialise Lattice Module (NEW &#8211; as of Magics 28)"},"content":{"rendered":"<p>G\u00f3i b\u1ea3n quy\u1ec1n theo n\u0103m c\u1ee7a M\u00f4-\u0111un Lattice gi\u00fap gi\u1ea3m thi\u1ec3u t\u1ed1i \u0111a kh\u1ed1i l\u01b0\u1ee3ng c\u1ee7a s\u1ea3n ph\u1ea9m trong khi v\u1eabn gi\u1eef \u0111\u01b0\u1ee3c \u0111\u1ed9 b\u1ec1n theo y\u00eau c\u1ea7u.<\/p>\n<ul>\n<li>T\u00edch h\u1ee3p c\u1ea5u tr\u00fac Lattice v\u00e0o thi\u1ebft k\u1ebf gi\u00fap gi\u1ea3m chi ph\u00ed v\u1eadt li\u1ec7u, th\u1eddi gian in v\u00e0 t\u00edch t\u1ee5 nhi\u1ec7t.<\/li>\n<li>Cung c\u1ea5p nhi\u1ec1u lo\u1ea1i c\u1ea5u tr\u00fac kh\u00e1c nhau v\u00e0 ki\u1ec3m so\u00e1t chi ti\u1ebft \u0111\u1ed1i v\u1edbi k\u1ebft qu\u1ea3 cu\u1ed1i c\u00f9ng.<\/li>\n<li>H\u1ed7 tr\u1ee3 c\u00e1c \u1ee9ng d\u1ee5ng trao \u0111\u1ed5i nhi\u1ec7t, h\u1ea5p th\u1ee5 s\u1ed1c v\u00e0 \u0111\u00fac trong c\u00e1c ng\u00e0nh c\u00f4ng nghi\u1ec7p nh\u01b0 h\u00e0ng kh\u00f4ng v\u0169 tr\u1ee5 v\u00e0 ch\u0103m s\u00f3c s\u1ee9c kh\u1ecfe.<\/li>\n<\/ul>\n","protected":false},"excerpt":{"rendered":"<p>G\u00f3i b\u1ea3n quy\u1ec1n theo n\u0103m c\u1ee7a M\u00f4-\u0111un Lattice gi\u00fap gi\u1ea3m thi\u1ec3u t\u1ed1i \u0111a kh\u1ed1i l\u01b0\u1ee3ng c\u1ee7a s\u1ea3n ph\u1ea9m trong khi v\u1eabn gi\u1eef \u0111\u01b0\u1ee3c \u0111\u1ed9 b\u1ec1n theo y\u00eau c\u1ea7u.<\/p>\n<ul>\n<li>T\u00edch h\u1ee3p c\u1ea5u tr\u00fac Lattice v\u00e0o thi\u1ebft k\u1ebf gi\u00fap gi\u1ea3m chi ph\u00ed v\u1eadt li\u1ec7u, th\u1eddi gian in v\u00e0 t\u00edch t\u1ee5 nhi\u1ec7t.<\/li>\n<li>Cung c\u1ea5p nhi\u1ec1u lo\u1ea1i c\u1ea5u tr\u00fac kh\u00e1c nhau v\u00e0 ki\u1ec3m so\u00e1t chi ti\u1ebft \u0111\u1ed1i v\u1edbi k\u1ebft qu\u1ea3 cu\u1ed1i c\u00f9ng.<\/li>\n<li>H\u1ed7 tr\u1ee3 c\u00e1c \u1ee9ng d\u1ee5ng trao \u0111\u1ed5i nhi\u1ec7t, h\u1ea5p th\u1ee5 s\u1ed1c v\u00e0 \u0111\u00fac trong c\u00e1c ng\u00e0nh c\u00f4ng nghi\u1ec7p nh\u01b0 h\u00e0ng kh\u00f4ng v\u0169 tr\u1ee5 v\u00e0 ch\u0103m s\u00f3c s\u1ee9c kh\u1ecfe.<\/li>\n<\/ul>\n","protected":false},"featured_media":64085,"template":"","meta":{"_acf_changed":false},"product_brand":[1149],"product_cat":[859],"product_tag":[],"class_list":{"0":"post-67361","1":"product","2":"type-product","3":"status-publish","4":"has-post-thumbnail","6":"product_brand-materialise-en","7":"product_cat-software","9":"first","10":"instock","11":"purchasable","12":"product-type-variable","13":"has-default-attributes"},"acf":[],"_links":{"self":[{"href":"https:\/\/3d-smartsolutions.com\/en\/wp-json\/wp\/v2\/product\/67361","targetHints":{"allow":["GET"]}}],"collection":[{"href":"https:\/\/3d-smartsolutions.com\/en\/wp-json\/wp\/v2\/product"}],"about":[{"href":"https:\/\/3d-smartsolutions.com\/en\/wp-json\/wp\/v2\/types\/product"}],"wp:featuredmedia":[{"embeddable":true,"href":"https:\/\/3d-smartsolutions.com\/en\/wp-json\/wp\/v2\/media\/64085"}],"wp:attachment":[{"href":"https:\/\/3d-smartsolutions.com\/en\/wp-json\/wp\/v2\/media?parent=67361"}],"wp:term":[{"taxonomy":"product_brand","embeddable":true,"href":"https:\/\/3d-smartsolutions.com\/en\/wp-json\/wp\/v2\/product_brand?post=67361"},{"taxonomy":"product_cat","embeddable":true,"href":"https:\/\/3d-smartsolutions.com\/en\/wp-json\/wp\/v2\/product_cat?post=67361"},{"taxonomy":"product_tag","embeddable":true,"href":"https:\/\/3d-smartsolutions.com\/en\/wp-json\/wp\/v2\/product_tag?post=67361"}],"curies":[{"name":"wp","href":"https:\/\/api.w.org\/{rel}","templated":true}]}}