{"id":67367,"date":"2025-06-11T14:03:44","date_gmt":"2025-06-11T07:03:44","guid":{"rendered":"https:\/\/3d-smartsolutions.com\/san-pham\/materialise-slice-module-stactic\/"},"modified":"2025-09-05T15:01:31","modified_gmt":"2025-09-05T08:01:31","slug":"materialise-slice-module-stactic","status":"publish","type":"product","link":"https:\/\/3d-smartsolutions.com\/en\/materialise-slice-module-stactic\/","title":{"rendered":"Materialise SLICE Module Stactic"},"content":{"rendered":"<p>M\u00f4-\u0111un Slice c\u1ee7a Materialise Magics \u0111\u01b0\u1ee3c thi\u1ebft k\u1ebf \u0111\u1ec3 h\u1ed7 tr\u1ee3 xu\u1ea5t d\u1eef li\u1ec7u slice \u0111\u1ec3 in 3D, \u0111\u1eb7c bi\u1ec7t l\u00e0 \u0111\u1ed1i v\u1edbi c\u00e1c m\u00e1y kh\u00f4ng c\u00f3 b\u1ed9 x\u1eed l\u00fd d\u1ef1ng chuy\u00ean d\u1ee5ng.<\/p>\n<ul>\n<li>M\u00f4-\u0111un n\u00e0y cho ph\u00e9p ng\u01b0\u1eddi d\u00f9ng chuy\u1ec3n \u0111\u1ed5i c\u00e1c m\u00f4 h\u00ecnh 3D th\u00e0nh c\u00e1c \u0111\u1ecbnh d\u1ea1ng slice nh\u01b0 .slc v\u00e0 .cli.<\/li>\n<li>C\u00e1c \u0111\u1ecbnh d\u1ea1ng n\u00e0y th\u01b0\u1eddng \u0111\u01b0\u1ee3c s\u1eed d\u1ee5ng trong nhi\u1ec1u quy tr\u00ecnh s\u1ea3n xu\u1ea5t b\u1ed3i \u0111\u1eafp kh\u00e1c nhau.<\/li>\n<\/ul>\n<p>B\u1ea3n quy\u1ec1n v\u0129nh vi\u1ec5n c\u1ed1 \u0111\u1ecbnh.<\/p>\n","protected":false},"excerpt":{"rendered":"<p>M\u00f4-\u0111un Slice c\u1ee7a Materialise Magics \u0111\u01b0\u1ee3c thi\u1ebft k\u1ebf \u0111\u1ec3 h\u1ed7 tr\u1ee3 xu\u1ea5t d\u1eef li\u1ec7u slice \u0111\u1ec3 in 3D, \u0111\u1eb7c bi\u1ec7t l\u00e0 \u0111\u1ed1i v\u1edbi c\u00e1c m\u00e1y kh\u00f4ng c\u00f3 b\u1ed9 x\u1eed l\u00fd d\u1ef1ng chuy\u00ean d\u1ee5ng.<\/p>\n<ul>\n<li>M\u00f4-\u0111un n\u00e0y cho ph\u00e9p ng\u01b0\u1eddi d\u00f9ng chuy\u1ec3n \u0111\u1ed5i c\u00e1c m\u00f4 h\u00ecnh 3D th\u00e0nh c\u00e1c \u0111\u1ecbnh d\u1ea1ng slice nh\u01b0 .slc v\u00e0 .cli.<\/li>\n<li>C\u00e1c \u0111\u1ecbnh d\u1ea1ng n\u00e0y th\u01b0\u1eddng \u0111\u01b0\u1ee3c s\u1eed d\u1ee5ng trong nhi\u1ec1u quy tr\u00ecnh s\u1ea3n xu\u1ea5t b\u1ed3i \u0111\u1eafp kh\u00e1c nhau.<\/li>\n<\/ul>\n<p>B\u1ea3n quy\u1ec1n v\u0129nh vi\u1ec5n c\u1ed1 \u0111\u1ecbnh.<\/p>\n","protected":false},"featured_media":64085,"template":"","meta":{"_acf_changed":false},"product_brand":[1149],"product_cat":[859],"product_tag":[],"class_list":{"0":"post-67367","1":"product","2":"type-product","3":"status-publish","4":"has-post-thumbnail","6":"product_brand-materialise-en","7":"product_cat-software","9":"first","10":"instock","11":"purchasable","12":"product-type-variable","13":"has-default-attributes"},"acf":[],"_links":{"self":[{"href":"https:\/\/3d-smartsolutions.com\/en\/wp-json\/wp\/v2\/product\/67367","targetHints":{"allow":["GET"]}}],"collection":[{"href":"https:\/\/3d-smartsolutions.com\/en\/wp-json\/wp\/v2\/product"}],"about":[{"href":"https:\/\/3d-smartsolutions.com\/en\/wp-json\/wp\/v2\/types\/product"}],"wp:featuredmedia":[{"embeddable":true,"href":"https:\/\/3d-smartsolutions.com\/en\/wp-json\/wp\/v2\/media\/64085"}],"wp:attachment":[{"href":"https:\/\/3d-smartsolutions.com\/en\/wp-json\/wp\/v2\/media?parent=67367"}],"wp:term":[{"taxonomy":"product_brand","embeddable":true,"href":"https:\/\/3d-smartsolutions.com\/en\/wp-json\/wp\/v2\/product_brand?post=67367"},{"taxonomy":"product_cat","embeddable":true,"href":"https:\/\/3d-smartsolutions.com\/en\/wp-json\/wp\/v2\/product_cat?post=67367"},{"taxonomy":"product_tag","embeddable":true,"href":"https:\/\/3d-smartsolutions.com\/en\/wp-json\/wp\/v2\/product_tag?post=67367"}],"curies":[{"name":"wp","href":"https:\/\/api.w.org\/{rel}","templated":true}]}}