{"id":67370,"date":"2025-06-11T14:03:44","date_gmt":"2025-06-11T07:03:44","guid":{"rendered":"https:\/\/3d-smartsolutions.com\/san-pham\/materialise-nester-previously-sintermodule-annual\/"},"modified":"2025-10-07T13:13:13","modified_gmt":"2025-10-07T06:13:13","slug":"materialise-nester-previously-sintermodule-annual","status":"publish","type":"product","link":"https:\/\/3d-smartsolutions.com\/en\/materialise-nester-previously-sintermodule-annual\/","title":{"rendered":"Materialise Nester (Previously Sintermodule)"},"content":{"rendered":"<p>G\u00f3i b\u1ea3n quy\u1ec1n theo n\u0103m c\u1ee7a M\u00f4-\u0111un Sinter cho ph\u00e9p b\u1ea1n x\u1ebfp ch\u1ed3ng c\u00e1c m\u00f4 h\u00ecnh 3D c\u1ee7a m\u00ecnh theo c\u00e1ch c\u00f3 ki\u1ec3m so\u00e1t.<\/p>\n<ul>\n<li>C\u00f9ng v\u1edbi c\u00e1c thu\u1eadt to\u00e1n n\u00e2ng cao v\u00e0 t\u1ed1c \u0111\u1ed9, m\u00f4-\u0111un n\u00e0y cung c\u1ea5p c\u00e1c t\u00f9y ch\u1ecdn \u0111\u1ec3 b\u1ea3o v\u1ec7 c\u00e1c b\u1ed9 ph\u1eadn nh\u1ecf.<\/li>\n<li>Ch\u1ec9 ra c\u00e1c v\u00f9ng c\u1ea7n tr\u00e1nh khi in v\u00e0 h\u1ed7 tr\u1ee3 in tr\u00ean nhi\u1ec1u m\u00e1y.<\/li>\n<li>B\u1ed9 t\u1ed1i \u01b0u h\u00f3a th\u1ec3 t\u00edch l\u00e1t c\u1eaft l\u00e0m gi\u1ea3m s\u1ef1 thay \u0111\u1ed5i trong di\u1ec7n t\u00edch b\u1ec1 m\u1eb7t c\u1ee7a m\u1ed7i l\u1edbp, d\u1eabn \u0111\u1ebfn \u00edt thay \u0111\u1ed5i nhi\u1ec7t \u0111\u1ed9 v\u00e0 co ng\u00f3t h\u01a1n, gi\u00fap ch\u1ea5t l\u01b0\u1ee3ng s\u1ea3n ph\u1ea9m t\u1ed1t h\u01a1n.<\/li>\n<li>T\u0103ng m\u1eadt \u0111\u1ed9 s\u1eafp x\u1ebfp \u0111\u1ec3 t\u1eadn d\u1ee5ng t\u1ed1i \u0111a k\u00edch th\u01b0\u1edbc bu\u1ed3ng in trong m\u1ed9t l\u1ea7n in, gi\u00fap ti\u1ebft ki\u1ec7m th\u1eddi gian, gi\u1ea3m l\u01b0\u1ee3ng b\u1ed9t s\u1eed d\u1ee5ng v\u00e0 tr\u00e1nh ph\u1ebf li\u1ec7u.<\/li>\n<\/ul>\n","protected":false},"excerpt":{"rendered":"<p>G\u00f3i b\u1ea3n quy\u1ec1n theo n\u0103m c\u1ee7a M\u00f4-\u0111un Sinter cho ph\u00e9p b\u1ea1n x\u1ebfp ch\u1ed3ng c\u00e1c m\u00f4 h\u00ecnh 3D c\u1ee7a m\u00ecnh theo c\u00e1ch c\u00f3 ki\u1ec3m so\u00e1t.<\/p>\n<ul>\n<li>C\u00f9ng v\u1edbi c\u00e1c thu\u1eadt to\u00e1n n\u00e2ng cao v\u00e0 t\u1ed1c \u0111\u1ed9, m\u00f4-\u0111un n\u00e0y cung c\u1ea5p c\u00e1c t\u00f9y ch\u1ecdn \u0111\u1ec3 b\u1ea3o v\u1ec7 c\u00e1c b\u1ed9 ph\u1eadn nh\u1ecf.<\/li>\n<li>Ch\u1ec9 ra c\u00e1c v\u00f9ng c\u1ea7n tr\u00e1nh khi in v\u00e0 h\u1ed7 tr\u1ee3 in tr\u00ean nhi\u1ec1u m\u00e1y.<\/li>\n<li>B\u1ed9 t\u1ed1i \u01b0u h\u00f3a th\u1ec3 t\u00edch l\u00e1t c\u1eaft l\u00e0m gi\u1ea3m s\u1ef1 thay \u0111\u1ed5i trong di\u1ec7n t\u00edch b\u1ec1 m\u1eb7t c\u1ee7a m\u1ed7i l\u1edbp, d\u1eabn \u0111\u1ebfn \u00edt thay \u0111\u1ed5i nhi\u1ec7t \u0111\u1ed9 v\u00e0 co ng\u00f3t h\u01a1n, gi\u00fap ch\u1ea5t l\u01b0\u1ee3ng s\u1ea3n ph\u1ea9m t\u1ed1t h\u01a1n.<\/li>\n<li>T\u0103ng m\u1eadt \u0111\u1ed9 s\u1eafp x\u1ebfp \u0111\u1ec3 t\u1eadn d\u1ee5ng t\u1ed1i \u0111a k\u00edch th\u01b0\u1edbc bu\u1ed3ng in trong m\u1ed9t l\u1ea7n in, gi\u00fap ti\u1ebft ki\u1ec7m th\u1eddi gian, gi\u1ea3m l\u01b0\u1ee3ng b\u1ed9t s\u1eed d\u1ee5ng v\u00e0 tr\u00e1nh ph\u1ebf li\u1ec7u.<\/li>\n<\/ul>\n","protected":false},"featured_media":64085,"template":"","meta":{"_acf_changed":false},"product_brand":[1149],"product_cat":[859],"product_tag":[],"class_list":{"0":"post-67370","1":"product","2":"type-product","3":"status-publish","4":"has-post-thumbnail","6":"product_brand-materialise-en","7":"product_cat-software","9":"first","10":"instock","11":"purchasable","12":"product-type-variable","13":"has-default-attributes"},"acf":[],"_links":{"self":[{"href":"https:\/\/3d-smartsolutions.com\/en\/wp-json\/wp\/v2\/product\/67370","targetHints":{"allow":["GET"]}}],"collection":[{"href":"https:\/\/3d-smartsolutions.com\/en\/wp-json\/wp\/v2\/product"}],"about":[{"href":"https:\/\/3d-smartsolutions.com\/en\/wp-json\/wp\/v2\/types\/product"}],"wp:featuredmedia":[{"embeddable":true,"href":"https:\/\/3d-smartsolutions.com\/en\/wp-json\/wp\/v2\/media\/64085"}],"wp:attachment":[{"href":"https:\/\/3d-smartsolutions.com\/en\/wp-json\/wp\/v2\/media?parent=67370"}],"wp:term":[{"taxonomy":"product_brand","embeddable":true,"href":"https:\/\/3d-smartsolutions.com\/en\/wp-json\/wp\/v2\/product_brand?post=67370"},{"taxonomy":"product_cat","embeddable":true,"href":"https:\/\/3d-smartsolutions.com\/en\/wp-json\/wp\/v2\/product_cat?post=67370"},{"taxonomy":"product_tag","embeddable":true,"href":"https:\/\/3d-smartsolutions.com\/en\/wp-json\/wp\/v2\/product_tag?post=67370"}],"curies":[{"name":"wp","href":"https:\/\/api.w.org\/{rel}","templated":true}]}}