{"id":67373,"date":"2025-06-11T14:03:44","date_gmt":"2025-06-11T07:03:44","guid":{"rendered":"https:\/\/3d-smartsolutions.com\/san-pham\/materialise-magics-sg-floating\/"},"modified":"2025-09-05T15:25:48","modified_gmt":"2025-09-05T08:25:48","slug":"materialise-magics-sg-floating","status":"publish","type":"product","link":"https:\/\/3d-smartsolutions.com\/en\/materialise-magics-sg-floating\/","title":{"rendered":"Materialise Magics SG+ Floating"},"content":{"rendered":"<p>Support Generation metal module (SG+) cung c\u1ea5p m\u1ed9t b\u1ed9 c\u00f4ng c\u1ee5 m\u1edf r\u1ed9ng \u0111\u1ec3 t\u1ed1i \u0111a h\u00f3a n\u0103ng su\u1ea5t c\u1ee7a m\u00e1y in b\u1ed9t kim lo\u1ea1i.<\/p>\n<ul>\n<li>V\u1edbi s\u1ef1 k\u1ebft h\u1ee3p c\u1ee7a c\u00e1c c\u1ea5u tr\u00fac Solid v\u00e0 Non-solid c\u00f3 th\u1ec3 t\u00f9y ch\u1ec9nh, b\u1ea1n c\u00f3 th\u1ec3 t\u1ed1i \u01b0u h\u00f3a c\u1ea5u tr\u00fac h\u1ed7 tr\u1ee3 v\u00e0 c\u1ea3i thi\u1ec7n truy\u1ec1n \u0111\u1ed9ng nhi\u1ec7t \u0111\u1ec3 tr\u00e1nh t\u00e1ch r\u1eddi ho\u1eb7c cong v\u00eanh.<\/li>\n<li>Gi\u1ea3m thi\u1ec3u l\u1ed7i trong qu\u00e1 tr\u00ecnh in.<\/li>\n<li>\u0110\u1ea3m b\u1ea3o ch\u1ea5t l\u01b0\u1ee3ng s\u1ea3n ph\u1ea9m \u0111\u1ea1t chu\u1ea9n.<\/li>\n<\/ul>\n<p>B\u1ea3n quy\u1ec1n v\u0129nh vi\u1ec5n h\u1ec7 th\u1ed1ng.<\/p>\n","protected":false},"excerpt":{"rendered":"<p>Support Generation metal module (SG+) cung c\u1ea5p m\u1ed9t b\u1ed9 c\u00f4ng c\u1ee5 m\u1edf r\u1ed9ng \u0111\u1ec3 t\u1ed1i \u0111a h\u00f3a n\u0103ng su\u1ea5t c\u1ee7a m\u00e1y in b\u1ed9t kim lo\u1ea1i.<\/p>\n<ul>\n<li>V\u1edbi s\u1ef1 k\u1ebft h\u1ee3p c\u1ee7a c\u00e1c c\u1ea5u tr\u00fac Solid v\u00e0 Non-solid c\u00f3 th\u1ec3 t\u00f9y ch\u1ec9nh, b\u1ea1n c\u00f3 th\u1ec3 t\u1ed1i \u01b0u h\u00f3a c\u1ea5u tr\u00fac h\u1ed7 tr\u1ee3 v\u00e0 c\u1ea3i thi\u1ec7n truy\u1ec1n \u0111\u1ed9ng nhi\u1ec7t \u0111\u1ec3 tr\u00e1nh t\u00e1ch r\u1eddi ho\u1eb7c cong v\u00eanh.<\/li>\n<li>Gi\u1ea3m thi\u1ec3u l\u1ed7i trong qu\u00e1 tr\u00ecnh in.<\/li>\n<li>\u0110\u1ea3m b\u1ea3o ch\u1ea5t l\u01b0\u1ee3ng s\u1ea3n ph\u1ea9m \u0111\u1ea1t chu\u1ea9n.<\/li>\n<\/ul>\n<p>B\u1ea3n quy\u1ec1n v\u0129nh vi\u1ec5n h\u1ec7 th\u1ed1ng.<\/p>\n","protected":false},"featured_media":64085,"template":"","meta":{"_acf_changed":false},"product_brand":[1149],"product_cat":[859],"product_tag":[],"class_list":{"0":"post-67373","1":"product","2":"type-product","3":"status-publish","4":"has-post-thumbnail","6":"product_brand-materialise-en","7":"product_cat-software","9":"first","10":"instock","11":"purchasable","12":"product-type-variable","13":"has-default-attributes"},"acf":[],"_links":{"self":[{"href":"https:\/\/3d-smartsolutions.com\/en\/wp-json\/wp\/v2\/product\/67373","targetHints":{"allow":["GET"]}}],"collection":[{"href":"https:\/\/3d-smartsolutions.com\/en\/wp-json\/wp\/v2\/product"}],"about":[{"href":"https:\/\/3d-smartsolutions.com\/en\/wp-json\/wp\/v2\/types\/product"}],"wp:featuredmedia":[{"embeddable":true,"href":"https:\/\/3d-smartsolutions.com\/en\/wp-json\/wp\/v2\/media\/64085"}],"wp:attachment":[{"href":"https:\/\/3d-smartsolutions.com\/en\/wp-json\/wp\/v2\/media?parent=67373"}],"wp:term":[{"taxonomy":"product_brand","embeddable":true,"href":"https:\/\/3d-smartsolutions.com\/en\/wp-json\/wp\/v2\/product_brand?post=67373"},{"taxonomy":"product_cat","embeddable":true,"href":"https:\/\/3d-smartsolutions.com\/en\/wp-json\/wp\/v2\/product_cat?post=67373"},{"taxonomy":"product_tag","embeddable":true,"href":"https:\/\/3d-smartsolutions.com\/en\/wp-json\/wp\/v2\/product_tag?post=67373"}],"curies":[{"name":"wp","href":"https:\/\/api.w.org\/{rel}","templated":true}]}}