{"id":67376,"date":"2025-06-11T14:02:25","date_gmt":"2025-06-11T07:02:25","guid":{"rendered":"https:\/\/3d-smartsolutions.com\/san-pham\/materialise-magics-rp-static\/"},"modified":"2025-09-05T15:45:16","modified_gmt":"2025-09-05T08:45:16","slug":"materialise-magics-rp-static","status":"publish","type":"product","link":"https:\/\/3d-smartsolutions.com\/en\/materialise-magics-rp-static\/","title":{"rendered":"Materialise Magics RP &#8211; Static"},"content":{"rendered":"<p>Materialise Magics RP Module l\u00e0 m\u1ed9t c\u00f4ng c\u1ee5 thi\u1ebft y\u1ebfu \u0111\u1ec3 t\u1ea1o m\u1eabu nhanh, cung c\u1ea5p c\u00e1c t\u00ednh n\u0103ng to\u00e0n di\u1ec7n \u0111\u1ec3 \u0111\u01a1n gi\u1ea3n h\u00f3a vi\u1ec7c chu\u1ea9n b\u1ecb in 3D.<\/p>\n<ul>\n<li>C\u00f3 kh\u1ea3 n\u0103ng nh\u1eadp\/xu\u1ea5t c\u00e1c \u0111\u1ecbnh d\u1ea1ng CAD v\u00e0 l\u01b0\u1edbi kh\u00e1c nhau m\u1ed9t c\u00e1ch li\u1ec1n m\u1ea1ch.<\/li>\n<li>S\u1eeda l\u1ed7i m\u00f4 h\u00ecnh t\u1ef1 \u0111\u1ed9ng v\u00e0 th\u1ee7 c\u00f4ng.<\/li>\n<li>Th\u1ef1c hi\u1ec7n ch\u1ec9nh s\u1eeda n\u00e2ng cao \u0111\u1ec3 t\u1ed1i \u01b0u h\u00f3a m\u1eabu in.<\/li>\n<li>C\u00e1c c\u00f4ng c\u1ee5 chu\u1ea9n b\u1ecb tr\u01b0\u1edbc khi in \u0111\u1ec3 s\u1eafp x\u1ebfp hi\u1ec7u qu\u1ea3 c\u00e1c s\u1ea3n ph\u1ea9m tr\u00ean khu v\u1ef1c in.<\/li>\n<li>Ch\u1ee9c n\u0103ng ph\u00e2n t\u00edch \u0111\u1ec3 \u0111\u1ea3m b\u1ea3o ch\u1ea5t l\u01b0\u1ee3ng in.<\/li>\n<li>Ch\u1ee9c n\u0103ng b\u00e1o c\u00e1o.<\/li>\n<\/ul>\n<p>\u0110\u01b0\u1ee3c thi\u1ebft k\u1ebf \u0111\u1ec3 t\u0103ng n\u0103ng su\u1ea5t v\u00e0 \u0111\u1ed9 ch\u00ednh x\u00e1c, m\u00f4-\u0111un RP l\u00e0 c\u1ed1t l\u00f5i c\u1ee7a b\u1ed9 ph\u1ea7n m\u1ec1m Magics, h\u1ed7 tr\u1ee3 c\u00e1c quy tr\u00ecnh s\u1ea3n xu\u1ea5t b\u1ed3i \u0111\u1eafp kh\u00e1c nhau.<\/p>\n<p>B\u1ea3n quy\u1ec1n v\u0129nh vi\u1ec5n c\u1ed1 \u0111\u1ecbnh.<\/p>\n","protected":false},"excerpt":{"rendered":"<p>Materialise Magics RP Module l\u00e0 m\u1ed9t c\u00f4ng c\u1ee5 thi\u1ebft y\u1ebfu \u0111\u1ec3 t\u1ea1o m\u1eabu nhanh, cung c\u1ea5p c\u00e1c t\u00ednh n\u0103ng to\u00e0n di\u1ec7n \u0111\u1ec3 \u0111\u01a1n gi\u1ea3n h\u00f3a vi\u1ec7c chu\u1ea9n b\u1ecb in 3D.<\/p>\n<ul>\n<li>C\u00f3 kh\u1ea3 n\u0103ng nh\u1eadp\/xu\u1ea5t c\u00e1c \u0111\u1ecbnh d\u1ea1ng CAD v\u00e0 l\u01b0\u1edbi kh\u00e1c nhau m\u1ed9t c\u00e1ch li\u1ec1n m\u1ea1ch.<\/li>\n<li>S\u1eeda l\u1ed7i m\u00f4 h\u00ecnh t\u1ef1 \u0111\u1ed9ng v\u00e0 th\u1ee7 c\u00f4ng.<\/li>\n<li>Th\u1ef1c hi\u1ec7n ch\u1ec9nh s\u1eeda n\u00e2ng cao \u0111\u1ec3 t\u1ed1i \u01b0u h\u00f3a m\u1eabu in.<\/li>\n<li>C\u00e1c c\u00f4ng c\u1ee5 chu\u1ea9n b\u1ecb tr\u01b0\u1edbc khi in \u0111\u1ec3 s\u1eafp x\u1ebfp hi\u1ec7u qu\u1ea3 c\u00e1c s\u1ea3n ph\u1ea9m tr\u00ean khu v\u1ef1c in.<\/li>\n<li>Ch\u1ee9c n\u0103ng ph\u00e2n t\u00edch \u0111\u1ec3 \u0111\u1ea3m b\u1ea3o ch\u1ea5t l\u01b0\u1ee3ng in.<\/li>\n<li>Ch\u1ee9c n\u0103ng b\u00e1o c\u00e1o.<\/li>\n<\/ul>\n<p>\u0110\u01b0\u1ee3c thi\u1ebft k\u1ebf \u0111\u1ec3 t\u0103ng n\u0103ng su\u1ea5t v\u00e0 \u0111\u1ed9 ch\u00ednh x\u00e1c, m\u00f4-\u0111un RP l\u00e0 c\u1ed1t l\u00f5i c\u1ee7a b\u1ed9 ph\u1ea7n m\u1ec1m Magics, h\u1ed7 tr\u1ee3 c\u00e1c quy tr\u00ecnh s\u1ea3n xu\u1ea5t b\u1ed3i \u0111\u1eafp kh\u00e1c nhau.<\/p>\n<p>B\u1ea3n quy\u1ec1n v\u0129nh vi\u1ec5n c\u1ed1 \u0111\u1ecbnh.<\/p>\n","protected":false},"featured_media":64085,"template":"","meta":{"_acf_changed":false},"product_brand":[1149],"product_cat":[859],"product_tag":[],"class_list":{"0":"post-67376","1":"product","2":"type-product","3":"status-publish","4":"has-post-thumbnail","6":"product_brand-materialise-en","7":"product_cat-software","9":"first","10":"instock","11":"purchasable","12":"product-type-variable","13":"has-default-attributes"},"acf":[],"_links":{"self":[{"href":"https:\/\/3d-smartsolutions.com\/en\/wp-json\/wp\/v2\/product\/67376","targetHints":{"allow":["GET"]}}],"collection":[{"href":"https:\/\/3d-smartsolutions.com\/en\/wp-json\/wp\/v2\/product"}],"about":[{"href":"https:\/\/3d-smartsolutions.com\/en\/wp-json\/wp\/v2\/types\/product"}],"wp:featuredmedia":[{"embeddable":true,"href":"https:\/\/3d-smartsolutions.com\/en\/wp-json\/wp\/v2\/media\/64085"}],"wp:attachment":[{"href":"https:\/\/3d-smartsolutions.com\/en\/wp-json\/wp\/v2\/media?parent=67376"}],"wp:term":[{"taxonomy":"product_brand","embeddable":true,"href":"https:\/\/3d-smartsolutions.com\/en\/wp-json\/wp\/v2\/product_brand?post=67376"},{"taxonomy":"product_cat","embeddable":true,"href":"https:\/\/3d-smartsolutions.com\/en\/wp-json\/wp\/v2\/product_cat?post=67376"},{"taxonomy":"product_tag","embeddable":true,"href":"https:\/\/3d-smartsolutions.com\/en\/wp-json\/wp\/v2\/product_tag?post=67376"}],"curies":[{"name":"wp","href":"https:\/\/api.w.org\/{rel}","templated":true}]}}