{"id":67388,"date":"2025-06-11T14:02:25","date_gmt":"2025-06-11T07:02:25","guid":{"rendered":"https:\/\/3d-smartsolutions.com\/san-pham\/materialise-magics-all-imports-static\/"},"modified":"2025-09-05T15:41:24","modified_gmt":"2025-09-05T08:41:24","slug":"materialise-magics-all-imports-static","status":"publish","type":"product","link":"https:\/\/3d-smartsolutions.com\/en\/materialise-magics-all-imports-static\/","title":{"rendered":"Materialise Magics, All Imports Static"},"content":{"rendered":"<p>Materialise Magics l\u00e0m c\u1ea7u n\u1ed1i gi\u1eefa c\u00e1c t\u1ec7p CAD v\u00e0 m\u00e1y in 3D b\u1eb1ng c\u00e1ch nh\u1eadp g\u1ea7n nh\u01b0 t\u1ea5t c\u1ea3 c\u00e1c \u0111\u1ecbnh d\u1ea1ng CAD ti\u00eau chu\u1ea9n v\u00e0 t\u1ec7p nh\u01b0 SketchUp, SolidWorks v\u00e0 Rhino.<\/p>\n<ul>\n<li>Phi\u00ean b\u1ea3n ti\u00eau chu\u1ea9n c\u1ee7a Magics c\u00f3 th\u1ec3 nh\u1eadp h\u01a1n 15 \u0111\u1ecbnh d\u1ea1ng t\u1ec7p CAD.<\/li>\n<li>B\u1eb1ng c\u00e1ch th\u00eam m\u00f4-\u0111un Import v\u00e0o Magics, b\u1ea1n c\u00f3 th\u1ec3 chuy\u1ec3n \u0111\u1ed5i m\u1ed9t lo\u1ea1t c\u00e1c \u0111\u1ecbnh d\u1ea1ng t\u1ec7p r\u1ed9ng h\u01a1n sang l\u01b0\u1edbi (STL).<\/li>\n<\/ul>\n<p>B\u1ea3n quy\u1ec1n v\u0129nh vi\u1ec5n c\u1ed1 \u0111\u1ecbnh.<\/p>\n","protected":false},"excerpt":{"rendered":"<p>Materialise Magics l\u00e0m c\u1ea7u n\u1ed1i gi\u1eefa c\u00e1c t\u1ec7p CAD v\u00e0 m\u00e1y in 3D b\u1eb1ng c\u00e1ch nh\u1eadp g\u1ea7n nh\u01b0 t\u1ea5t c\u1ea3 c\u00e1c \u0111\u1ecbnh d\u1ea1ng CAD ti\u00eau chu\u1ea9n v\u00e0 t\u1ec7p nh\u01b0 SketchUp, SolidWorks v\u00e0 Rhino.<\/p>\n<ul>\n<li>Phi\u00ean b\u1ea3n ti\u00eau chu\u1ea9n c\u1ee7a Magics c\u00f3 th\u1ec3 nh\u1eadp h\u01a1n 15 \u0111\u1ecbnh d\u1ea1ng t\u1ec7p CAD.<\/li>\n<li>B\u1eb1ng c\u00e1ch th\u00eam m\u00f4-\u0111un Import v\u00e0o Magics, b\u1ea1n c\u00f3 th\u1ec3 chuy\u1ec3n \u0111\u1ed5i m\u1ed9t lo\u1ea1t c\u00e1c \u0111\u1ecbnh d\u1ea1ng t\u1ec7p r\u1ed9ng h\u01a1n sang l\u01b0\u1edbi (STL).<\/li>\n<\/ul>\n<p>B\u1ea3n quy\u1ec1n v\u0129nh vi\u1ec5n c\u1ed1 \u0111\u1ecbnh.<\/p>\n","protected":false},"featured_media":64085,"template":"","meta":{"_acf_changed":false},"product_brand":[1149],"product_cat":[859],"product_tag":[],"class_list":{"0":"post-67388","1":"product","2":"type-product","3":"status-publish","4":"has-post-thumbnail","6":"product_brand-materialise-en","7":"product_cat-software","9":"first","10":"instock","11":"purchasable","12":"product-type-variable","13":"has-default-attributes"},"acf":[],"_links":{"self":[{"href":"https:\/\/3d-smartsolutions.com\/en\/wp-json\/wp\/v2\/product\/67388","targetHints":{"allow":["GET"]}}],"collection":[{"href":"https:\/\/3d-smartsolutions.com\/en\/wp-json\/wp\/v2\/product"}],"about":[{"href":"https:\/\/3d-smartsolutions.com\/en\/wp-json\/wp\/v2\/types\/product"}],"wp:featuredmedia":[{"embeddable":true,"href":"https:\/\/3d-smartsolutions.com\/en\/wp-json\/wp\/v2\/media\/64085"}],"wp:attachment":[{"href":"https:\/\/3d-smartsolutions.com\/en\/wp-json\/wp\/v2\/media?parent=67388"}],"wp:term":[{"taxonomy":"product_brand","embeddable":true,"href":"https:\/\/3d-smartsolutions.com\/en\/wp-json\/wp\/v2\/product_brand?post=67388"},{"taxonomy":"product_cat","embeddable":true,"href":"https:\/\/3d-smartsolutions.com\/en\/wp-json\/wp\/v2\/product_cat?post=67388"},{"taxonomy":"product_tag","embeddable":true,"href":"https:\/\/3d-smartsolutions.com\/en\/wp-json\/wp\/v2\/product_tag?post=67388"}],"curies":[{"name":"wp","href":"https:\/\/api.w.org\/{rel}","templated":true}]}}