{"id":67397,"date":"2025-05-30T10:14:35","date_gmt":"2025-05-30T03:14:35","guid":{"rendered":"https:\/\/3d-smartsolutions.com\/san-pham\/qa-cad-english-version\/"},"modified":"2025-06-30T15:48:15","modified_gmt":"2025-06-30T08:48:15","slug":"qa-cad-english-version","status":"publish","type":"product","link":"https:\/\/3d-smartsolutions.com\/en\/qa-cad-english-version\/","title":{"rendered":"QA-CAD English Version"},"content":{"rendered":"<p>\u0110\u00e2y l\u00e0 gi\u1ea5y ph\u00e9p d\u00e0nh cho m\u1ed9t ng\u01b0\u1eddi d\u00f9ng duy nh\u1ea5t v\u00e0 \u0111\u01b0\u1ee3c c\u00e0i \u0111\u1eb7t tr\u00ean m\u1ed9t m\u00e1y t\u00ednh c\u1ee5 th\u1ec3. Ng\u01b0\u1eddi d\u00f9ng \u0111\u01b0\u1ee3c c\u1ea5p ph\u00e9p c\u00f3 th\u1ec3 s\u1eed d\u1ee5ng ph\u1ea7n m\u1ec1m tr\u00ean m\u00e1y t\u00ednh \u0111\u00f3.<\/p>\n","protected":false},"excerpt":{"rendered":"<p>\u0110\u00e2y l\u00e0 gi\u1ea5y ph\u00e9p d\u00e0nh cho m\u1ed9t ng\u01b0\u1eddi d\u00f9ng duy nh\u1ea5t v\u00e0 \u0111\u01b0\u1ee3c c\u00e0i \u0111\u1eb7t tr\u00ean m\u1ed9t m\u00e1y t\u00ednh c\u1ee5 th\u1ec3. Ng\u01b0\u1eddi d\u00f9ng \u0111\u01b0\u1ee3c c\u1ea5p ph\u00e9p c\u00f3 th\u1ec3 s\u1eed d\u1ee5ng ph\u1ea7n m\u1ec1m tr\u00ean m\u00e1y t\u00ednh \u0111\u00f3.<\/p>\n","protected":false},"featured_media":65670,"template":"","meta":{"_acf_changed":false},"product_brand":[1158],"product_cat":[859],"product_tag":[],"class_list":{"0":"post-67397","1":"product","2":"type-product","3":"status-publish","4":"has-post-thumbnail","6":"product_brand-qacad-en","7":"product_cat-software","9":"first","10":"instock","11":"purchasable","12":"product-type-variable","13":"has-default-attributes"},"acf":[],"_links":{"self":[{"href":"https:\/\/3d-smartsolutions.com\/en\/wp-json\/wp\/v2\/product\/67397","targetHints":{"allow":["GET"]}}],"collection":[{"href":"https:\/\/3d-smartsolutions.com\/en\/wp-json\/wp\/v2\/product"}],"about":[{"href":"https:\/\/3d-smartsolutions.com\/en\/wp-json\/wp\/v2\/types\/product"}],"wp:featuredmedia":[{"embeddable":true,"href":"https:\/\/3d-smartsolutions.com\/en\/wp-json\/wp\/v2\/media\/65670"}],"wp:attachment":[{"href":"https:\/\/3d-smartsolutions.com\/en\/wp-json\/wp\/v2\/media?parent=67397"}],"wp:term":[{"taxonomy":"product_brand","embeddable":true,"href":"https:\/\/3d-smartsolutions.com\/en\/wp-json\/wp\/v2\/product_brand?post=67397"},{"taxonomy":"product_cat","embeddable":true,"href":"https:\/\/3d-smartsolutions.com\/en\/wp-json\/wp\/v2\/product_cat?post=67397"},{"taxonomy":"product_tag","embeddable":true,"href":"https:\/\/3d-smartsolutions.com\/en\/wp-json\/wp\/v2\/product_tag?post=67397"}],"curies":[{"name":"wp","href":"https:\/\/api.w.org\/{rel}","templated":true}]}}