{"id":67401,"date":"2025-05-30T10:13:19","date_gmt":"2025-05-30T03:13:19","guid":{"rendered":"https:\/\/3d-smartsolutions.com\/san-pham\/cadian-classic\/"},"modified":"2025-12-29T15:39:41","modified_gmt":"2025-12-29T08:39:41","slug":"cadian-classic","status":"publish","type":"product","link":"https:\/\/3d-smartsolutions.com\/en\/cadian-classic\/","title":{"rendered":"CADian Classic"},"content":{"rendered":"<p>G\u00f3i gi\u1ea5y ph\u00e9p n\u00e0y cung c\u1ea5p c\u00e1c t\u00ednh n\u0103ng c\u1ee7a CADian Classic (t\u1eadp trung ch\u1ee7 y\u1ebfu v\u00e0o thi\u1ebft k\u1ebf 2D, h\u1ed7 tr\u1ee3 LISP c\u01a1 b\u1ea3n v\u00e0 t\u01b0\u01a1ng th\u00edch DWG) cho m\u1ed9t ng\u01b0\u1eddi d\u00f9ng duy nh\u1ea5t tr\u00ean m\u1ed9t m\u00e1y t\u00ednh \u0111\u01b0\u1ee3c ch\u1ec9 \u0111\u1ecbnh. Gi\u1ea5y ph\u00e9p n\u00e0y ph\u00f9 h\u1ee3p cho c\u00e1c c\u00e1 nh\u00e2n ho\u1eb7c doanh nghi\u1ec7p nh\u1ecf c\u00f3 nhu c\u1ea7u ch\u1ee7 y\u1ebfu l\u00e0 v\u1ebd k\u1ef9 thu\u1eadt 2D v\u00e0 c\u1ea7n m\u1ed9t gi\u1ea3i ph\u00e1p CAD \u1ed5n \u0111\u1ecbnh, d\u1ec5 s\u1eed d\u1ee5ng v\u1edbi chi ph\u00ed h\u1ee3p l\u00fd.<\/p>\n","protected":false},"excerpt":{"rendered":"<p>G\u00f3i gi\u1ea5y ph\u00e9p n\u00e0y cung c\u1ea5p c\u00e1c t\u00ednh n\u0103ng c\u1ee7a CADian Classic (t\u1eadp trung ch\u1ee7 y\u1ebfu v\u00e0o thi\u1ebft k\u1ebf 2D, h\u1ed7 tr\u1ee3 LISP c\u01a1 b\u1ea3n v\u00e0 t\u01b0\u01a1ng th\u00edch DWG) cho m\u1ed9t ng\u01b0\u1eddi d\u00f9ng duy nh\u1ea5t tr\u00ean m\u1ed9t m\u00e1y t\u00ednh \u0111\u01b0\u1ee3c ch\u1ec9 \u0111\u1ecbnh. Gi\u1ea5y ph\u00e9p n\u00e0y ph\u00f9 h\u1ee3p cho c\u00e1c c\u00e1 nh\u00e2n ho\u1eb7c doanh nghi\u1ec7p nh\u1ecf c\u00f3 nhu c\u1ea7u ch\u1ee7 y\u1ebfu l\u00e0 v\u1ebd k\u1ef9 thu\u1eadt 2D v\u00e0 c\u1ea7n m\u1ed9t gi\u1ea3i ph\u00e1p CAD \u1ed5n \u0111\u1ecbnh, d\u1ec5 s\u1eed d\u1ee5ng v\u1edbi chi ph\u00ed h\u1ee3p l\u00fd.<\/p>\n","protected":false},"featured_media":67351,"template":"","meta":{"_acf_changed":false},"product_brand":[1160],"product_cat":[859],"product_tag":[],"class_list":{"0":"post-67401","1":"product","2":"type-product","3":"status-publish","4":"has-post-thumbnail","6":"product_brand-cadian-en","7":"product_cat-software","9":"first","10":"instock","11":"purchasable","12":"product-type-variable","13":"has-default-attributes"},"acf":[],"_links":{"self":[{"href":"https:\/\/3d-smartsolutions.com\/en\/wp-json\/wp\/v2\/product\/67401","targetHints":{"allow":["GET"]}}],"collection":[{"href":"https:\/\/3d-smartsolutions.com\/en\/wp-json\/wp\/v2\/product"}],"about":[{"href":"https:\/\/3d-smartsolutions.com\/en\/wp-json\/wp\/v2\/types\/product"}],"wp:featuredmedia":[{"embeddable":true,"href":"https:\/\/3d-smartsolutions.com\/en\/wp-json\/wp\/v2\/media\/67351"}],"wp:attachment":[{"href":"https:\/\/3d-smartsolutions.com\/en\/wp-json\/wp\/v2\/media?parent=67401"}],"wp:term":[{"taxonomy":"product_brand","embeddable":true,"href":"https:\/\/3d-smartsolutions.com\/en\/wp-json\/wp\/v2\/product_brand?post=67401"},{"taxonomy":"product_cat","embeddable":true,"href":"https:\/\/3d-smartsolutions.com\/en\/wp-json\/wp\/v2\/product_cat?post=67401"},{"taxonomy":"product_tag","embeddable":true,"href":"https:\/\/3d-smartsolutions.com\/en\/wp-json\/wp\/v2\/product_tag?post=67401"}],"curies":[{"name":"wp","href":"https:\/\/api.w.org\/{rel}","templated":true}]}}