{"id":67405,"date":"2025-05-30T10:13:19","date_gmt":"2025-05-30T03:13:19","guid":{"rendered":"https:\/\/3d-smartsolutions.com\/san-pham\/cadian-professional-network\/"},"modified":"2026-04-10T15:59:30","modified_gmt":"2026-04-10T08:59:30","slug":"cadian-professional-network","status":"publish","type":"product","link":"https:\/\/3d-smartsolutions.com\/en\/cadian-professional-network\/","title":{"rendered":"CADian Professional Network"},"content":{"rendered":"<p>G\u00f3i gi\u1ea5y ph\u00e9p n\u00e0y c\u0169ng cung c\u1ea5p to\u00e0n b\u1ed9 c\u00e1c t\u00ednh n\u0103ng c\u1ee7a CADian Professional nh\u01b0ng \u0111\u01b0\u1ee3c thi\u1ebft k\u1ebf cho m\u00f4i tr\u01b0\u1eddng l\u00e0m vi\u1ec7c nh\u00f3m. Gi\u1ea5y ph\u00e9p M\u1ea1ng cho ph\u00e9p nhi\u1ec1u ng\u01b0\u1eddi d\u00f9ng trong c\u00f9ng m\u1ed9t m\u1ea1ng c\u1ee5c b\u1ed9 (LAN) c\u00f9ng chia s\u1ebb quy\u1ec1n truy c\u1eadp v\u00e0o ph\u1ea7n m\u1ec1m. S\u1ed1 l\u01b0\u1ee3ng ng\u01b0\u1eddi d\u00f9ng c\u00f3 th\u1ec3 s\u1eed d\u1ee5ng ph\u1ea7n m\u1ec1m \u0111\u1ed3ng th\u1eddi \u0111\u01b0\u1ee3c gi\u1edbi h\u1ea1n b\u1edfi s\u1ed1 l\u01b0\u1ee3ng gi\u1ea5y ph\u00e9p m\u1ea1ng \u0111\u00e3 \u0111\u01b0\u1ee3c mua. \u0110i\u1ec1u n\u00e0y c\u00f3 ngh\u0129a l\u00e0 ph\u1ea7n m\u1ec1m c\u00f3 th\u1ec3 \u0111\u01b0\u1ee3c c\u00e0i \u0111\u1eb7t tr\u00ean nhi\u1ec1u m\u00e1y t\u00ednh trong m\u1ea1ng, nh\u01b0ng ch\u1ec9 m\u1ed9t s\u1ed1 l\u01b0\u1ee3ng ng\u01b0\u1eddi d\u00f9ng nh\u1ea5t \u0111\u1ecbnh c\u00f3 th\u1ec3 kh\u1edfi ch\u1ea1y v\u00e0 s\u1eed d\u1ee5ng CADian Professional t\u1ea1i c\u00f9ng m\u1ed9t th\u1eddi \u0111i\u1ec3m. \u0110\u00e2y l\u00e0 gi\u1ea3i ph\u00e1p linh ho\u1ea1t v\u00e0 t\u1ed1i \u01b0u chi ph\u00ed cho c\u00e1c c\u00f4ng ty c\u00f3 nhi\u1ec1u k\u1ef9 s\u01b0 c\u1ea7n s\u1eed d\u1ee5ng c\u00e1c t\u00ednh n\u0103ng cao c\u1ea5p c\u1ee7a CADian Professional nh\u01b0ng kh\u00f4ng ph\u1ea3i l\u00fac n\u00e0o c\u0169ng c\u1ea7n truy c\u1eadp \u0111\u1ed3ng th\u1eddi.<\/p>\n","protected":false},"excerpt":{"rendered":"<p>G\u00f3i gi\u1ea5y ph\u00e9p n\u00e0y c\u0169ng cung c\u1ea5p to\u00e0n b\u1ed9 c\u00e1c t\u00ednh n\u0103ng c\u1ee7a CADian Professional nh\u01b0ng \u0111\u01b0\u1ee3c thi\u1ebft k\u1ebf cho m\u00f4i tr\u01b0\u1eddng l\u00e0m vi\u1ec7c nh\u00f3m. Gi\u1ea5y ph\u00e9p M\u1ea1ng cho ph\u00e9p nhi\u1ec1u ng\u01b0\u1eddi d\u00f9ng trong c\u00f9ng m\u1ed9t m\u1ea1ng c\u1ee5c b\u1ed9 (LAN) c\u00f9ng chia s\u1ebb quy\u1ec1n truy c\u1eadp v\u00e0o ph\u1ea7n m\u1ec1m. S\u1ed1 l\u01b0\u1ee3ng ng\u01b0\u1eddi d\u00f9ng c\u00f3 th\u1ec3 s\u1eed d\u1ee5ng ph\u1ea7n m\u1ec1m \u0111\u1ed3ng th\u1eddi \u0111\u01b0\u1ee3c gi\u1edbi h\u1ea1n b\u1edfi s\u1ed1 l\u01b0\u1ee3ng gi\u1ea5y ph\u00e9p m\u1ea1ng \u0111\u00e3 \u0111\u01b0\u1ee3c mua. \u0110i\u1ec1u n\u00e0y c\u00f3 ngh\u0129a l\u00e0 ph\u1ea7n m\u1ec1m c\u00f3 th\u1ec3 \u0111\u01b0\u1ee3c c\u00e0i \u0111\u1eb7t tr\u00ean nhi\u1ec1u m\u00e1y t\u00ednh trong m\u1ea1ng, nh\u01b0ng ch\u1ec9 m\u1ed9t s\u1ed1 l\u01b0\u1ee3ng ng\u01b0\u1eddi d\u00f9ng nh\u1ea5t \u0111\u1ecbnh c\u00f3 th\u1ec3 kh\u1edfi ch\u1ea1y v\u00e0 s\u1eed d\u1ee5ng CADian Professional t\u1ea1i c\u00f9ng m\u1ed9t th\u1eddi \u0111i\u1ec3m. \u0110\u00e2y l\u00e0 gi\u1ea3i ph\u00e1p linh ho\u1ea1t v\u00e0 t\u1ed1i \u01b0u chi ph\u00ed cho c\u00e1c c\u00f4ng ty c\u00f3 nhi\u1ec1u k\u1ef9 s\u01b0 c\u1ea7n s\u1eed d\u1ee5ng c\u00e1c t\u00ednh n\u0103ng cao c\u1ea5p c\u1ee7a CADian Professional nh\u01b0ng kh\u00f4ng ph\u1ea3i l\u00fac n\u00e0o c\u0169ng c\u1ea7n truy c\u1eadp \u0111\u1ed3ng th\u1eddi.<\/p>\n","protected":false},"featured_media":67351,"template":"","meta":{"_acf_changed":false},"product_brand":[1160],"product_cat":[859],"product_tag":[],"class_list":{"0":"post-67405","1":"product","2":"type-product","3":"status-publish","4":"has-post-thumbnail","6":"product_brand-cadian-en","7":"product_cat-software","9":"first","10":"instock","11":"purchasable","12":"product-type-variable","13":"has-default-attributes"},"acf":[],"_links":{"self":[{"href":"https:\/\/3d-smartsolutions.com\/en\/wp-json\/wp\/v2\/product\/67405","targetHints":{"allow":["GET"]}}],"collection":[{"href":"https:\/\/3d-smartsolutions.com\/en\/wp-json\/wp\/v2\/product"}],"about":[{"href":"https:\/\/3d-smartsolutions.com\/en\/wp-json\/wp\/v2\/types\/product"}],"wp:featuredmedia":[{"embeddable":true,"href":"https:\/\/3d-smartsolutions.com\/en\/wp-json\/wp\/v2\/media\/67351"}],"wp:attachment":[{"href":"https:\/\/3d-smartsolutions.com\/en\/wp-json\/wp\/v2\/media?parent=67405"}],"wp:term":[{"taxonomy":"product_brand","embeddable":true,"href":"https:\/\/3d-smartsolutions.com\/en\/wp-json\/wp\/v2\/product_brand?post=67405"},{"taxonomy":"product_cat","embeddable":true,"href":"https:\/\/3d-smartsolutions.com\/en\/wp-json\/wp\/v2\/product_cat?post=67405"},{"taxonomy":"product_tag","embeddable":true,"href":"https:\/\/3d-smartsolutions.com\/en\/wp-json\/wp\/v2\/product_tag?post=67405"}],"curies":[{"name":"wp","href":"https:\/\/api.w.org\/{rel}","templated":true}]}}