{"id":67414,"date":"2025-05-30T10:13:19","date_gmt":"2025-05-30T03:13:19","guid":{"rendered":"https:\/\/3d-smartsolutions.com\/san-pham\/cadian-professional-3-years\/"},"modified":"2026-04-24T21:12:03","modified_gmt":"2026-04-24T14:12:03","slug":"cadian-professional-3-years","status":"publish","type":"product","link":"https:\/\/3d-smartsolutions.com\/en\/cadian-professional-3-years\/","title":{"rendered":"CADian Professional 3 years"},"content":{"rendered":"<p>G\u00f3i gi\u1ea5y ph\u00e9p s\u1eed d\u1ee5ng trong 3 n\u0103m n\u00e0y cung c\u1ea5p \u0111\u1ea7y \u0111\u1ee7 c\u00e1c t\u00ednh n\u0103ng c\u1ee7a CADian Professional (bao g\u1ed3m thi\u1ebft k\u1ebf 2D, m\u00f4 h\u00ecnh h\u00f3a 3D ACIS, h\u1ed7 tr\u1ee3 LISP, VBA, v\u00e0 c\u00e1c \u1ee9ng d\u1ee5ng chuy\u00ean ng\u00e0nh) cho m\u1ed9t ng\u01b0\u1eddi d\u00f9ng duy nh\u1ea5t tr\u00ean m\u1ed9t m\u00e1y t\u00ednh \u0111\u01b0\u1ee3c ch\u1ec9 \u0111\u1ecbnh. Gi\u1ea5y ph\u00e9p \u0111\u01b0\u1ee3c k\u00edch ho\u1ea1t v\u00e0 g\u1eafn li\u1ec1n v\u1edbi m\u00e1y t\u00ednh \u0111\u00f3, ph\u00f9 h\u1ee3p cho c\u00e1c chuy\u00ean gia ho\u1eb7c k\u1ef9 s\u01b0 l\u00e0m vi\u1ec7c \u0111\u1ed9c l\u1eadp c\u1ea7n b\u1ed9 c\u00f4ng c\u1ee5 CAD m\u1ea1nh m\u1ebd v\u00e0 to\u00e0n di\u1ec7n.<\/p>\n<p>Li\u00ean h\u1ec7 \u0111\u1ec3 c\u00f3 gi\u00e1 \u01b0u \u0111\u00e3i khi mua s\u1ed1 l\u01b0\u1ee3ng nhi\u1ec1u h\u01a1n 2.<\/p>\n","protected":false},"excerpt":{"rendered":"<p>G\u00f3i gi\u1ea5y ph\u00e9p s\u1eed d\u1ee5ng trong 3 n\u0103m n\u00e0y cung c\u1ea5p \u0111\u1ea7y \u0111\u1ee7 c\u00e1c t\u00ednh n\u0103ng c\u1ee7a CADian Professional (bao g\u1ed3m thi\u1ebft k\u1ebf 2D, m\u00f4 h\u00ecnh h\u00f3a 3D ACIS, h\u1ed7 tr\u1ee3 LISP, VBA, v\u00e0 c\u00e1c \u1ee9ng d\u1ee5ng chuy\u00ean ng\u00e0nh) cho m\u1ed9t ng\u01b0\u1eddi d\u00f9ng duy nh\u1ea5t tr\u00ean m\u1ed9t m\u00e1y t\u00ednh \u0111\u01b0\u1ee3c ch\u1ec9 \u0111\u1ecbnh. Gi\u1ea5y ph\u00e9p \u0111\u01b0\u1ee3c k\u00edch ho\u1ea1t v\u00e0 g\u1eafn li\u1ec1n v\u1edbi m\u00e1y t\u00ednh \u0111\u00f3, ph\u00f9 h\u1ee3p cho c\u00e1c chuy\u00ean gia ho\u1eb7c k\u1ef9 s\u01b0 l\u00e0m vi\u1ec7c \u0111\u1ed9c l\u1eadp c\u1ea7n b\u1ed9 c\u00f4ng c\u1ee5 CAD m\u1ea1nh m\u1ebd v\u00e0 to\u00e0n di\u1ec7n.<\/p>\n<p>Li\u00ean h\u1ec7 \u0111\u1ec3 c\u00f3 gi\u00e1 \u01b0u \u0111\u00e3i khi mua s\u1ed1 l\u01b0\u1ee3ng nhi\u1ec1u h\u01a1n 2.<\/p>\n","protected":false},"featured_media":67351,"template":"","meta":{"_acf_changed":false},"product_brand":[1160],"product_cat":[859],"product_tag":[],"class_list":{"0":"post-67414","1":"product","2":"type-product","3":"status-publish","4":"has-post-thumbnail","6":"product_brand-cadian-en","7":"product_cat-software","9":"first","10":"instock","11":"purchasable","12":"product-type-simple"},"acf":[],"_links":{"self":[{"href":"https:\/\/3d-smartsolutions.com\/en\/wp-json\/wp\/v2\/product\/67414","targetHints":{"allow":["GET"]}}],"collection":[{"href":"https:\/\/3d-smartsolutions.com\/en\/wp-json\/wp\/v2\/product"}],"about":[{"href":"https:\/\/3d-smartsolutions.com\/en\/wp-json\/wp\/v2\/types\/product"}],"wp:featuredmedia":[{"embeddable":true,"href":"https:\/\/3d-smartsolutions.com\/en\/wp-json\/wp\/v2\/media\/67351"}],"wp:attachment":[{"href":"https:\/\/3d-smartsolutions.com\/en\/wp-json\/wp\/v2\/media?parent=67414"}],"wp:term":[{"taxonomy":"product_brand","embeddable":true,"href":"https:\/\/3d-smartsolutions.com\/en\/wp-json\/wp\/v2\/product_brand?post=67414"},{"taxonomy":"product_cat","embeddable":true,"href":"https:\/\/3d-smartsolutions.com\/en\/wp-json\/wp\/v2\/product_cat?post=67414"},{"taxonomy":"product_tag","embeddable":true,"href":"https:\/\/3d-smartsolutions.com\/en\/wp-json\/wp\/v2\/product_tag?post=67414"}],"curies":[{"name":"wp","href":"https:\/\/api.w.org\/{rel}","templated":true}]}}