{"id":67416,"date":"2025-05-30T10:13:19","date_gmt":"2025-05-30T03:13:19","guid":{"rendered":"https:\/\/3d-smartsolutions.com\/san-pham\/qa-cad-vietnamese-version\/"},"modified":"2025-09-05T16:49:21","modified_gmt":"2025-09-05T09:49:21","slug":"qa-cad-vietnamese-version","status":"publish","type":"product","link":"https:\/\/3d-smartsolutions.com\/en\/qa-cad-vietnamese-version\/","title":{"rendered":"QA-CAD Vietnamese Version"},"content":{"rendered":"<p>\u0110\u00e2y l\u00e0 gi\u1ea5y ph\u00e9p d\u00e0nh cho m\u1ed9t ng\u01b0\u1eddi d\u00f9ng duy nh\u1ea5t v\u00e0 \u0111\u01b0\u1ee3c c\u00e0i \u0111\u1eb7t tr\u00ean m\u1ed9t m\u00e1y t\u00ednh c\u1ee5 th\u1ec3. Ng\u01b0\u1eddi d\u00f9ng \u0111\u01b0\u1ee3c c\u1ea5p ph\u00e9p c\u00f3 th\u1ec3 s\u1eed d\u1ee5ng ph\u1ea7n m\u1ec1m tr\u00ean m\u00e1y t\u00ednh \u0111\u00f3. Phi\u00ean b\u1ea3n ph\u1ea7n m\u1ec1m \u0111\u00e3 \u0111\u01b0\u1ee3c bi\u00ean d\u1ecbch th\u00e0nh ti\u1ebfng Vi\u1ec7t, ph\u00f9 h\u1ee3p cho c\u00e1c doanh nghi\u1ec7p Vi\u1ec7t Nam mu\u1ed1n s\u1eed d\u1ee5ng ph\u1ea7n m\u1ec1m v\u1edbi ng\u00f4n ng\u1eef th\u00e2n thi\u1ec7n h\u01a1n.<\/p>\n","protected":false},"excerpt":{"rendered":"<p>\u0110\u00e2y l\u00e0 gi\u1ea5y ph\u00e9p d\u00e0nh cho m\u1ed9t ng\u01b0\u1eddi d\u00f9ng duy nh\u1ea5t v\u00e0 \u0111\u01b0\u1ee3c c\u00e0i \u0111\u1eb7t tr\u00ean m\u1ed9t m\u00e1y t\u00ednh c\u1ee5 th\u1ec3. Ng\u01b0\u1eddi d\u00f9ng \u0111\u01b0\u1ee3c c\u1ea5p ph\u00e9p c\u00f3 th\u1ec3 s\u1eed d\u1ee5ng ph\u1ea7n m\u1ec1m tr\u00ean m\u00e1y t\u00ednh \u0111\u00f3. Phi\u00ean b\u1ea3n ph\u1ea7n m\u1ec1m \u0111\u00e3 \u0111\u01b0\u1ee3c bi\u00ean d\u1ecbch th\u00e0nh ti\u1ebfng Vi\u1ec7t, ph\u00f9 h\u1ee3p cho c\u00e1c doanh nghi\u1ec7p Vi\u1ec7t Nam mu\u1ed1n s\u1eed d\u1ee5ng ph\u1ea7n m\u1ec1m v\u1edbi ng\u00f4n ng\u1eef th\u00e2n thi\u1ec7n h\u01a1n.<\/p>\n","protected":false},"featured_media":65670,"template":"","meta":{"_acf_changed":false},"product_brand":[1158],"product_cat":[859],"product_tag":[],"class_list":{"0":"post-67416","1":"product","2":"type-product","3":"status-publish","4":"has-post-thumbnail","6":"product_brand-qacad-en","7":"product_cat-software","9":"first","10":"instock","11":"purchasable","12":"product-type-variable","13":"has-default-attributes"},"acf":[],"_links":{"self":[{"href":"https:\/\/3d-smartsolutions.com\/en\/wp-json\/wp\/v2\/product\/67416","targetHints":{"allow":["GET"]}}],"collection":[{"href":"https:\/\/3d-smartsolutions.com\/en\/wp-json\/wp\/v2\/product"}],"about":[{"href":"https:\/\/3d-smartsolutions.com\/en\/wp-json\/wp\/v2\/types\/product"}],"wp:featuredmedia":[{"embeddable":true,"href":"https:\/\/3d-smartsolutions.com\/en\/wp-json\/wp\/v2\/media\/65670"}],"wp:attachment":[{"href":"https:\/\/3d-smartsolutions.com\/en\/wp-json\/wp\/v2\/media?parent=67416"}],"wp:term":[{"taxonomy":"product_brand","embeddable":true,"href":"https:\/\/3d-smartsolutions.com\/en\/wp-json\/wp\/v2\/product_brand?post=67416"},{"taxonomy":"product_cat","embeddable":true,"href":"https:\/\/3d-smartsolutions.com\/en\/wp-json\/wp\/v2\/product_cat?post=67416"},{"taxonomy":"product_tag","embeddable":true,"href":"https:\/\/3d-smartsolutions.com\/en\/wp-json\/wp\/v2\/product_tag?post=67416"}],"curies":[{"name":"wp","href":"https:\/\/api.w.org\/{rel}","templated":true}]}}