{"id":67450,"date":"2025-05-30T09:25:33","date_gmt":"2025-05-30T02:25:33","guid":{"rendered":"https:\/\/3d-smartsolutions.com\/san-pham\/materialise-3-matic-remesh-module-floating\/"},"modified":"2025-09-05T16:06:10","modified_gmt":"2025-09-05T09:06:10","slug":"materialise-3-matic-remesh-module-floating","status":"publish","type":"product","link":"https:\/\/3d-smartsolutions.com\/en\/materialise-3-matic-remesh-module-floating\/","title":{"rendered":"Materialise 3-Matic Remesh Module &#8211; Floating"},"content":{"rendered":"<p>Module m\u1edf r\u1ed9ng c\u1ee7a ph\u1ea7n m\u1ec1m 3-Matic. Floating license &#8211; b\u1ea3n quy\u1ec1n \u0111\u01b0\u1ee3c c\u00e0i \u0111\u1eb7t trong m\u00e1y ch\u1ee7. Ng\u01b0\u1eddi d\u00f9ng c\u00f3 th\u1ec3 l\u1ea5y b\u1ea3n quy\u1ec1n t\u1eeb m\u00e1y ch\u1ee7 v\u00e0 s\u1eed d\u1ee5ng n\u00f3 trong m\u00e1y t\u00ednh c\u1ee7a h\u1ecd t\u00f9y thu\u1ed9c v\u00e0o s\u1ed1 l\u01b0\u1ee3ng gi\u1ea5y ph\u00e9p m\u00e0 kh\u00e1ch h\u00e0ng c\u00f3. N\u1ebfu ch\u1ec9 c\u00f3 m\u1ed9t gi\u1ea5y ph\u00e9p, ngh\u0129a l\u00e0 ch\u1ec9 m\u1ed9t ng\u01b0\u1eddi c\u00f3 th\u1ec3 truy c\u1eadp gi\u1ea5y ph\u00e9p c\u00f9ng m\u1ed9t l\u00fac. Th\u1eddi h\u1ea1n c\u1ee7a b\u1ea3n quy\u1ec1n l\u00e0 1 n\u0103m.<\/p>\n","protected":false},"excerpt":{"rendered":"<p>Module m\u1edf r\u1ed9ng c\u1ee7a ph\u1ea7n m\u1ec1m 3-Matic. Floating license &#8211; b\u1ea3n quy\u1ec1n \u0111\u01b0\u1ee3c c\u00e0i \u0111\u1eb7t trong m\u00e1y ch\u1ee7. Ng\u01b0\u1eddi d\u00f9ng c\u00f3 th\u1ec3 l\u1ea5y b\u1ea3n quy\u1ec1n t\u1eeb m\u00e1y ch\u1ee7 v\u00e0 s\u1eed d\u1ee5ng n\u00f3 trong m\u00e1y t\u00ednh c\u1ee7a h\u1ecd t\u00f9y thu\u1ed9c v\u00e0o s\u1ed1 l\u01b0\u1ee3ng gi\u1ea5y ph\u00e9p m\u00e0 kh\u00e1ch h\u00e0ng c\u00f3. N\u1ebfu ch\u1ec9 c\u00f3 m\u1ed9t gi\u1ea5y ph\u00e9p, ngh\u0129a l\u00e0 ch\u1ec9 m\u1ed9t ng\u01b0\u1eddi c\u00f3 th\u1ec3 truy c\u1eadp gi\u1ea5y ph\u00e9p c\u00f9ng m\u1ed9t l\u00fac. Th\u1eddi h\u1ea1n c\u1ee7a b\u1ea3n quy\u1ec1n l\u00e0 1 n\u0103m.<\/p>\n","protected":false},"featured_media":64085,"template":"","meta":{"_acf_changed":false},"product_brand":[1167],"product_cat":[859],"product_tag":[],"class_list":{"0":"post-67450","1":"product","2":"type-product","3":"status-publish","4":"has-post-thumbnail","6":"product_brand-masterialise-en","7":"product_cat-software","9":"first","10":"instock","11":"product-type-variable","12":"has-default-attributes"},"acf":[],"_links":{"self":[{"href":"https:\/\/3d-smartsolutions.com\/en\/wp-json\/wp\/v2\/product\/67450","targetHints":{"allow":["GET"]}}],"collection":[{"href":"https:\/\/3d-smartsolutions.com\/en\/wp-json\/wp\/v2\/product"}],"about":[{"href":"https:\/\/3d-smartsolutions.com\/en\/wp-json\/wp\/v2\/types\/product"}],"wp:featuredmedia":[{"embeddable":true,"href":"https:\/\/3d-smartsolutions.com\/en\/wp-json\/wp\/v2\/media\/64085"}],"wp:attachment":[{"href":"https:\/\/3d-smartsolutions.com\/en\/wp-json\/wp\/v2\/media?parent=67450"}],"wp:term":[{"taxonomy":"product_brand","embeddable":true,"href":"https:\/\/3d-smartsolutions.com\/en\/wp-json\/wp\/v2\/product_brand?post=67450"},{"taxonomy":"product_cat","embeddable":true,"href":"https:\/\/3d-smartsolutions.com\/en\/wp-json\/wp\/v2\/product_cat?post=67450"},{"taxonomy":"product_tag","embeddable":true,"href":"https:\/\/3d-smartsolutions.com\/en\/wp-json\/wp\/v2\/product_tag?post=67450"}],"curies":[{"name":"wp","href":"https:\/\/api.w.org\/{rel}","templated":true}]}}