{"id":67453,"date":"2025-05-30T09:25:33","date_gmt":"2025-05-30T02:25:33","guid":{"rendered":"https:\/\/3d-smartsolutions.com\/san-pham\/materialise-3-matic-remesh-module-static\/"},"modified":"2025-09-05T16:03:01","modified_gmt":"2025-09-05T09:03:01","slug":"materialise-3-matic-remesh-module-static","status":"publish","type":"product","link":"https:\/\/3d-smartsolutions.com\/en\/materialise-3-matic-remesh-module-static\/","title":{"rendered":"Materialise 3-Matic Remesh Module &#8211; Static"},"content":{"rendered":"<p>Module m\u1edf r\u1ed9ng c\u1ee7a ph\u1ea7n m\u1ec1m 3-Matic. Static license &#8211; b\u1ea3n quy\u1ec1n \u0111\u01b0\u1ee3c c\u1ed1 \u0111\u1ecbnh tr\u00ean m\u1ed9t m\u00e1y t\u00ednh v\u00e0 \u0111\u01b0\u1ee3c g\u1eafn th\u1ebb IP h\u1ec7 th\u1ed1ng m\u00e1y t\u00ednh. B\u1ea1n ch\u1ec9 c\u00f3 th\u1ec3 s\u1eed d\u1ee5ng b\u1ea3n quy\u1ec1n trong m\u00e1y t\u00ednh \u0111\u00f3. Th\u1eddi h\u1ea1n c\u1ee7a b\u1ea3n quy\u1ec1n l\u00e0 1 n\u0103m.<\/p>\n","protected":false},"excerpt":{"rendered":"<p>Module m\u1edf r\u1ed9ng c\u1ee7a ph\u1ea7n m\u1ec1m 3-Matic. Static license &#8211; b\u1ea3n quy\u1ec1n \u0111\u01b0\u1ee3c c\u1ed1 \u0111\u1ecbnh tr\u00ean m\u1ed9t m\u00e1y t\u00ednh v\u00e0 \u0111\u01b0\u1ee3c g\u1eafn th\u1ebb IP h\u1ec7 th\u1ed1ng m\u00e1y t\u00ednh. B\u1ea1n ch\u1ec9 c\u00f3 th\u1ec3 s\u1eed d\u1ee5ng b\u1ea3n quy\u1ec1n trong m\u00e1y t\u00ednh \u0111\u00f3. Th\u1eddi h\u1ea1n c\u1ee7a b\u1ea3n quy\u1ec1n l\u00e0 1 n\u0103m.<\/p>\n","protected":false},"featured_media":64085,"template":"","meta":{"_acf_changed":false},"product_brand":[1167],"product_cat":[859],"product_tag":[],"class_list":{"0":"post-67453","1":"product","2":"type-product","3":"status-publish","4":"has-post-thumbnail","6":"product_brand-masterialise-en","7":"product_cat-software","9":"first","10":"instock","11":"product-type-variable","12":"has-default-attributes"},"acf":[],"_links":{"self":[{"href":"https:\/\/3d-smartsolutions.com\/en\/wp-json\/wp\/v2\/product\/67453","targetHints":{"allow":["GET"]}}],"collection":[{"href":"https:\/\/3d-smartsolutions.com\/en\/wp-json\/wp\/v2\/product"}],"about":[{"href":"https:\/\/3d-smartsolutions.com\/en\/wp-json\/wp\/v2\/types\/product"}],"wp:featuredmedia":[{"embeddable":true,"href":"https:\/\/3d-smartsolutions.com\/en\/wp-json\/wp\/v2\/media\/64085"}],"wp:attachment":[{"href":"https:\/\/3d-smartsolutions.com\/en\/wp-json\/wp\/v2\/media?parent=67453"}],"wp:term":[{"taxonomy":"product_brand","embeddable":true,"href":"https:\/\/3d-smartsolutions.com\/en\/wp-json\/wp\/v2\/product_brand?post=67453"},{"taxonomy":"product_cat","embeddable":true,"href":"https:\/\/3d-smartsolutions.com\/en\/wp-json\/wp\/v2\/product_cat?post=67453"},{"taxonomy":"product_tag","embeddable":true,"href":"https:\/\/3d-smartsolutions.com\/en\/wp-json\/wp\/v2\/product_tag?post=67453"}],"curies":[{"name":"wp","href":"https:\/\/api.w.org\/{rel}","templated":true}]}}