{"id":67462,"date":"2025-05-29T16:26:10","date_gmt":"2025-05-29T09:26:10","guid":{"rendered":"https:\/\/3d-smartsolutions.com\/san-pham\/cam-assist-basic-plan\/"},"modified":"2026-03-18T10:55:34","modified_gmt":"2026-03-18T03:55:34","slug":"cam-assist-basic-plan","status":"publish","type":"product","link":"https:\/\/3d-smartsolutions.com\/en\/cam-assist-basic-plan\/","title":{"rendered":"CAM Assist &#8211; Basic Plan"},"content":{"rendered":"<p><p>\n  G\u00f3i <strong>CAM Assist &#8211; Basic Plan<\/strong> l\u00e0 gi\u1ea3i ph\u00e1p kh\u1edfi \u0111\u1ea7u l\u00fd t\u01b0\u1edfng cho c\u00e1c c\u00e1 nh\u00e2n ho\u1eb7c x\u01b0\u1edfng nh\u1ecf mu\u1ed1n tr\u1ea3i nghi\u1ec7m s\u1ee9c m\u1ea1nh c\u1ee7a l\u1eadp tr\u00ecnh CAM b\u1eb1ng AI.<br \/>\n  V\u1edbi 1 gi\u1ea5y ph\u00e9p s\u1eed d\u1ee5ng h\u00e0ng n\u0103m, b\u1ea1n c\u00f3 th\u1ec3 t\u1ef1 \u0111\u1ed9ng h\u00f3a ph\u1ea7n l\u1edbn c\u00f4ng vi\u1ec7c t\u1ea1o \u0111\u01b0\u1eddng ch\u1ea1y dao trong Mastercam,<br \/>\n  t\u1ed1i \u01b0u h\u00f3a t\u1ed1c \u0111\u1ed9 c\u1eaft, v\u00e0 t\u0103ng t\u1ed1c \u0111\u1ed9 ho\u00e0n th\u00e0nh c\u00f4ng vi\u1ec7c cho m\u1ed9t ng\u01b0\u1eddi d\u00f9ng.\n <\/p><\/p>\n","protected":false},"excerpt":{"rendered":"<p>\n  G\u00f3i <strong>CAM Assist &#8211; Basic Plan<\/strong> l\u00e0 gi\u1ea3i ph\u00e1p kh\u1edfi \u0111\u1ea7u l\u00fd t\u01b0\u1edfng cho c\u00e1c c\u00e1 nh\u00e2n ho\u1eb7c x\u01b0\u1edfng nh\u1ecf mu\u1ed1n tr\u1ea3i nghi\u1ec7m s\u1ee9c m\u1ea1nh c\u1ee7a l\u1eadp tr\u00ecnh CAM b\u1eb1ng AI.<br \/>\n  V\u1edbi 1 gi\u1ea5y ph\u00e9p s\u1eed d\u1ee5ng h\u00e0ng n\u0103m, b\u1ea1n c\u00f3 th\u1ec3 t\u1ef1 \u0111\u1ed9ng h\u00f3a ph\u1ea7n l\u1edbn c\u00f4ng vi\u1ec7c t\u1ea1o \u0111\u01b0\u1eddng ch\u1ea1y dao trong Mastercam,<br \/>\n  t\u1ed1i \u01b0u h\u00f3a t\u1ed1c \u0111\u1ed9 c\u1eaft, v\u00e0 t\u0103ng t\u1ed1c \u0111\u1ed9 ho\u00e0n th\u00e0nh c\u00f4ng vi\u1ec7c cho m\u1ed9t ng\u01b0\u1eddi d\u00f9ng.\n <\/p>\n","protected":false},"featured_media":65915,"template":"","meta":{"_acf_changed":false},"product_brand":[1168],"product_cat":[859],"product_tag":[],"class_list":{"0":"post-67462","1":"product","2":"type-product","3":"status-publish","4":"has-post-thumbnail","6":"product_brand-camassist-en","7":"product_cat-software","9":"first","10":"instock","11":"purchasable","12":"product-type-simple"},"acf":[],"_links":{"self":[{"href":"https:\/\/3d-smartsolutions.com\/en\/wp-json\/wp\/v2\/product\/67462","targetHints":{"allow":["GET"]}}],"collection":[{"href":"https:\/\/3d-smartsolutions.com\/en\/wp-json\/wp\/v2\/product"}],"about":[{"href":"https:\/\/3d-smartsolutions.com\/en\/wp-json\/wp\/v2\/types\/product"}],"wp:featuredmedia":[{"embeddable":true,"href":"https:\/\/3d-smartsolutions.com\/en\/wp-json\/wp\/v2\/media\/65915"}],"wp:attachment":[{"href":"https:\/\/3d-smartsolutions.com\/en\/wp-json\/wp\/v2\/media?parent=67462"}],"wp:term":[{"taxonomy":"product_brand","embeddable":true,"href":"https:\/\/3d-smartsolutions.com\/en\/wp-json\/wp\/v2\/product_brand?post=67462"},{"taxonomy":"product_cat","embeddable":true,"href":"https:\/\/3d-smartsolutions.com\/en\/wp-json\/wp\/v2\/product_cat?post=67462"},{"taxonomy":"product_tag","embeddable":true,"href":"https:\/\/3d-smartsolutions.com\/en\/wp-json\/wp\/v2\/product_tag?post=67462"}],"curies":[{"name":"wp","href":"https:\/\/api.w.org\/{rel}","templated":true}]}}