{"id":67463,"date":"2025-05-29T16:26:10","date_gmt":"2025-05-29T09:26:10","guid":{"rendered":"https:\/\/3d-smartsolutions.com\/san-pham\/cam-assist-annual-job-shop\/"},"modified":"2026-03-18T10:54:29","modified_gmt":"2026-03-18T03:54:29","slug":"cam-assist-annual-job-shop","status":"publish","type":"product","link":"https:\/\/3d-smartsolutions.com\/en\/cam-assist-annual-job-shop\/","title":{"rendered":"CAM Assist Annual &#8211; Job Shop"},"content":{"rendered":"<p><p><strong>CAM Assist &#8211; Job Shop<\/strong> \u0111\u01b0\u1ee3c thi\u1ebft k\u1ebf cho c\u00e1c x\u01b0\u1edfng gia c\u00f4ng v\u1eeba v\u00e0 nh\u1ecf, cung c\u1ea5p t\u1ed1i \u0111a 3 gi\u1ea5y ph\u00e9p s\u1eed d\u1ee5ng h\u00e0ng n\u0103m. G\u00f3i n\u00e0y cho ph\u00e9p m\u1ed9t nh\u00f3m nh\u1ecf l\u1eadp tr\u00ecnh vi\u00ean CAM c\u00f9ng nhau t\u0103ng t\u1ed1c \u0111\u1ed9 s\u1ea3n xu\u1ea5t, c\u1ea3i thi\u1ec7n \u0111\u1ed9 ch\u00ednh x\u00e1c c\u1ee7a b\u00e1o gi\u00e1 v\u00e0 gi\u1ea3m \u0111\u00e1ng k\u1ec3 th\u1eddi gian l\u1eadp tr\u00ecnh l\u1eb7p \u0111i l\u1eb7p l\u1ea1i, gi\u00fap x\u01b0\u1edfng c\u1ee7a b\u1ea1n x\u1eed l\u00fd nhi\u1ec1u \u0111\u01a1n h\u00e0ng h\u01a1n v\u00e0 hi\u1ec7u qu\u1ea3 h\u01a1n.<\/p><\/p>\n","protected":false},"excerpt":{"rendered":"<p><strong>CAM Assist &#8211; Job Shop<\/strong> \u0111\u01b0\u1ee3c thi\u1ebft k\u1ebf cho c\u00e1c x\u01b0\u1edfng gia c\u00f4ng v\u1eeba v\u00e0 nh\u1ecf, cung c\u1ea5p t\u1ed1i \u0111a 3 gi\u1ea5y ph\u00e9p s\u1eed d\u1ee5ng h\u00e0ng n\u0103m. G\u00f3i n\u00e0y cho ph\u00e9p m\u1ed9t nh\u00f3m nh\u1ecf l\u1eadp tr\u00ecnh vi\u00ean CAM c\u00f9ng nhau t\u0103ng t\u1ed1c \u0111\u1ed9 s\u1ea3n xu\u1ea5t, c\u1ea3i thi\u1ec7n \u0111\u1ed9 ch\u00ednh x\u00e1c c\u1ee7a b\u00e1o gi\u00e1 v\u00e0 gi\u1ea3m \u0111\u00e1ng k\u1ec3 th\u1eddi gian l\u1eadp tr\u00ecnh l\u1eb7p \u0111i l\u1eb7p l\u1ea1i, gi\u00fap x\u01b0\u1edfng c\u1ee7a b\u1ea1n x\u1eed l\u00fd nhi\u1ec1u \u0111\u01a1n h\u00e0ng h\u01a1n v\u00e0 hi\u1ec7u qu\u1ea3 h\u01a1n.<\/p>\n","protected":false},"featured_media":65915,"template":"","meta":{"_acf_changed":false},"product_brand":[1168],"product_cat":[859],"product_tag":[],"class_list":{"0":"post-67463","1":"product","2":"type-product","3":"status-publish","4":"has-post-thumbnail","6":"product_brand-camassist-en","7":"product_cat-software","9":"first","10":"instock","11":"purchasable","12":"product-type-simple"},"acf":[],"_links":{"self":[{"href":"https:\/\/3d-smartsolutions.com\/en\/wp-json\/wp\/v2\/product\/67463","targetHints":{"allow":["GET"]}}],"collection":[{"href":"https:\/\/3d-smartsolutions.com\/en\/wp-json\/wp\/v2\/product"}],"about":[{"href":"https:\/\/3d-smartsolutions.com\/en\/wp-json\/wp\/v2\/types\/product"}],"wp:featuredmedia":[{"embeddable":true,"href":"https:\/\/3d-smartsolutions.com\/en\/wp-json\/wp\/v2\/media\/65915"}],"wp:attachment":[{"href":"https:\/\/3d-smartsolutions.com\/en\/wp-json\/wp\/v2\/media?parent=67463"}],"wp:term":[{"taxonomy":"product_brand","embeddable":true,"href":"https:\/\/3d-smartsolutions.com\/en\/wp-json\/wp\/v2\/product_brand?post=67463"},{"taxonomy":"product_cat","embeddable":true,"href":"https:\/\/3d-smartsolutions.com\/en\/wp-json\/wp\/v2\/product_cat?post=67463"},{"taxonomy":"product_tag","embeddable":true,"href":"https:\/\/3d-smartsolutions.com\/en\/wp-json\/wp\/v2\/product_tag?post=67463"}],"curies":[{"name":"wp","href":"https:\/\/api.w.org\/{rel}","templated":true}]}}