{"id":67468,"date":"2025-05-29T16:26:10","date_gmt":"2025-05-29T09:26:10","guid":{"rendered":"https:\/\/3d-smartsolutions.com\/san-pham\/moldplus-plate-fixture-design-single-license\/"},"modified":"2025-09-05T14:32:31","modified_gmt":"2025-09-05T07:32:31","slug":"moldplus-plate-fixture-design-single-license","status":"publish","type":"product","link":"https:\/\/3d-smartsolutions.com\/en\/moldplus-plate-fixture-design-single-license\/","title":{"rendered":"Moldplus\u00ae Plate Fixture Design SINGLE LICENSE"},"content":{"rendered":"<h3>Moldplus cho Mastercam<\/h3>\n<p>Trong h\u01a1n 25 n\u0103m qua, <strong>Moldplus<\/strong> \u0111\u00e3 ph\u00e1t tri\u1ec3n v\u00e0 cung c\u1ea5p c\u00e1c gi\u1ea3i ph\u00e1p ph\u1ea7n m\u1ec1m th\u1ef1c t\u1ebf cho ng\u01b0\u1eddi d\u00f9ng <strong>Mastercam<\/strong>, gi\u00fap <strong>ti\u1ebft ki\u1ec7m th\u1eddi gian v\u00e0 chi ph\u00ed<\/strong> trong qu\u00e1 tr\u00ecnh chu\u1ea9n b\u1ecb, s\u1ea3n xu\u1ea5t v\u00e0 \u0111\u01b0a s\u1ea3n ph\u1ea9m ra th\u1ecb tr\u01b0\u1eddng. Moldplus cung c\u1ea5p m\u1ed9t b\u1ed9 c\u00f4ng c\u1ee5 m\u1ea1nh m\u1ebd nh\u1eb1m <strong>t\u0103ng t\u1ed1c quy tr\u00ecnh thi\u1ebft k\u1ebf v\u00e0 gia c\u00f4ng<\/strong>, \u0111\u1eb7c bi\u1ec7t ph\u00f9 h\u1ee3p cho c\u00e1c ng\u00e0nh nh\u01b0 <em>\u00f4 t\u00f4, h\u00e0ng kh\u00f4ng v\u0169 tr\u1ee5, n\u0103ng l\u01b0\u1ee3ng v\u00e0 h\u00e0ng h\u1ea3i<\/em> \u2014 b\u1ea5t k\u1ef3 l\u0129nh v\u1ef1c n\u00e0o li\u00ean quan \u0111\u1ebfn m\u00f4 h\u00ecnh h\u00f3a b\u1ec1 m\u1eb7t ho\u1eb7c kh\u1ed1i r\u1eafn.<\/p>\n<ul>\n<li><strong>H\u1ed7 tr\u1ee3 ph\u00e2n t\u00edch m\u1eb7t ph\u00e2n khu\u00f4n (Parting Line\/Surface):<\/strong> Gi\u00fap x\u00e1c \u0111\u1ecbnh v\u00e0 x\u1eed l\u00fd m\u1eb7t ph\u00e2n khu\u00f4n m\u1ed9t c\u00e1ch ch\u00ednh x\u00e1c.<\/li>\n<li><strong>C\u00e1c c\u00f4ng c\u1ee5 x\u1eed l\u00fd b\u1ec1 m\u1eb7t (Surface Editing Tools):<\/strong> Tinh ch\u1ec9nh b\u1ec1 m\u1eb7t m\u00f4 h\u00ecnh \u0111\u1ec3 t\u1ed1i \u01b0u cho qu\u00e1 tr\u00ecnh gia c\u00f4ng.<\/li>\n<li><strong>Thi\u1ebft k\u1ebf \u0111i\u1ec7n c\u1ef1c (Electrode Design):<\/strong> T\u1ef1 \u0111\u1ed9ng h\u00f3a qu\u00e1 tr\u00ecnh t\u1ea1o v\u00e0 qu\u1ea3n l\u00fd c\u00e1c \u0111i\u1ec7n c\u1ef1c.<\/li>\n<li><strong>Ki\u1ec3m tra \u0111\u1ed9 cong v\u00e0 v\u00f9ng undercut:<\/strong> H\u1ed7 tr\u1ee3 ph\u00e2n t\u00edch h\u00ecnh h\u1ecdc nh\u1eb1m ph\u00e1t hi\u1ec7n c\u00e1c v\u00f9ng kh\u00f3 gia c\u00f4ng.<\/li>\n<li><strong>Xu\u1ea5t \u0111\u01b0\u1eddng ch\u1ea1y dao tr\u1ef1c ti\u1ebfp:<\/strong> Cho ph\u00e9p t\u1ea1o toolpath tr\u1ef1c ti\u1ebfp t\u1eeb c\u00e1c m\u00f4 h\u00ecnh \u0111\u00e3 ch\u1ec9nh s\u1eeda, ti\u1ebft ki\u1ec7m th\u1eddi gian l\u1eadp tr\u00ecnh.<\/li>\n<\/ul>\n","protected":false},"excerpt":{"rendered":"<h3>Moldplus cho Mastercam<\/h3>\n<p>Trong h\u01a1n 25 n\u0103m qua, <strong>Moldplus<\/strong> \u0111\u00e3 ph\u00e1t tri\u1ec3n v\u00e0 cung c\u1ea5p c\u00e1c gi\u1ea3i ph\u00e1p ph\u1ea7n m\u1ec1m th\u1ef1c t\u1ebf cho ng\u01b0\u1eddi d\u00f9ng <strong>Mastercam<\/strong>, gi\u00fap <strong>ti\u1ebft ki\u1ec7m th\u1eddi gian v\u00e0 chi ph\u00ed<\/strong> trong qu\u00e1 tr\u00ecnh chu\u1ea9n b\u1ecb, s\u1ea3n xu\u1ea5t v\u00e0 \u0111\u01b0a s\u1ea3n ph\u1ea9m ra th\u1ecb tr\u01b0\u1eddng. Moldplus cung c\u1ea5p m\u1ed9t b\u1ed9 c\u00f4ng c\u1ee5 m\u1ea1nh m\u1ebd nh\u1eb1m <strong>t\u0103ng t\u1ed1c quy tr\u00ecnh thi\u1ebft k\u1ebf v\u00e0 gia c\u00f4ng<\/strong>, \u0111\u1eb7c bi\u1ec7t ph\u00f9 h\u1ee3p cho c\u00e1c ng\u00e0nh nh\u01b0 <em>\u00f4 t\u00f4, h\u00e0ng kh\u00f4ng v\u0169 tr\u1ee5, n\u0103ng l\u01b0\u1ee3ng v\u00e0 h\u00e0ng h\u1ea3i<\/em> \u2014 b\u1ea5t k\u1ef3 l\u0129nh v\u1ef1c n\u00e0o li\u00ean quan \u0111\u1ebfn m\u00f4 h\u00ecnh h\u00f3a b\u1ec1 m\u1eb7t ho\u1eb7c kh\u1ed1i r\u1eafn.<\/p>\n<ul>\n<li><strong>H\u1ed7 tr\u1ee3 ph\u00e2n t\u00edch m\u1eb7t ph\u00e2n khu\u00f4n (Parting Line\/Surface):<\/strong> Gi\u00fap x\u00e1c \u0111\u1ecbnh v\u00e0 x\u1eed l\u00fd m\u1eb7t ph\u00e2n khu\u00f4n m\u1ed9t c\u00e1ch ch\u00ednh x\u00e1c.<\/li>\n<li><strong>C\u00e1c c\u00f4ng c\u1ee5 x\u1eed l\u00fd b\u1ec1 m\u1eb7t (Surface Editing Tools):<\/strong> Tinh ch\u1ec9nh b\u1ec1 m\u1eb7t m\u00f4 h\u00ecnh \u0111\u1ec3 t\u1ed1i \u01b0u cho qu\u00e1 tr\u00ecnh gia c\u00f4ng.<\/li>\n<li><strong>Thi\u1ebft k\u1ebf \u0111i\u1ec7n c\u1ef1c (Electrode Design):<\/strong> T\u1ef1 \u0111\u1ed9ng h\u00f3a qu\u00e1 tr\u00ecnh t\u1ea1o v\u00e0 qu\u1ea3n l\u00fd c\u00e1c \u0111i\u1ec7n c\u1ef1c.<\/li>\n<li><strong>Ki\u1ec3m tra \u0111\u1ed9 cong v\u00e0 v\u00f9ng undercut:<\/strong> H\u1ed7 tr\u1ee3 ph\u00e2n t\u00edch h\u00ecnh h\u1ecdc nh\u1eb1m ph\u00e1t hi\u1ec7n c\u00e1c v\u00f9ng kh\u00f3 gia c\u00f4ng.<\/li>\n<li><strong>Xu\u1ea5t \u0111\u01b0\u1eddng ch\u1ea1y dao tr\u1ef1c ti\u1ebfp:<\/strong> Cho ph\u00e9p t\u1ea1o toolpath tr\u1ef1c ti\u1ebfp t\u1eeb c\u00e1c m\u00f4 h\u00ecnh \u0111\u00e3 ch\u1ec9nh s\u1eeda, ti\u1ebft ki\u1ec7m th\u1eddi gian l\u1eadp tr\u00ecnh.<\/li>\n<\/ul>\n","protected":false},"featured_media":65683,"template":"","meta":{"_acf_changed":false},"product_brand":[1170],"product_cat":[859],"product_tag":[],"class_list":{"0":"post-67468","1":"product","2":"type-product","3":"status-publish","4":"has-post-thumbnail","6":"product_brand-moldplus-en","7":"product_cat-software","9":"first","10":"instock","11":"virtual","12":"product-type-simple"},"acf":[],"_links":{"self":[{"href":"https:\/\/3d-smartsolutions.com\/en\/wp-json\/wp\/v2\/product\/67468","targetHints":{"allow":["GET"]}}],"collection":[{"href":"https:\/\/3d-smartsolutions.com\/en\/wp-json\/wp\/v2\/product"}],"about":[{"href":"https:\/\/3d-smartsolutions.com\/en\/wp-json\/wp\/v2\/types\/product"}],"wp:featuredmedia":[{"embeddable":true,"href":"https:\/\/3d-smartsolutions.com\/en\/wp-json\/wp\/v2\/media\/65683"}],"wp:attachment":[{"href":"https:\/\/3d-smartsolutions.com\/en\/wp-json\/wp\/v2\/media?parent=67468"}],"wp:term":[{"taxonomy":"product_brand","embeddable":true,"href":"https:\/\/3d-smartsolutions.com\/en\/wp-json\/wp\/v2\/product_brand?post=67468"},{"taxonomy":"product_cat","embeddable":true,"href":"https:\/\/3d-smartsolutions.com\/en\/wp-json\/wp\/v2\/product_cat?post=67468"},{"taxonomy":"product_tag","embeddable":true,"href":"https:\/\/3d-smartsolutions.com\/en\/wp-json\/wp\/v2\/product_tag?post=67468"}],"curies":[{"name":"wp","href":"https:\/\/api.w.org\/{rel}","templated":true}]}}