{"id":67477,"date":"2025-05-29T16:24:37","date_gmt":"2025-05-29T09:24:37","guid":{"rendered":"https:\/\/3d-smartsolutions.com\/san-pham\/cimco-edit\/"},"modified":"2025-09-05T14:41:58","modified_gmt":"2025-09-05T07:41:58","slug":"cimco-edit","status":"publish","type":"product","link":"https:\/\/3d-smartsolutions.com\/en\/cimco-edit\/","title":{"rendered":"Cimco Edit"},"content":{"rendered":"<p>CIMCO l\u00e0 m\u1ed9t ph\u1ea7n m\u1ec1m chuy\u00ean d\u1ee5ng trong l\u0129nh v\u1ef1c gia c\u00f4ng c\u01a1 kh\u00ed CNC, \u0111\u01b0\u1ee3c thi\u1ebft k\u1ebf \u0111\u1ec3 h\u1ed7 tr\u1ee3 l\u1eadp tr\u00ecnh, ch\u1ec9nh s\u1eeda, m\u00f4 ph\u1ecfng v\u00e0 qu\u1ea3n l\u00fd ch\u01b0\u01a1ng tr\u00ecnh gia c\u00f4ng. Ph\u1ea7n m\u1ec1m n\u00e0y gi\u00fap c\u00e1c k\u1ef9 thu\u1eadt vi\u00ean d\u1ec5 d\u00e0ng x\u1eed l\u00fd m\u00e3 G-code, ki\u1ec3m tra \u0111\u01b0\u1eddng dao, v\u00e0 truy\u1ec1n d\u1eef li\u1ec7u gi\u1eefa m\u00e1y t\u00ednh v\u00e0 m\u00e1y CNC m\u1ed9t c\u00e1ch nhanh ch\u00f3ng v\u00e0 ch\u00ednh x\u00e1c. V\u1edbi giao di\u1ec7n tr\u1ef1c quan, t\u00ednh n\u0103ng m\u00f4 ph\u1ecfng 2D\/3D, c\u00f9ng kh\u1ea3 n\u0103ng t\u00edch h\u1ee3p v\u1edbi nhi\u1ec1u lo\u1ea1i m\u00e1y CNC nh\u01b0 Fanuc, Siemens, Haas\u2026, CIMCO \u0111\u01b0\u1ee3c s\u1eed d\u1ee5ng r\u1ed9ng r\u00e3i trong c\u00e1c x\u01b0\u1edfng c\u01a1 kh\u00ed v\u00e0 nh\u00e0 m\u00e1y s\u1ea3n xu\u1ea5t hi\u1ec7n \u0111\u1ea1i.<\/p>\n","protected":false},"excerpt":{"rendered":"<p>CIMCO l\u00e0 m\u1ed9t ph\u1ea7n m\u1ec1m chuy\u00ean d\u1ee5ng trong l\u0129nh v\u1ef1c gia c\u00f4ng c\u01a1 kh\u00ed CNC, \u0111\u01b0\u1ee3c thi\u1ebft k\u1ebf \u0111\u1ec3 h\u1ed7 tr\u1ee3 l\u1eadp tr\u00ecnh, ch\u1ec9nh s\u1eeda, m\u00f4 ph\u1ecfng v\u00e0 qu\u1ea3n l\u00fd ch\u01b0\u01a1ng tr\u00ecnh gia c\u00f4ng. Ph\u1ea7n m\u1ec1m n\u00e0y gi\u00fap c\u00e1c k\u1ef9 thu\u1eadt vi\u00ean d\u1ec5 d\u00e0ng x\u1eed l\u00fd m\u00e3 G-code, ki\u1ec3m tra \u0111\u01b0\u1eddng dao, v\u00e0 truy\u1ec1n d\u1eef li\u1ec7u gi\u1eefa m\u00e1y t\u00ednh v\u00e0 m\u00e1y CNC m\u1ed9t c\u00e1ch nhanh ch\u00f3ng v\u00e0 ch\u00ednh x\u00e1c. V\u1edbi giao di\u1ec7n tr\u1ef1c quan, t\u00ednh n\u0103ng m\u00f4 ph\u1ecfng 2D\/3D, c\u00f9ng kh\u1ea3 n\u0103ng t\u00edch h\u1ee3p v\u1edbi nhi\u1ec1u lo\u1ea1i m\u00e1y CNC nh\u01b0 Fanuc, Siemens, Haas\u2026, CIMCO \u0111\u01b0\u1ee3c s\u1eed d\u1ee5ng r\u1ed9ng r\u00e3i trong c\u00e1c x\u01b0\u1edfng c\u01a1 kh\u00ed v\u00e0 nh\u00e0 m\u00e1y s\u1ea3n xu\u1ea5t hi\u1ec7n \u0111\u1ea1i.<\/p>\n","protected":false},"featured_media":65657,"template":"","meta":{"_acf_changed":false},"product_brand":[1175],"product_cat":[859],"product_tag":[],"class_list":{"0":"post-67477","1":"product","2":"type-product","3":"status-publish","4":"has-post-thumbnail","6":"product_brand-cimco-en","7":"product_cat-software","9":"first","10":"instock","11":"virtual","12":"product-type-simple"},"acf":[],"_links":{"self":[{"href":"https:\/\/3d-smartsolutions.com\/en\/wp-json\/wp\/v2\/product\/67477","targetHints":{"allow":["GET"]}}],"collection":[{"href":"https:\/\/3d-smartsolutions.com\/en\/wp-json\/wp\/v2\/product"}],"about":[{"href":"https:\/\/3d-smartsolutions.com\/en\/wp-json\/wp\/v2\/types\/product"}],"wp:featuredmedia":[{"embeddable":true,"href":"https:\/\/3d-smartsolutions.com\/en\/wp-json\/wp\/v2\/media\/65657"}],"wp:attachment":[{"href":"https:\/\/3d-smartsolutions.com\/en\/wp-json\/wp\/v2\/media?parent=67477"}],"wp:term":[{"taxonomy":"product_brand","embeddable":true,"href":"https:\/\/3d-smartsolutions.com\/en\/wp-json\/wp\/v2\/product_brand?post=67477"},{"taxonomy":"product_cat","embeddable":true,"href":"https:\/\/3d-smartsolutions.com\/en\/wp-json\/wp\/v2\/product_cat?post=67477"},{"taxonomy":"product_tag","embeddable":true,"href":"https:\/\/3d-smartsolutions.com\/en\/wp-json\/wp\/v2\/product_tag?post=67477"}],"curies":[{"name":"wp","href":"https:\/\/api.w.org\/{rel}","templated":true}]}}