{"id":67484,"date":"2025-05-29T16:22:53","date_gmt":"2025-05-29T09:22:53","guid":{"rendered":"https:\/\/3d-smartsolutions.com\/san-pham\/design-x-control-x-inspection-suite\/"},"modified":"2025-08-26T14:13:57","modified_gmt":"2025-08-26T07:13:57","slug":"design-x-control-x-inspection-suite","status":"publish","type":"product","link":"https:\/\/3d-smartsolutions.com\/en\/design-x-control-x-inspection-suite\/","title":{"rendered":"Design X\/Control X Inspection Suite"},"content":{"rendered":"<p><strong>Geomagic Design X\/Control X Inspection Suite<\/strong> l\u00e0 gi\u1ea3i ph\u00e1p to\u00e0n di\u1ec7n k\u1ebft h\u1ee3p s\u1ee9c m\u1ea1nh c\u1ee7a ph\u1ea7n m\u1ec1m thi\u1ebft k\u1ebf ng\u01b0\u1ee3c h\u00e0ng \u0111\u1ea7u (Geomagic Design X) v\u00e0 ph\u1ea7n m\u1ec1m ki\u1ec3m tra, \u0111o l\u01b0\u1eddng 3D chuy\u00ean nghi\u1ec7p (Geomagic Control X). B\u1ed9 s\u1ea3n ph\u1ea9m n\u00e0y cung c\u1ea5p m\u1ed9t quy tr\u00ecnh l\u00e0m vi\u1ec7c li\u1ec1n m\u1ea1ch t\u1eeb vi\u1ec7c chuy\u1ec3n \u0111\u1ed5i d\u1eef li\u1ec7u qu\u00e9t 3D th\u00e0nh c\u00e1c m\u00f4 h\u00ecnh CAD gi\u00e0u t\u00ednh n\u0103ng, s\u1eb5n s\u00e0ng cho s\u1ea3n xu\u1ea5t, \u0111\u1ebfn vi\u1ec7c th\u1ef1c hi\u1ec7n ki\u1ec3m tra ch\u1ea5t l\u01b0\u1ee3ng ch\u00ednh x\u00e1c v\u00e0 t\u1ea1o b\u00e1o c\u00e1o chi ti\u1ebft. \u0110\u00e2y l\u00e0 c\u00f4ng c\u1ee5 l\u00fd t\u01b0\u1edfng cho c\u00e1c nh\u00e0 s\u1ea3n xu\u1ea5t v\u00e0 k\u1ef9 s\u01b0 mu\u1ed1n t\u1ed1i \u01b0u h\u00f3a chu tr\u00ecnh ph\u00e1t tri\u1ec3n s\u1ea3n ph\u1ea9m, \u0111\u1ea3m b\u1ea3o \u0111\u1ed9 ch\u00ednh x\u00e1c v\u00e0 n\u00e2ng cao hi\u1ec7u qu\u1ea3.<\/p>\n","protected":false},"excerpt":{"rendered":"<p><strong>Geomagic Design X\/Control X Inspection Suite<\/strong> l\u00e0 gi\u1ea3i ph\u00e1p to\u00e0n di\u1ec7n k\u1ebft h\u1ee3p s\u1ee9c m\u1ea1nh c\u1ee7a ph\u1ea7n m\u1ec1m thi\u1ebft k\u1ebf ng\u01b0\u1ee3c h\u00e0ng \u0111\u1ea7u (Geomagic Design X) v\u00e0 ph\u1ea7n m\u1ec1m ki\u1ec3m tra, \u0111o l\u01b0\u1eddng 3D chuy\u00ean nghi\u1ec7p (Geomagic Control X). B\u1ed9 s\u1ea3n ph\u1ea9m n\u00e0y cung c\u1ea5p m\u1ed9t quy tr\u00ecnh l\u00e0m vi\u1ec7c li\u1ec1n m\u1ea1ch t\u1eeb vi\u1ec7c chuy\u1ec3n \u0111\u1ed5i d\u1eef li\u1ec7u qu\u00e9t 3D th\u00e0nh c\u00e1c m\u00f4 h\u00ecnh CAD gi\u00e0u t\u00ednh n\u0103ng, s\u1eb5n s\u00e0ng cho s\u1ea3n xu\u1ea5t, \u0111\u1ebfn vi\u1ec7c th\u1ef1c hi\u1ec7n ki\u1ec3m tra ch\u1ea5t l\u01b0\u1ee3ng ch\u00ednh x\u00e1c v\u00e0 t\u1ea1o b\u00e1o c\u00e1o chi ti\u1ebft. \u0110\u00e2y l\u00e0 c\u00f4ng c\u1ee5 l\u00fd t\u01b0\u1edfng cho c\u00e1c nh\u00e0 s\u1ea3n xu\u1ea5t v\u00e0 k\u1ef9 s\u01b0 mu\u1ed1n t\u1ed1i \u01b0u h\u00f3a chu tr\u00ecnh ph\u00e1t tri\u1ec3n s\u1ea3n ph\u1ea9m, \u0111\u1ea3m b\u1ea3o \u0111\u1ed9 ch\u00ednh x\u00e1c v\u00e0 n\u00e2ng cao hi\u1ec7u qu\u1ea3.<\/p>\n","protected":false},"featured_media":65634,"template":"","meta":{"_acf_changed":false},"product_brand":[1172],"product_cat":[859],"product_tag":[],"class_list":{"0":"post-67484","1":"product","2":"type-product","3":"status-publish","4":"has-post-thumbnail","6":"product_brand-geomagic-en","7":"product_cat-software","9":"first","10":"instock","11":"product-type-variable","12":"has-default-attributes"},"acf":[],"_links":{"self":[{"href":"https:\/\/3d-smartsolutions.com\/en\/wp-json\/wp\/v2\/product\/67484","targetHints":{"allow":["GET"]}}],"collection":[{"href":"https:\/\/3d-smartsolutions.com\/en\/wp-json\/wp\/v2\/product"}],"about":[{"href":"https:\/\/3d-smartsolutions.com\/en\/wp-json\/wp\/v2\/types\/product"}],"wp:featuredmedia":[{"embeddable":true,"href":"https:\/\/3d-smartsolutions.com\/en\/wp-json\/wp\/v2\/media\/65634"}],"wp:attachment":[{"href":"https:\/\/3d-smartsolutions.com\/en\/wp-json\/wp\/v2\/media?parent=67484"}],"wp:term":[{"taxonomy":"product_brand","embeddable":true,"href":"https:\/\/3d-smartsolutions.com\/en\/wp-json\/wp\/v2\/product_brand?post=67484"},{"taxonomy":"product_cat","embeddable":true,"href":"https:\/\/3d-smartsolutions.com\/en\/wp-json\/wp\/v2\/product_cat?post=67484"},{"taxonomy":"product_tag","embeddable":true,"href":"https:\/\/3d-smartsolutions.com\/en\/wp-json\/wp\/v2\/product_tag?post=67484"}],"curies":[{"name":"wp","href":"https:\/\/api.w.org\/{rel}","templated":true}]}}