{"id":67487,"date":"2025-05-29T16:22:53","date_gmt":"2025-05-29T09:22:53","guid":{"rendered":"https:\/\/3d-smartsolutions.com\/san-pham\/geomagic-wrap\/"},"modified":"2025-08-26T14:36:09","modified_gmt":"2025-08-26T07:36:09","slug":"geomagic-wrap","status":"publish","type":"product","link":"https:\/\/3d-smartsolutions.com\/en\/geomagic-wrap\/","title":{"rendered":"Geomagic Wrap"},"content":{"rendered":"<p><strong>Geomagic Wrap<\/strong> cung c\u1ea5p b\u1ed9 c\u00f4ng c\u1ee5 m\u1ea1nh m\u1ebd \u0111\u1ec3 chuy\u1ec3n \u0111\u1ed5i d\u1eef li\u1ec7u \u0111\u00e1m m\u00e2y \u0111i\u1ec3m 3D th\u00e0nh c\u00e1c m\u00f4 h\u00ecnh l\u01b0\u1edbi \u0111a gi\u00e1c 3D v\u00e0 m\u00f4 h\u00ecnh b\u1ec1 m\u1eb7t ch\u00ednh x\u00e1c. Ph\u1ea7n m\u1ec1m n\u00e0y l\u00fd t\u01b0\u1edfng cho vi\u1ec7c t\u1ea1o ra c\u00e1c m\u00f4 h\u00ecnh ho\u00e0n h\u1ea3o \u0111\u1ec3 s\u1eed d\u1ee5ng trong in 3D, phay CNC, l\u01b0u tr\u1eef k\u1ef9 thu\u1eadt s\u1ed1, ngh\u1ec7 thu\u1eadt, thi\u1ebft k\u1ebf c\u00f4ng nghi\u1ec7p v\u00e0 nhi\u1ec1u \u1ee9ng d\u1ee5ng kh\u00e1c.<\/p>\n","protected":false},"excerpt":{"rendered":"<p><strong>Geomagic Wrap<\/strong> cung c\u1ea5p b\u1ed9 c\u00f4ng c\u1ee5 m\u1ea1nh m\u1ebd \u0111\u1ec3 chuy\u1ec3n \u0111\u1ed5i d\u1eef li\u1ec7u \u0111\u00e1m m\u00e2y \u0111i\u1ec3m 3D th\u00e0nh c\u00e1c m\u00f4 h\u00ecnh l\u01b0\u1edbi \u0111a gi\u00e1c 3D v\u00e0 m\u00f4 h\u00ecnh b\u1ec1 m\u1eb7t ch\u00ednh x\u00e1c. Ph\u1ea7n m\u1ec1m n\u00e0y l\u00fd t\u01b0\u1edfng cho vi\u1ec7c t\u1ea1o ra c\u00e1c m\u00f4 h\u00ecnh ho\u00e0n h\u1ea3o \u0111\u1ec3 s\u1eed d\u1ee5ng trong in 3D, phay CNC, l\u01b0u tr\u1eef k\u1ef9 thu\u1eadt s\u1ed1, ngh\u1ec7 thu\u1eadt, thi\u1ebft k\u1ebf c\u00f4ng nghi\u1ec7p v\u00e0 nhi\u1ec1u \u1ee9ng d\u1ee5ng kh\u00e1c.<\/p>\n","protected":false},"featured_media":67346,"template":"","meta":{"_acf_changed":false},"product_brand":[1172],"product_cat":[859],"product_tag":[],"class_list":{"0":"post-67487","1":"product","2":"type-product","3":"status-publish","4":"has-post-thumbnail","6":"product_brand-geomagic-en","7":"product_cat-software","9":"first","10":"instock","11":"product-type-variable","12":"has-default-attributes"},"acf":[],"_links":{"self":[{"href":"https:\/\/3d-smartsolutions.com\/en\/wp-json\/wp\/v2\/product\/67487","targetHints":{"allow":["GET"]}}],"collection":[{"href":"https:\/\/3d-smartsolutions.com\/en\/wp-json\/wp\/v2\/product"}],"about":[{"href":"https:\/\/3d-smartsolutions.com\/en\/wp-json\/wp\/v2\/types\/product"}],"wp:featuredmedia":[{"embeddable":true,"href":"https:\/\/3d-smartsolutions.com\/en\/wp-json\/wp\/v2\/media\/67346"}],"wp:attachment":[{"href":"https:\/\/3d-smartsolutions.com\/en\/wp-json\/wp\/v2\/media?parent=67487"}],"wp:term":[{"taxonomy":"product_brand","embeddable":true,"href":"https:\/\/3d-smartsolutions.com\/en\/wp-json\/wp\/v2\/product_brand?post=67487"},{"taxonomy":"product_cat","embeddable":true,"href":"https:\/\/3d-smartsolutions.com\/en\/wp-json\/wp\/v2\/product_cat?post=67487"},{"taxonomy":"product_tag","embeddable":true,"href":"https:\/\/3d-smartsolutions.com\/en\/wp-json\/wp\/v2\/product_tag?post=67487"}],"curies":[{"name":"wp","href":"https:\/\/api.w.org\/{rel}","templated":true}]}}