{"id":67509,"date":"2025-05-23T17:36:21","date_gmt":"2025-05-23T10:36:21","guid":{"rendered":"https:\/\/3d-smartsolutions.com\/san-pham\/mastercam-deburr-subscription-3-months\/"},"modified":"2026-03-05T16:12:17","modified_gmt":"2026-03-05T09:12:17","slug":"mastercam-deburr-subscription-3-months","status":"publish","type":"product","link":"https:\/\/3d-smartsolutions.com\/en\/mastercam-deburr-subscription-3-months\/","title":{"rendered":"Mastercam Deburr SUBSCRIPTION (3 months)"},"content":{"rendered":"<p>G\u00f3i thu\u00ea bao theo 3 th\u00e1ng Mastercam Deburr<\/p>\n","protected":false},"excerpt":{"rendered":"<p>G\u00f3i thu\u00ea bao theo 3 th\u00e1ng Mastercam Deburr<\/p>\n","protected":false},"featured_media":64539,"template":"","meta":{"_acf_changed":false},"product_brand":[],"product_cat":[854,859],"product_tag":[],"class_list":{"0":"post-67509","1":"product","2":"type-product","3":"status-publish","4":"has-post-thumbnail","6":"product_cat-shop","7":"product_cat-software","9":"first","10":"instock","11":"virtual","12":"purchasable","13":"product-type-simple"},"acf":[],"_links":{"self":[{"href":"https:\/\/3d-smartsolutions.com\/en\/wp-json\/wp\/v2\/product\/67509","targetHints":{"allow":["GET"]}}],"collection":[{"href":"https:\/\/3d-smartsolutions.com\/en\/wp-json\/wp\/v2\/product"}],"about":[{"href":"https:\/\/3d-smartsolutions.com\/en\/wp-json\/wp\/v2\/types\/product"}],"wp:featuredmedia":[{"embeddable":true,"href":"https:\/\/3d-smartsolutions.com\/en\/wp-json\/wp\/v2\/media\/64539"}],"wp:attachment":[{"href":"https:\/\/3d-smartsolutions.com\/en\/wp-json\/wp\/v2\/media?parent=67509"}],"wp:term":[{"taxonomy":"product_brand","embeddable":true,"href":"https:\/\/3d-smartsolutions.com\/en\/wp-json\/wp\/v2\/product_brand?post=67509"},{"taxonomy":"product_cat","embeddable":true,"href":"https:\/\/3d-smartsolutions.com\/en\/wp-json\/wp\/v2\/product_cat?post=67509"},{"taxonomy":"product_tag","embeddable":true,"href":"https:\/\/3d-smartsolutions.com\/en\/wp-json\/wp\/v2\/product_tag?post=67509"}],"curies":[{"name":"wp","href":"https:\/\/api.w.org\/{rel}","templated":true}]}}