{"id":67638,"date":"2025-05-30T20:57:19","date_gmt":"2025-05-30T13:57:19","guid":{"rendered":"https:\/\/3d-smartsolutions.com\/san-pham\/3dceram-c1000-flexmatic\/"},"modified":"2025-09-12T11:01:46","modified_gmt":"2025-09-12T04:01:46","slug":"3dceram-c1000-flexmatic","status":"publish","type":"product","link":"https:\/\/3d-smartsolutions.com\/en\/3dceram-c1000-flexmatic\/","title":{"rendered":"3DCeram C1000 Flexmatic"},"content":{"rendered":"<p>M\u00e1y in 3D 3DCeram C1000 Flexmatic l\u00e0 m\u1ed9t gi\u1ea3i ph\u00e1p c\u00f4ng nghi\u1ec7p ti\u00ean ti\u1ebfn \u0111\u01b0\u1ee3c thi\u1ebft k\u1ebf cho s\u1ea3n xu\u1ea5t h\u00e0ng lo\u1ea1t c\u00e1c s\u1ea3n ph\u1ea9m b\u1eb1ng g\u1ed1m k\u1ef9 thu\u1eadt v\u1edbi \u0111\u1ed9 ch\u00ednh x\u00e1c cao. \u0110\u00e2y l\u00e0 m\u1ed9t h\u1ec7 th\u1ed1ng b\u00e1n t\u1ef1 \u0111\u1ed9ng, t\u1eadp trung v\u00e0o vi\u1ec7c t\u1ed1i \u01b0u h\u00f3a quy tr\u00ecnh l\u00e0m vi\u1ec7c v\u00e0 n\u00e2ng cao n\u0103ng su\u1ea5t.<\/p>\n","protected":false},"excerpt":{"rendered":"<p>The C1000 FLEXMATIC is designed to meet the industrial<br \/>\n challenges of large-scale production.<br \/>\n Designed to integrate the Smart Ceramic Factory, it has all<br \/>\n the assets to print ceramic parts in a semi-automated line.<\/p>\n","protected":false},"featured_media":66862,"template":"","meta":{"_acf_changed":false},"product_brand":[1183],"product_cat":[856],"product_tag":[],"class_list":{"0":"post-67638","1":"product","2":"type-product","3":"status-publish","4":"has-post-thumbnail","6":"product_brand-3dceram-en","7":"product_cat-3d-printer","9":"first","10":"onbackorder","11":"taxable","12":"shipping-taxable","13":"product-type-simple"},"acf":[],"_links":{"self":[{"href":"https:\/\/3d-smartsolutions.com\/en\/wp-json\/wp\/v2\/product\/67638","targetHints":{"allow":["GET"]}}],"collection":[{"href":"https:\/\/3d-smartsolutions.com\/en\/wp-json\/wp\/v2\/product"}],"about":[{"href":"https:\/\/3d-smartsolutions.com\/en\/wp-json\/wp\/v2\/types\/product"}],"wp:featuredmedia":[{"embeddable":true,"href":"https:\/\/3d-smartsolutions.com\/en\/wp-json\/wp\/v2\/media\/66862"}],"wp:attachment":[{"href":"https:\/\/3d-smartsolutions.com\/en\/wp-json\/wp\/v2\/media?parent=67638"}],"wp:term":[{"taxonomy":"product_brand","embeddable":true,"href":"https:\/\/3d-smartsolutions.com\/en\/wp-json\/wp\/v2\/product_brand?post=67638"},{"taxonomy":"product_cat","embeddable":true,"href":"https:\/\/3d-smartsolutions.com\/en\/wp-json\/wp\/v2\/product_cat?post=67638"},{"taxonomy":"product_tag","embeddable":true,"href":"https:\/\/3d-smartsolutions.com\/en\/wp-json\/wp\/v2\/product_tag?post=67638"}],"curies":[{"name":"wp","href":"https:\/\/api.w.org\/{rel}","templated":true}]}}