{"id":67639,"date":"2025-05-30T20:57:19","date_gmt":"2025-05-30T13:57:19","guid":{"rendered":"https:\/\/3d-smartsolutions.com\/san-pham\/modix-big-120x\/"},"modified":"2026-03-09T14:14:53","modified_gmt":"2026-03-09T07:14:53","slug":"modix-big-120x","status":"publish","type":"product","link":"https:\/\/3d-smartsolutions.com\/en\/modix-big-120x\/","title":{"rendered":"Modix BIG-120X"},"content":{"rendered":"<p>Kh\u1ed5 in: 1200 x 600 x 600 mm (XYZ)<\/p>\n<p>L\u00e0 m\u1ed9t trong nh\u1eefng model ph\u1ed5 bi\u1ebfn nh\u1ea5t, BIG-120X cung c\u1ea5p s\u1ef1 c\u00e2n b\u1eb1ng t\u1ed1t gi\u1eefa tr\u1ee5c X r\u1ed9ng v\u00e0 2 tr\u1ee5c Y, Z c\u00f3 k\u00edch th\u01b0\u1edbc t\u01b0\u01a1ng \u0111\u1ed3ng.<\/p>\n<p>M\u00e1y n\u00e0y ph\u00f9 h\u1ee3p \u0111\u1ec3 in c\u00e1c v\u1eadt th\u1ec3 d\u00e0i theo chi\u1ec1u ngang, ch\u1eb3ng h\u1ea1n nh\u01b0 c\u00e1c b\u1ed9 ph\u1eadn t\u00f9y ch\u1ec9nh cho \u00f4 t\u00f4, b\u1ea3ng hi\u1ec7u ho\u1eb7c c\u00e1c m\u00f4 h\u00ecnh ki\u1ebfn tr\u00fac.<\/p>\n","protected":false},"excerpt":{"rendered":"<p>Kh\u1ed5 in: 1200 x 600 x 600 mm (XYZ)<\/p>\n<p>L\u00e0 m\u1ed9t trong nh\u1eefng model ph\u1ed5 bi\u1ebfn nh\u1ea5t, BIG-120X cung c\u1ea5p s\u1ef1 c\u00e2n b\u1eb1ng t\u1ed1t gi\u1eefa tr\u1ee5c X r\u1ed9ng v\u00e0 2 tr\u1ee5c Y, Z c\u00f3 k\u00edch th\u01b0\u1edbc t\u01b0\u01a1ng \u0111\u1ed3ng.<\/p>\n<p>M\u00e1y n\u00e0y ph\u00f9 h\u1ee3p \u0111\u1ec3 in c\u00e1c v\u1eadt th\u1ec3 d\u00e0i theo chi\u1ec1u ngang, ch\u1eb3ng h\u1ea1n nh\u01b0 c\u00e1c b\u1ed9 ph\u1eadn t\u00f9y ch\u1ec9nh cho \u00f4 t\u00f4, b\u1ea3ng hi\u1ec7u ho\u1eb7c c\u00e1c m\u00f4 h\u00ecnh ki\u1ebfn tr\u00fac.<\/p>\n","protected":false},"featured_media":68876,"template":"","meta":{"_acf_changed":false},"product_brand":[1194],"product_cat":[856],"product_tag":[],"class_list":{"0":"post-67639","1":"product","2":"type-product","3":"status-publish","4":"has-post-thumbnail","6":"product_brand-modix-en","7":"product_cat-3d-printer","9":"first","10":"onbackorder","11":"taxable","12":"shipping-taxable","13":"product-type-variable","14":"has-default-attributes"},"acf":[],"_links":{"self":[{"href":"https:\/\/3d-smartsolutions.com\/en\/wp-json\/wp\/v2\/product\/67639","targetHints":{"allow":["GET"]}}],"collection":[{"href":"https:\/\/3d-smartsolutions.com\/en\/wp-json\/wp\/v2\/product"}],"about":[{"href":"https:\/\/3d-smartsolutions.com\/en\/wp-json\/wp\/v2\/types\/product"}],"wp:featuredmedia":[{"embeddable":true,"href":"https:\/\/3d-smartsolutions.com\/en\/wp-json\/wp\/v2\/media\/68876"}],"wp:attachment":[{"href":"https:\/\/3d-smartsolutions.com\/en\/wp-json\/wp\/v2\/media?parent=67639"}],"wp:term":[{"taxonomy":"product_brand","embeddable":true,"href":"https:\/\/3d-smartsolutions.com\/en\/wp-json\/wp\/v2\/product_brand?post=67639"},{"taxonomy":"product_cat","embeddable":true,"href":"https:\/\/3d-smartsolutions.com\/en\/wp-json\/wp\/v2\/product_cat?post=67639"},{"taxonomy":"product_tag","embeddable":true,"href":"https:\/\/3d-smartsolutions.com\/en\/wp-json\/wp\/v2\/product_tag?post=67639"}],"curies":[{"name":"wp","href":"https:\/\/api.w.org\/{rel}","templated":true}]}}