{"id":67642,"date":"2025-05-30T20:57:19","date_gmt":"2025-05-30T13:57:19","guid":{"rendered":"https:\/\/3d-smartsolutions.com\/san-pham\/formlabs-fuse-1-30w\/"},"modified":"2025-09-12T11:02:00","modified_gmt":"2025-09-12T04:02:00","slug":"formlabs-fuse-1-30w","status":"publish","type":"product","link":"https:\/\/3d-smartsolutions.com\/en\/formlabs-fuse-1-30w\/","title":{"rendered":"Formlabs Fuse 1+ 30W"},"content":{"rendered":"<p>\u0110\u01b0\u1ee3c thi\u1ebft k\u1ebf \u0111\u1ec3 t\u1ed1i \u01b0u h\u00f3a hi\u1ec7u su\u1ea5t v\u00e0 gi\u1ea3m thi\u1ec3u l\u00e3ng ph\u00ed, m\u00e1y in 3D Formlabs <b>Fuse 1+ 30W<\/b> l\u00e0 gi\u1ea3i ph\u00e1p SLS nh\u1ecf g\u1ecdn nh\u01b0ng mang s\u1ee9c m\u1ea1nh c\u00f4ng nghi\u1ec7p. B\u1ea1n c\u00f3 th\u1ec3 \u0111\u1ea1t \u0111\u01b0\u1ee3c t\u1ed1c \u0111\u1ed9 in ch\u01b0a t\u1eebng c\u00f3, c\u00f9ng v\u1edbi kh\u1ea3 n\u0103ng s\u1eed d\u1ee5ng \u0111a d\u1ea1ng v\u1eadt li\u1ec7u hi\u1ec7u su\u1ea5t cao \u0111\u1ec3 t\u1ea1o m\u1eabu nhanh ch\u00f3ng v\u00e0 s\u1ea3n xu\u1ea5t ngay trong ng\u00e0y.<\/p>\n<p>H\u1ec7 sinh th\u00e1i <b>Fuse Ecosystem<\/b> c\u00f2n cung c\u1ea5p m\u1ed9t gi\u1ea3i ph\u00e1p to\u00e0n di\u1ec7n t\u1eeb thu h\u1ed3i, t\u00e1i ch\u1ebf b\u1ed9t, \u0111\u1ebfn ho\u00e0n thi\u1ec7n s\u1ea3n ph\u1ea9m. V\u1edbi quy tr\u00ecnh t\u1ef1 \u0111\u1ed9ng h\u00f3a v\u00e0 \u0111\u01b0\u1ee3c s\u1eafp x\u1ebfp h\u1ee3p l\u00fd, b\u1ea1n ch\u1ec9 c\u1ea7n 15 ph\u00fat \u0111\u1ec3 c\u00f3 \u0111\u01b0\u1ee3c c\u00e1c m\u1eabu in ho\u00e0n h\u1ea3o nh\u01b0 s\u1ea3n ph\u1ea9m th\u01b0\u01a1ng m\u1ea1i.<\/p>\n","protected":false},"excerpt":{"rendered":"<p>Formlabs Fuse 1+ 30W l\u00e0 m\u1ed9t m\u00e1y in 3D SLS m\u1ea1nh m\u1ebd, mang l\u1ea1i t\u1ed1c \u0111\u1ed9, ch\u1ea5t l\u01b0\u1ee3ng v\u00e0 s\u1ef1 linh ho\u1ea1t c\u1ea7n thi\u1ebft cho c\u00e1c chuy\u00ean gia v\u00e0 doanh nghi\u1ec7p mu\u1ed1n \u0111\u1ea9y nhanh qu\u00e1 tr\u00ecnh ph\u00e1t tri\u1ec3n s\u1ea3n ph\u1ea9m v\u00e0 t\u1ed1i \u01b0u h\u00f3a quy tr\u00ecnh s\u1ea3n xu\u1ea5t v\u1edbi c\u00e1c chi ti\u1ebft ch\u1ea5t l\u01b0\u1ee3ng cao.<\/p>\n","protected":false},"featured_media":66854,"template":"","meta":{"_acf_changed":false},"product_brand":[1140],"product_cat":[856],"product_tag":[],"class_list":{"0":"post-67642","1":"product","2":"type-product","3":"status-publish","4":"has-post-thumbnail","6":"product_brand-formlabs-en","7":"product_cat-3d-printer","9":"first","10":"onbackorder","11":"taxable","12":"shipping-taxable","13":"purchasable","14":"product-type-variable","15":"has-default-attributes"},"acf":[],"_links":{"self":[{"href":"https:\/\/3d-smartsolutions.com\/en\/wp-json\/wp\/v2\/product\/67642","targetHints":{"allow":["GET"]}}],"collection":[{"href":"https:\/\/3d-smartsolutions.com\/en\/wp-json\/wp\/v2\/product"}],"about":[{"href":"https:\/\/3d-smartsolutions.com\/en\/wp-json\/wp\/v2\/types\/product"}],"wp:featuredmedia":[{"embeddable":true,"href":"https:\/\/3d-smartsolutions.com\/en\/wp-json\/wp\/v2\/media\/66854"}],"wp:attachment":[{"href":"https:\/\/3d-smartsolutions.com\/en\/wp-json\/wp\/v2\/media?parent=67642"}],"wp:term":[{"taxonomy":"product_brand","embeddable":true,"href":"https:\/\/3d-smartsolutions.com\/en\/wp-json\/wp\/v2\/product_brand?post=67642"},{"taxonomy":"product_cat","embeddable":true,"href":"https:\/\/3d-smartsolutions.com\/en\/wp-json\/wp\/v2\/product_cat?post=67642"},{"taxonomy":"product_tag","embeddable":true,"href":"https:\/\/3d-smartsolutions.com\/en\/wp-json\/wp\/v2\/product_tag?post=67642"}],"curies":[{"name":"wp","href":"https:\/\/api.w.org\/{rel}","templated":true}]}}