{"id":67648,"date":"2025-06-20T19:22:58","date_gmt":"2025-06-20T12:22:58","guid":{"rendered":"https:\/\/3d-smartsolutions.com\/san-pham\/form-4b\/"},"modified":"2025-12-31T09:34:00","modified_gmt":"2025-12-31T02:34:00","slug":"form-4b","status":"publish","type":"product","link":"https:\/\/3d-smartsolutions.com\/en\/form-4b\/","title":{"rendered":"Formlabs Form 4B"},"content":{"rendered":"<p>Formlabs Form 4B cung c\u1ea5p n\u1ec1n t\u1ea3ng v\u1eefng ch\u1eafc cho c\u00e1c chuy\u00ean gia y t\u1ebf v\u00e0 nha khoa mu\u1ed1n b\u1eaft \u0111\u1ea7u v\u1edbi c\u00f4ng ngh\u1ec7 in 3D y sinh ti\u00ean ti\u1ebfn. G\u00f3i n\u00e0y bao g\u1ed3m m\u00e1y in 3D Form 4B t\u01b0\u01a1ng th\u00edch sinh h\u1ecdc, khay \u0111\u1ef1ng nh\u1ef1a, b\u00e0n in ti\u00eau chu\u1ea9n, b\u1ed9 tr\u1ed9n nh\u1ef1a v\u00e0 b\u1ed9 d\u1ee5ng c\u1ee5 ho\u00e0n thi\u1ec7n c\u01a1 b\u1ea3n, cho ph\u00e9p s\u1ea3n xu\u1ea5t c\u00e1c \u1ee9ng d\u1ee5ng y t\u1ebf ch\u00ednh x\u00e1c v\u00e0 an to\u00e0n<\/p>\n","protected":false},"excerpt":{"rendered":"<p>Formlabs Form 4B cung c\u1ea5p n\u1ec1n t\u1ea3ng v\u1eefng ch\u1eafc cho c\u00e1c chuy\u00ean gia y t\u1ebf v\u00e0 nha khoa mu\u1ed1n b\u1eaft \u0111\u1ea7u v\u1edbi c\u00f4ng ngh\u1ec7 in 3D y sinh ti\u00ean ti\u1ebfn. G\u00f3i n\u00e0y bao g\u1ed3m m\u00e1y in 3D Form 4B t\u01b0\u01a1ng th\u00edch sinh h\u1ecdc, khay \u0111\u1ef1ng nh\u1ef1a, b\u00e0n in ti\u00eau chu\u1ea9n, b\u1ed9 tr\u1ed9n nh\u1ef1a v\u00e0 b\u1ed9 d\u1ee5ng c\u1ee5 ho\u00e0n thi\u1ec7n c\u01a1 b\u1ea3n, cho ph\u00e9p s\u1ea3n xu\u1ea5t c\u00e1c \u1ee9ng d\u1ee5ng y t\u1ebf ch\u00ednh x\u00e1c v\u00e0 an to\u00e0n<\/p>\n","protected":false},"featured_media":68881,"template":"","meta":{"_acf_changed":false},"product_brand":[1140],"product_cat":[856],"product_tag":[],"class_list":{"0":"post-67648","1":"product","2":"type-product","3":"status-publish","4":"has-post-thumbnail","6":"product_brand-formlabs-en","7":"product_cat-3d-printer","9":"first","10":"onbackorder","11":"sold-individually","12":"taxable","13":"shipping-taxable","14":"product-type-variable","15":"has-default-attributes"},"acf":[],"_links":{"self":[{"href":"https:\/\/3d-smartsolutions.com\/en\/wp-json\/wp\/v2\/product\/67648","targetHints":{"allow":["GET"]}}],"collection":[{"href":"https:\/\/3d-smartsolutions.com\/en\/wp-json\/wp\/v2\/product"}],"about":[{"href":"https:\/\/3d-smartsolutions.com\/en\/wp-json\/wp\/v2\/types\/product"}],"wp:featuredmedia":[{"embeddable":true,"href":"https:\/\/3d-smartsolutions.com\/en\/wp-json\/wp\/v2\/media\/68881"}],"wp:attachment":[{"href":"https:\/\/3d-smartsolutions.com\/en\/wp-json\/wp\/v2\/media?parent=67648"}],"wp:term":[{"taxonomy":"product_brand","embeddable":true,"href":"https:\/\/3d-smartsolutions.com\/en\/wp-json\/wp\/v2\/product_brand?post=67648"},{"taxonomy":"product_cat","embeddable":true,"href":"https:\/\/3d-smartsolutions.com\/en\/wp-json\/wp\/v2\/product_cat?post=67648"},{"taxonomy":"product_tag","embeddable":true,"href":"https:\/\/3d-smartsolutions.com\/en\/wp-json\/wp\/v2\/product_tag?post=67648"}],"curies":[{"name":"wp","href":"https:\/\/api.w.org\/{rel}","templated":true}]}}