{"id":67652,"date":"2025-06-20T19:22:58","date_gmt":"2025-06-20T12:22:58","guid":{"rendered":"https:\/\/3d-smartsolutions.com\/san-pham\/formlabs-form-4\/"},"modified":"2025-12-31T09:36:36","modified_gmt":"2025-12-31T02:36:36","slug":"formlabs-form-4","status":"publish","type":"product","link":"https:\/\/3d-smartsolutions.com\/en\/formlabs-form-4\/","title":{"rendered":"Formlabs Form 4"},"content":{"rendered":"<p><b>Formlabs Form 4<\/b> l\u00e0 th\u1ebf h\u1ec7 m\u00e1y in 3D resin (SLA) \u0111\u1ed9t ph\u00e1, \u0111\u01b0\u1ee3c thi\u1ebft k\u1ebf \u0111\u1ec3 mang l\u1ea1i t\u1ed1c \u0111\u1ed9 in v\u01b0\u1ee3t tr\u1ed9i, \u0111\u1ed9 tin c\u1eady cao v\u00e0 ch\u1ea5t l\u01b0\u1ee3ng chi ti\u1ebft \u1ea5n t\u01b0\u1ee3ng. V\u1edbi c\u00f4ng ngh\u1ec7 \u0111\u1ed9c quy\u1ec1n Low Force Display\u2122 (LFD), Form 4 c\u00f3 th\u1ec3 ho\u00e0n th\u00e0nh h\u1ea7u h\u1ebft c\u00e1c b\u1ea3n in ch\u1ec9 trong v\u00f2ng ch\u01b0a \u0111\u1ea7y 2 gi\u1edd, gi\u00fap t\u0103ng n\u0103ng su\u1ea5t l\u00e0m vi\u1ec7c \u0111\u00e1ng k\u1ec3.<\/p>\n","protected":false},"excerpt":{"rendered":"<p><b>Formlabs Form 4<\/b> l\u00e0 th\u1ebf h\u1ec7 m\u00e1y in 3D resin (SLA) \u0111\u1ed9t ph\u00e1, \u0111\u01b0\u1ee3c thi\u1ebft k\u1ebf \u0111\u1ec3 mang l\u1ea1i t\u1ed1c \u0111\u1ed9 in v\u01b0\u1ee3t tr\u1ed9i, \u0111\u1ed9 tin c\u1eady cao v\u00e0 ch\u1ea5t l\u01b0\u1ee3ng chi ti\u1ebft \u1ea5n t\u01b0\u1ee3ng. V\u1edbi c\u00f4ng ngh\u1ec7 \u0111\u1ed9c quy\u1ec1n Low Force Display\u2122 (LFD), Form 4 c\u00f3 th\u1ec3 ho\u00e0n th\u00e0nh h\u1ea7u h\u1ebft c\u00e1c b\u1ea3n in ch\u1ec9 trong v\u00f2ng ch\u01b0a \u0111\u1ea7y 2 gi\u1edd, gi\u00fap t\u0103ng n\u0103ng su\u1ea5t l\u00e0m vi\u1ec7c \u0111\u00e1ng k\u1ec3.<\/p>\n","protected":false},"featured_media":68883,"template":"","meta":{"_acf_changed":false},"product_brand":[1140],"product_cat":[856],"product_tag":[],"class_list":{"0":"post-67652","1":"product","2":"type-product","3":"status-publish","4":"has-post-thumbnail","6":"product_brand-formlabs-en","7":"product_cat-3d-printer","9":"first","10":"onbackorder","11":"sold-individually","12":"taxable","13":"shipping-taxable","14":"product-type-variable","15":"has-default-attributes"},"acf":[],"_links":{"self":[{"href":"https:\/\/3d-smartsolutions.com\/en\/wp-json\/wp\/v2\/product\/67652","targetHints":{"allow":["GET"]}}],"collection":[{"href":"https:\/\/3d-smartsolutions.com\/en\/wp-json\/wp\/v2\/product"}],"about":[{"href":"https:\/\/3d-smartsolutions.com\/en\/wp-json\/wp\/v2\/types\/product"}],"wp:featuredmedia":[{"embeddable":true,"href":"https:\/\/3d-smartsolutions.com\/en\/wp-json\/wp\/v2\/media\/68883"}],"wp:attachment":[{"href":"https:\/\/3d-smartsolutions.com\/en\/wp-json\/wp\/v2\/media?parent=67652"}],"wp:term":[{"taxonomy":"product_brand","embeddable":true,"href":"https:\/\/3d-smartsolutions.com\/en\/wp-json\/wp\/v2\/product_brand?post=67652"},{"taxonomy":"product_cat","embeddable":true,"href":"https:\/\/3d-smartsolutions.com\/en\/wp-json\/wp\/v2\/product_cat?post=67652"},{"taxonomy":"product_tag","embeddable":true,"href":"https:\/\/3d-smartsolutions.com\/en\/wp-json\/wp\/v2\/product_tag?post=67652"}],"curies":[{"name":"wp","href":"https:\/\/api.w.org\/{rel}","templated":true}]}}