{"id":67656,"date":"2025-08-22T14:22:58","date_gmt":"2025-08-22T07:22:58","guid":{"rendered":"https:\/\/3d-smartsolutions.com\/san-pham\/formlabs-form-3b\/"},"modified":"2025-09-12T09:27:56","modified_gmt":"2025-09-12T02:27:56","slug":"formlabs-form-3b","status":"publish","type":"product","link":"https:\/\/3d-smartsolutions.com\/en\/formlabs-form-3b\/","title":{"rendered":"Formlabs Form 3B+"},"content":{"rendered":"<p>M\u00e1y in 3D Formlabs Form 3B+<br \/>In nhanh c\u00e1c b\u1ed9 ph\u1eadn d\u00e0nh ri\u00eang cho b\u1ec7nh nh\u00e2n t\u1ea1i \u0111i\u1ec3m ch\u0103m s\u00f3c, \u0111\u01b0a ho\u1ea1t \u0111\u1ed9ng R&amp;D s\u00e1ng t\u1ea1o v\u00e0 s\u1ea3n xu\u1ea5t th\u01b0\u01a1ng m\u1ea1i v\u00e0o n\u1ed9i b\u1ed9 v\u1edbi Form 3B+, m\u1ed9t m\u00e1y in 3D ti\u00ean ti\u1ebfn d\u00e0nh cho c\u00e1c chuy\u00ean gia ch\u0103m s\u00f3c s\u1ee9c kh\u1ecfe v\u00e0 k\u1ef9 s\u01b0 thi\u1ebft b\u1ecb y t\u1ebf.<\/p>\n","protected":false},"excerpt":{"rendered":"<p>Each Form 3B+ Low Force Stereolithography (LFS)\u2122 3D printer package includes a one-year warranty and the essential tools required to start printing.<\/p>\n<p> Rapidly fabricate accurate, high-quality dental models, appliances, and prosthetics with the Form 3B+, an advanced desktop 3D printer developed for dental professionals. Print a single model in 20 minutes or produce up to 60 models in a single day.<\/p>\n<p> The Form 3B+ is simple to set up and maintain with no specialized training required. Fully validated workflows remove the need for trial and error and give you peace of mind.<\/p>\n","protected":false},"featured_media":68897,"template":"","meta":{"_acf_changed":false},"product_brand":[1140],"product_cat":[856],"product_tag":[],"class_list":{"0":"post-67656","1":"product","2":"type-product","3":"status-publish","4":"has-post-thumbnail","6":"product_brand-formlabs-en","7":"product_cat-3d-printer","9":"first","10":"instock","11":"sale","12":"sold-individually","13":"taxable","14":"shipping-taxable","15":"purchasable","16":"product-type-simple"},"acf":[],"_links":{"self":[{"href":"https:\/\/3d-smartsolutions.com\/en\/wp-json\/wp\/v2\/product\/67656","targetHints":{"allow":["GET"]}}],"collection":[{"href":"https:\/\/3d-smartsolutions.com\/en\/wp-json\/wp\/v2\/product"}],"about":[{"href":"https:\/\/3d-smartsolutions.com\/en\/wp-json\/wp\/v2\/types\/product"}],"wp:featuredmedia":[{"embeddable":true,"href":"https:\/\/3d-smartsolutions.com\/en\/wp-json\/wp\/v2\/media\/68897"}],"wp:attachment":[{"href":"https:\/\/3d-smartsolutions.com\/en\/wp-json\/wp\/v2\/media?parent=67656"}],"wp:term":[{"taxonomy":"product_brand","embeddable":true,"href":"https:\/\/3d-smartsolutions.com\/en\/wp-json\/wp\/v2\/product_brand?post=67656"},{"taxonomy":"product_cat","embeddable":true,"href":"https:\/\/3d-smartsolutions.com\/en\/wp-json\/wp\/v2\/product_cat?post=67656"},{"taxonomy":"product_tag","embeddable":true,"href":"https:\/\/3d-smartsolutions.com\/en\/wp-json\/wp\/v2\/product_tag?post=67656"}],"curies":[{"name":"wp","href":"https:\/\/api.w.org\/{rel}","templated":true}]}}