{"id":67661,"date":"2025-05-27T11:15:09","date_gmt":"2025-05-27T04:15:09","guid":{"rendered":"https:\/\/3d-smartsolutions.com\/san-pham\/modix-big180x-printer\/"},"modified":"2025-09-12T11:01:52","modified_gmt":"2025-09-12T04:01:52","slug":"modix-big180x-printer","status":"publish","type":"product","link":"https:\/\/3d-smartsolutions.com\/en\/modix-big180x-printer\/","title":{"rendered":"Modix BIG-180X"},"content":{"rendered":"<ul>\n<li>\n<p><strong>Kh\u1ed5 in:<\/strong> 1800 x 600 x 600 mm (XYZ)<\/p>\n<\/li>\n<li>\n<p>V\u1edbi tr\u1ee5c X m\u1edf r\u1ed9ng \u0111\u1ebfn 1.8 m\u00e9t, <strong>BIG-180X<\/strong> \u0111\u01b0\u1ee3c thi\u1ebft k\u1ebf \u0111\u1ec3 ch\u1ebf t\u1ea1o c\u00e1c v\u1eadt th\u1ec3 r\u1ea5t d\u00e0i.<\/p>\n<\/li>\n<li>\n<p>C\u00e1c \u1ee9ng d\u1ee5ng \u0111i\u1ec3n h\u00ecnh bao g\u1ed3m d\u1ee5ng c\u1ee5 h\u1ed7 tr\u1ee3 k\u00edch th\u01b0\u1edbc l\u1edbn, c\u00e1c b\u1ed9 ph\u1eadn t\u00f9y ch\u1ec9nh d\u00e0i cho ng\u00e0nh c\u00f4ng nghi\u1ec7p \u00f4 t\u00f4, ho\u1eb7c c\u00e1c m\u00f4 h\u00ecnh ki\u1ebfn tr\u00fac tr\u1ea3i d\u00e0i.<\/p>\n<\/li>\n<\/ul>\n","protected":false},"excerpt":{"rendered":"<p>The Modix BIG-180X is designed for professionals who need extra-wide, industrial-grade 3D printing with precision, speed, and scalability. Featuring an expansive 1,800 x 600 x 660 mm build volume, it enables full-scale prototyping and production of automotive parts, molds, furniture, and architectural models in a single print.<\/p>\n","protected":false},"featured_media":68887,"template":"","meta":{"_acf_changed":false},"product_brand":[1194],"product_cat":[856],"product_tag":[],"class_list":{"0":"post-67661","1":"product","2":"type-product","3":"status-publish","4":"has-post-thumbnail","6":"product_brand-modix-en","7":"product_cat-3d-printer","9":"first","10":"onbackorder","11":"product-type-simple"},"acf":[],"_links":{"self":[{"href":"https:\/\/3d-smartsolutions.com\/en\/wp-json\/wp\/v2\/product\/67661","targetHints":{"allow":["GET"]}}],"collection":[{"href":"https:\/\/3d-smartsolutions.com\/en\/wp-json\/wp\/v2\/product"}],"about":[{"href":"https:\/\/3d-smartsolutions.com\/en\/wp-json\/wp\/v2\/types\/product"}],"wp:featuredmedia":[{"embeddable":true,"href":"https:\/\/3d-smartsolutions.com\/en\/wp-json\/wp\/v2\/media\/68887"}],"wp:attachment":[{"href":"https:\/\/3d-smartsolutions.com\/en\/wp-json\/wp\/v2\/media?parent=67661"}],"wp:term":[{"taxonomy":"product_brand","embeddable":true,"href":"https:\/\/3d-smartsolutions.com\/en\/wp-json\/wp\/v2\/product_brand?post=67661"},{"taxonomy":"product_cat","embeddable":true,"href":"https:\/\/3d-smartsolutions.com\/en\/wp-json\/wp\/v2\/product_cat?post=67661"},{"taxonomy":"product_tag","embeddable":true,"href":"https:\/\/3d-smartsolutions.com\/en\/wp-json\/wp\/v2\/product_tag?post=67661"}],"curies":[{"name":"wp","href":"https:\/\/api.w.org\/{rel}","templated":true}]}}