{"id":67662,"date":"2025-05-27T11:15:09","date_gmt":"2025-05-27T04:15:09","guid":{"rendered":"https:\/\/3d-smartsolutions.com\/san-pham\/modix-everest\/"},"modified":"2025-08-27T13:49:27","modified_gmt":"2025-08-27T06:49:27","slug":"modix-everest","status":"publish","type":"product","link":"https:\/\/3d-smartsolutions.com\/en\/modix-everest\/","title":{"rendered":"Modix Everest"},"content":{"rendered":"<p>Kh\u1ed5 in: 1000 x 1000 x 2000 mm (XYZ)<br \/>\u0110\u00e2y l\u00e0 d\u00f2ng m\u00e1y in c\u00f3 chi\u1ec1u Z l\u1edbn nh\u1ea5t c\u1ee7a Modix, \u0111\u01b0\u1ee3c thi\u1ebft k\u1ebf \u0111\u1ec3 t\u1ea1o ra c\u00e1c s\u1ea3n ph\u1ea9m c\u1ef1c l\u1edbn. Everest l\u00fd t\u01b0\u1edfng cho c\u00e1c \u1ee9ng d\u1ee5ng c\u00f4ng nghi\u1ec7p n\u1eb7ng nh\u01b0 s\u1ea3n xu\u1ea5t nguy\u00ean m\u1eabu \u00f4 t\u00f4 k\u00edch th\u01b0\u1edbc \u0111\u1ea7y \u0111\u1ee7, c\u00e1c b\u1ed9 ph\u1eadn cho ng\u00e0nh h\u00e0ng h\u1ea3i, ho\u1eb7c c\u00e1c c\u00f4ng c\u1ee5 v\u00e0 khu\u00f4n m\u1eabu cho ng\u00e0nh h\u00e0ng kh\u00f4ng v\u0169 tr\u1ee5. M\u00e1y s\u1eed d\u1ee5ng m\u1ed9t h\u1ec7 th\u1ed1ng tr\u1ee5c Z \u0111\u1ed9c \u0111\u00e1o v\u1edbi b\u1ed1n tr\u1ee5c v\u00edt Z \u0111\u01b0\u1ee3c \u0111\u1ed3ng b\u1ed9 h\u00f3a \u0111\u1ec3 \u0111\u1ea3m b\u1ea3o s\u1ef1 \u1ed5n \u0111\u1ecbnh v\u00e0 ch\u00ednh x\u00e1c khi in c\u00e1c v\u1eadt th\u1ec3 r\u1ea5t l\u1edbn v\u00e0 cao.<\/p>\n","protected":false},"excerpt":{"rendered":"<p>Kh\u1ed5 in: 1000 x 1000 x 2000 mm (XYZ)<br \/>\u0110\u00e2y l\u00e0 d\u00f2ng m\u00e1y in c\u00f3 chi\u1ec1u Z l\u1edbn nh\u1ea5t c\u1ee7a Modix, \u0111\u01b0\u1ee3c thi\u1ebft k\u1ebf \u0111\u1ec3 t\u1ea1o ra c\u00e1c s\u1ea3n ph\u1ea9m c\u1ef1c l\u1edbn. Everest l\u00fd t\u01b0\u1edfng cho c\u00e1c \u1ee9ng d\u1ee5ng c\u00f4ng nghi\u1ec7p n\u1eb7ng nh\u01b0 s\u1ea3n xu\u1ea5t nguy\u00ean m\u1eabu \u00f4 t\u00f4 k\u00edch th\u01b0\u1edbc \u0111\u1ea7y \u0111\u1ee7, c\u00e1c b\u1ed9 ph\u1eadn cho ng\u00e0nh h\u00e0ng h\u1ea3i, ho\u1eb7c c\u00e1c c\u00f4ng c\u1ee5 v\u00e0 khu\u00f4n m\u1eabu cho ng\u00e0nh h\u00e0ng kh\u00f4ng v\u0169 tr\u1ee5. M\u00e1y s\u1eed d\u1ee5ng m\u1ed9t h\u1ec7 th\u1ed1ng tr\u1ee5c Z \u0111\u1ed9c \u0111\u00e1o v\u1edbi b\u1ed1n tr\u1ee5c v\u00edt Z \u0111\u01b0\u1ee3c \u0111\u1ed3ng b\u1ed9 h\u00f3a \u0111\u1ec3 \u0111\u1ea3m b\u1ea3o s\u1ef1 \u1ed5n \u0111\u1ecbnh v\u00e0 ch\u00ednh x\u00e1c khi in c\u00e1c v\u1eadt th\u1ec3 r\u1ea5t l\u1edbn v\u00e0 cao.<\/p>\n","protected":false},"featured_media":68885,"template":"","meta":{"_acf_changed":false},"product_brand":[1194],"product_cat":[856],"product_tag":[],"class_list":{"0":"post-67662","1":"product","2":"type-product","3":"status-publish","4":"has-post-thumbnail","6":"product_brand-modix-en","7":"product_cat-3d-printer","9":"first","10":"instock","11":"taxable","12":"shipping-taxable","13":"product-type-simple"},"acf":[],"_links":{"self":[{"href":"https:\/\/3d-smartsolutions.com\/en\/wp-json\/wp\/v2\/product\/67662","targetHints":{"allow":["GET"]}}],"collection":[{"href":"https:\/\/3d-smartsolutions.com\/en\/wp-json\/wp\/v2\/product"}],"about":[{"href":"https:\/\/3d-smartsolutions.com\/en\/wp-json\/wp\/v2\/types\/product"}],"wp:featuredmedia":[{"embeddable":true,"href":"https:\/\/3d-smartsolutions.com\/en\/wp-json\/wp\/v2\/media\/68885"}],"wp:attachment":[{"href":"https:\/\/3d-smartsolutions.com\/en\/wp-json\/wp\/v2\/media?parent=67662"}],"wp:term":[{"taxonomy":"product_brand","embeddable":true,"href":"https:\/\/3d-smartsolutions.com\/en\/wp-json\/wp\/v2\/product_brand?post=67662"},{"taxonomy":"product_cat","embeddable":true,"href":"https:\/\/3d-smartsolutions.com\/en\/wp-json\/wp\/v2\/product_cat?post=67662"},{"taxonomy":"product_tag","embeddable":true,"href":"https:\/\/3d-smartsolutions.com\/en\/wp-json\/wp\/v2\/product_tag?post=67662"}],"curies":[{"name":"wp","href":"https:\/\/api.w.org\/{rel}","templated":true}]}}